{"id":25711,"date":"2021-02-21T14:58:55","date_gmt":"2021-02-21T14:58:55","guid":{"rendered":"https:\/\/www.autonvaraosahaku.fi\/?product=vaico-v60-0110-moottorioljy"},"modified":"2021-02-21T14:58:57","modified_gmt":"2021-02-21T14:58:57","slug":"vaico-v60-0110-moottorioljy","status":"publish","type":"product","link":"https:\/\/www.autonvaraosahaku.fi\/?product=vaico-v60-0110-moottorioljy","title":{"rendered":"VAICO V60-0110 Moottori\u00f6ljy"},"content":{"rendered":"<p>Tilavuus (litra): 5; Pakkaustyyppi: Kanisteri; Viskositeettiluokka SAE: 5W-30; Erittely: ACEA A1, API SM, ILSAC GF-2, ACEA B1, API CF; Valmistajan hyv\u00e4ksym\u00e4: Ford WSS-M2C913-A, Ford WSS-M2C913-B, Ford WSS-M2C913-C, Ford WSS-M2C913-D; \u00d6ljy: Synteettinen \u00f6ljy; Tuotelinja: Special F; Moottorinumero: TZJA Duratorq; MAZDA: 5 CR19,3 BK,CX-5 KE, GH,6 Kombi GH,2 DE,CX-7 ER,6 GG,3 BL,5 CW,MX-5 III NC,6 Kombi GJ, GH,6 Schr\u00e4gheck GH,RX 8 SE17,3 Stufenheck BK,6 GH,MPV II LW,6 Stufenheck GJ, GH,3 Stufenheck BL,CX-9 TB; CHEVROLET: CAPTIVA C100, C140,MATIZ M200, M250,NUBIRA Kombi,KALOS,EPICA KL1_,LACETTI J200,AVEO Stufenheck T250, T255,REZZO,KALOS Stufenheck,EVANDA,NUBIRA Stufenheck,TAHOE B2W,SPARK M200 M250,SPARK M150,AVALANCHE; JEEP: GRAND CHEROKEE II WJ, WG,CHEROKEE KJ,WRANGLER II TJ; DAEWOO: KALOS KLAS,MATIZ KLYA,REZZO KLAU,EVANDA KLAL,LACETTI Schr\u00e4gheck KLAN,NUBIRA Stufenheck KLAN,KALOS Stufenheck KLAS,NUBIRA Wagon KLAN; NISSAN: QASHQAI \/ QASHQAI +2 J10, JJ10,X-TRAIL T30,NOTE E11,ALMERA II Hatchback N16,NAVARA D40,JUKE F15,PATHFINDER R51,X-TRAIL T31,MICRA IV K13,350 Z Z33,MURANO Z50,NAVARA Pritsche\/Fahrgestell D40,NOTE E12,TIIDA Schr\u00e4gheck,MURANO Z51,ALMERA Mk II N16,370 Z Z34,350 Z Roadster Z33,CUBE Z12,TIIDA Stufenheck SC11X,370 Z Roadster Z34,TEANA II J32,PATROL III Y62,SENTRA B15,TEANA I J31; KIA: PICANTO BA,SPORTAGE SL,CEE&#8217;D SW ED,CEE&#8217;D Schr\u00e4gheck ED,SPORTAGE JE_, KM_,VENGA YN,SORENTO II XM,CARENS II FJ,RIO III UB,CEE&#8217;D JD,CARNIVAL II GQ,CARNIVAL \/ GRAND CARNIVAL III VQ,PICANTO TA,CEE`D Sportswagon JD,PRO CEE&#8217;D ED,CARENS IV,CERATO LD,MAGENTIS MG,PRO CEE\u00b4D JD,CERATO Stufenheck LD,OPTIMA,RIO III Stufenheck UB,CARNIVAL I UP,CERATO II Stufenheck TD; LEXUS: IS II GSE2_, ALE2_, USE2_,RX MHU3_, GSU3_, MCU3_,IS I JCE1_, GXE1_,GS GRS19_, UZS19_, GWS19_,RX GYL1_, GGL15, AGL10,GS UZS161, JZS160,IS SportCross,RX MCU15,IS III GSE3_, AVE3_,LS UVF4_, USF4_,GS GRL1_, GWL1_,SC UZZ40_,LS UCF30; FORD USA: MUSTANG Coupe,MUSTANG Convertible,EXPLORER,EXPEDITION,ESCAPE,THUNDERBIRD Cabriolet; HONDA: CIVIC VIII Hatchback FN, FK,JAZZ II GD,CR-V III RE,CIVIC VII Hatchback EU, EP, EV,JAZZ III GE,ACCORD VII CL,FR-V BE,ACCORD VIII CU,ACCORD VII Tourer CM,ACCORD VIII Kombi,CIVIC VII Coupe EM2,CIVIC VIII Stufenheck FD, FA,JAZZ Stufenheck,INSIGHT ZE_,CR-Z ZF1,CIVIC VII Stufenheck ES,LEGEND IV KB_,ACCORD VII CM; LAND ROVER: FREELANDER 2 FA_,DEFENDER Station Wagon LD,RANGE ROVER SPORT LS,RANGE ROVER EVOQUE LV,RANGE ROVER III LM,DISCOVERY III TAA,DISCOVERY IV LA,DEFENDER Pick-up LD_,DEFENDER Cabrio LD,RANGE ROVER SPORT LW,RANGE ROVER IV LG,DEFENDER Pritsche\/Fahrgestell LD,DISCOVERY SPORT LC,RANGE ROVER EVOQUE Cabriolet LV_; 1343796, 4U7JM2C913D8BA, FO1343796, WSSM2C913A, WSSM2C913B, WSSM2C913C, WSSM2C913D<\/p>\n","protected":false},"excerpt":{"rendered":"<p>VAICO Moottori\u00f6ljy V60-0110<\/p>\n","protected":false},"featured_media":0,"template":"","meta":{"site-sidebar-layout":"default","site-content-layout":"default","ast-global-header-display":"","ast-main-header-display":"","ast-hfb-above-header-display":"","ast-hfb-below-header-display":"","ast-hfb-mobile-header-display":"","site-post-title":"","ast-breadcrumbs-content":"","ast-featured-img":"","footer-sml-layout":"","theme-transparent-header-meta":"","adv-header-id-meta":"","stick-header-meta":"","header-above-stick-meta":"","header-main-stick-meta":"","header-below-stick-meta":""},"pwb-brand":[330],"product_cat":[129],"product_tag":[],"class_list":{"0":"post-25711","1":"product","2":"type-product","3":"status-publish","5":"pwb-brand-vaico","6":"product_cat-moottorioljy","7":"desktop-align-left","8":"tablet-align-left","9":"mobile-align-left","11":"first","12":"instock","13":"product-type-external"},"brands":[{"id":330,"name":"VAICO","slug":"vaico"}],"_links":{"self":[{"href":"https:\/\/www.autonvaraosahaku.fi\/index.php?rest_route=\/wp\/v2\/product\/25711","targetHints":{"allow":["GET"]}}],"collection":[{"href":"https:\/\/www.autonvaraosahaku.fi\/index.php?rest_route=\/wp\/v2\/product"}],"about":[{"href":"https:\/\/www.autonvaraosahaku.fi\/index.php?rest_route=\/wp\/v2\/types\/product"}],"wp:attachment":[{"href":"https:\/\/www.autonvaraosahaku.fi\/index.php?rest_route=%2Fwp%2Fv2%2Fmedia&parent=25711"}],"wp:term":[{"taxonomy":"pwb-brand","embeddable":true,"href":"https:\/\/www.autonvaraosahaku.fi\/index.php?rest_route=%2Fwp%2Fv2%2Fpwb-brand&post=25711"},{"taxonomy":"product_cat","embeddable":true,"href":"https:\/\/www.autonvaraosahaku.fi\/index.php?rest_route=%2Fwp%2Fv2%2Fproduct_cat&post=25711"},{"taxonomy":"product_tag","embeddable":true,"href":"https:\/\/www.autonvaraosahaku.fi\/index.php?rest_route=%2Fwp%2Fv2%2Fproduct_tag&post=25711"}],"curies":[{"name":"wp","href":"https:\/\/api.w.org\/{rel}","templated":true}]}}