{"id":25743,"date":"2021-02-21T14:59:04","date_gmt":"2021-02-21T14:59:04","guid":{"rendered":"https:\/\/www.autonvaraosahaku.fi\/?product=ate-24-0126-0150-1-jarrulevyt"},"modified":"2021-02-21T14:59:05","modified_gmt":"2021-02-21T14:59:05","slug":"ate-24-0126-0150-1-jarrulevyt","status":"publish","type":"product","link":"https:\/\/www.autonvaraosahaku.fi\/?product=ate-24-0126-0150-1-jarrulevyt","title":{"rendered":"ATE 24.0126-0150.1 Jarrulevyt"},"content":{"rendered":"<p>Ulkol\u00e4pimitta [mm]: 280,0; Jarrulevyn paksuus (mm): 26,0; V\u00e4himm\u00e4ispaksuus (mm): 24,4; Jarrulevytyyppi: Tuuletettu; K\u00e4sittely: Seostettu \/ hiilletty; Pinta: pinnoitettu; Reikien m\u00e4\u00e4r\u00e4: 5; MAPP-koodi saatavilla: ; Reik\u00e4ympyr\u00e4-\u00d8 [mm]: 114,3; Korkeus (mm): 47,2; keskitt\u00e4misl\u00e4pimitta [mm]: 69,0; Sis\u00e4l\u00e4pimitta [mm]: 143,5; Reik\u00e4-\u00d8 [mm]: 12,5; Tarkistuskilpi: E1 90R-02C0115\/0349; Asennuspuoli: Vorderachse; HYUNDAI: i30 FD,i30 CW FD,ix20 JC,i30 CW GD; KIA: CEE&#8217;D SW ED,CEE&#8217;D Schr\u00e4gheck ED,VENGA YN,PRO CEE&#8217;D ED,SOUL AM,SOUL II PS; 517121H000, 517121H100, 517121H000, 517121H100, 517122K100; Jarrulevy<\/p>\n","protected":false},"excerpt":{"rendered":"<p>ATE Jarrulevyt 24.0126-0150.1 Jarrulevy HYUNDAI,KIA,i30 FD,i30 CW FD,ix20 JC,i30 CW GD,CEE&#8217;D SW ED,CEE&#8217;D Schr\u00e4gheck ED,VENGA YN,PRO CEE&#8217;D ED<\/p>\n","protected":false},"featured_media":0,"template":"","meta":{"site-sidebar-layout":"default","site-content-layout":"default","ast-global-header-display":"","ast-main-header-display":"","ast-hfb-above-header-display":"","ast-hfb-below-header-display":"","ast-hfb-mobile-header-display":"","site-post-title":"","ast-breadcrumbs-content":"","ast-featured-img":"","footer-sml-layout":"","theme-transparent-header-meta":"","adv-header-id-meta":"","stick-header-meta":"","header-above-stick-meta":"","header-main-stick-meta":"","header-below-stick-meta":""},"pwb-brand":[108],"product_cat":[66],"product_tag":[],"class_list":{"0":"post-25743","1":"product","2":"type-product","3":"status-publish","5":"pwb-brand-ate","6":"product_cat-jarrulevyt","7":"desktop-align-left","8":"tablet-align-left","9":"mobile-align-left","11":"first","12":"instock","13":"product-type-external"},"brands":[{"id":108,"name":"ATE","slug":"ate"}],"_links":{"self":[{"href":"https:\/\/www.autonvaraosahaku.fi\/index.php?rest_route=\/wp\/v2\/product\/25743","targetHints":{"allow":["GET"]}}],"collection":[{"href":"https:\/\/www.autonvaraosahaku.fi\/index.php?rest_route=\/wp\/v2\/product"}],"about":[{"href":"https:\/\/www.autonvaraosahaku.fi\/index.php?rest_route=\/wp\/v2\/types\/product"}],"wp:attachment":[{"href":"https:\/\/www.autonvaraosahaku.fi\/index.php?rest_route=%2Fwp%2Fv2%2Fmedia&parent=25743"}],"wp:term":[{"taxonomy":"pwb-brand","embeddable":true,"href":"https:\/\/www.autonvaraosahaku.fi\/index.php?rest_route=%2Fwp%2Fv2%2Fpwb-brand&post=25743"},{"taxonomy":"product_cat","embeddable":true,"href":"https:\/\/www.autonvaraosahaku.fi\/index.php?rest_route=%2Fwp%2Fv2%2Fproduct_cat&post=25743"},{"taxonomy":"product_tag","embeddable":true,"href":"https:\/\/www.autonvaraosahaku.fi\/index.php?rest_route=%2Fwp%2Fv2%2Fproduct_tag&post=25743"}],"curies":[{"name":"wp","href":"https:\/\/api.w.org\/{rel}","templated":true}]}}