{"id":25766,"date":"2021-02-21T14:59:08","date_gmt":"2021-02-21T14:59:08","guid":{"rendered":"https:\/\/www.autonvaraosahaku.fi\/?product=febi-bilstein-18538-pyoranpultit"},"modified":"2021-02-21T14:59:10","modified_gmt":"2021-02-21T14:59:10","slug":"febi-bilstein-18538-pyoranpultit","status":"publish","type":"product","link":"https:\/\/www.autonvaraosahaku.fi\/?product=febi-bilstein-18538-pyoranpultit","title":{"rendered":"FEBI BILSTEIN 18538 Py\u00f6r\u00e4npultit"},"content":{"rendered":"<p>Pituus (mm): 55; Ulkol\u00e4pimitta [mm]: 22,8; Ulkokierre [mm]: M14 x 1,5; Kierteen pituus (mm): 28; Laatu \/ luokka: 10.9; Avainv\u00e4li: 17; Ruuvikanta\/mutteriprofiili: Kuusioruuvi \/-mutteri; Py\u00f6r\u00e4n kiinnitys: Kartiolaippa F; Runkopituus [mm]: 5; Materiaali: Ter\u00e4s; Pinta: Fosfatoitu; Ruuvin pituus ilman p\u00e4\u00e4t\u00e4: 33; Asennuspuoli: Etuakseli, Taka-akseli; Paino [kg]: 0,073; Huomioi huolto-ohjeet: , ; Moottorinumero: N62; BMW: X3 E83,7 E65, E66, E67; ALPINA: B7 E65; 36136781152, 36136754067, 36136758730, 36136781152; Py\u00f6r\u00e4nruuvi<\/p>\n","protected":false},"excerpt":{"rendered":"<p>FEBI BILSTEIN Py\u00f6r\u00e4npultit 18538 Py\u00f6r\u00e4nruuvi BMW,ALPINA,X3 E83,7 E65, E66, E67,B7 E65<\/p>\n","protected":false},"featured_media":0,"template":"","meta":{"site-sidebar-layout":"default","site-content-layout":"default","ast-global-header-display":"","ast-main-header-display":"","ast-hfb-above-header-display":"","ast-hfb-below-header-display":"","ast-hfb-mobile-header-display":"","site-post-title":"","ast-breadcrumbs-content":"","ast-featured-img":"","footer-sml-layout":"","theme-transparent-header-meta":"","adv-header-id-meta":"","stick-header-meta":"","header-above-stick-meta":"","header-main-stick-meta":"","header-below-stick-meta":""},"pwb-brand":[50],"product_cat":[51],"product_tag":[],"class_list":{"0":"post-25766","1":"product","2":"type-product","3":"status-publish","5":"pwb-brand-febi-bilstein","6":"product_cat-pyoranpultit","7":"desktop-align-left","8":"tablet-align-left","9":"mobile-align-left","11":"first","12":"instock","13":"product-type-external"},"brands":[{"id":50,"name":"FEBI BILSTEIN","slug":"febi-bilstein"}],"_links":{"self":[{"href":"https:\/\/www.autonvaraosahaku.fi\/index.php?rest_route=\/wp\/v2\/product\/25766","targetHints":{"allow":["GET"]}}],"collection":[{"href":"https:\/\/www.autonvaraosahaku.fi\/index.php?rest_route=\/wp\/v2\/product"}],"about":[{"href":"https:\/\/www.autonvaraosahaku.fi\/index.php?rest_route=\/wp\/v2\/types\/product"}],"wp:attachment":[{"href":"https:\/\/www.autonvaraosahaku.fi\/index.php?rest_route=%2Fwp%2Fv2%2Fmedia&parent=25766"}],"wp:term":[{"taxonomy":"pwb-brand","embeddable":true,"href":"https:\/\/www.autonvaraosahaku.fi\/index.php?rest_route=%2Fwp%2Fv2%2Fpwb-brand&post=25766"},{"taxonomy":"product_cat","embeddable":true,"href":"https:\/\/www.autonvaraosahaku.fi\/index.php?rest_route=%2Fwp%2Fv2%2Fproduct_cat&post=25766"},{"taxonomy":"product_tag","embeddable":true,"href":"https:\/\/www.autonvaraosahaku.fi\/index.php?rest_route=%2Fwp%2Fv2%2Fproduct_tag&post=25766"}],"curies":[{"name":"wp","href":"https:\/\/api.w.org\/{rel}","templated":true}]}}