{"id":25778,"date":"2021-02-21T14:59:08","date_gmt":"2021-02-21T14:59:08","guid":{"rendered":"https:\/\/www.autonvaraosahaku.fi\/?product=trw-jhm3189t-iskunvaimennin"},"modified":"2021-02-21T14:59:12","modified_gmt":"2021-02-21T14:59:12","slug":"trw-jhm3189t-iskunvaimennin","status":"publish","type":"product","link":"https:\/\/www.autonvaraosahaku.fi\/?product=trw-jhm3189t-iskunvaimennin","title":{"rendered":"TRW JHM3189T Iskunvaimennin"},"content":{"rendered":"<p>Lukum\u00e4\u00e4r\u00e4 akselille: 1; Asennuspuoli: Etuakseli; Iskunvaimennin tyyppi: \u00d6ljypaine; Iskunvaimennin malli: Joustintuki; Huomioi tekniset tiedot: ; lis\u00e4tieto: TWIN; Alustarakenne: f\u00fcr Fahrzeuge ohne verst\u00e4rktes Fahrwerk; PEUGEOT: 306 Schr\u00e4gheck 7A, 7C, N3, N5,306 Cabriolet 7D, N3, N5,PARTNER Combispace 5F,PARTNER Kasten 5,306 Break 7E, N3, N5,306 7B, N3, N5,306 Van N_, 7_,PARTNER Pritsche\/Fahrgestell; CITRO\u00cbN: BERLINGO MF,BERLINGO Kasten M_,XSARA N1,XSARA Break N2,XSARA Coupe N0,ZX N2,ZX Break N2; 5202ET, 5202EV, 5202GG, 5202GH, 5202GQ, 5202H3, 5202Q0, 5202Q1, 5202Q3, 5202Q5, 5202R7, 5202R8, 5202V4, 5202V5, 5202V6, 5202V7, 5208N0, 5208N1, 96152064, 96152101, 9632206880, 9632206980, 5202FQ, 5202G5, 5202GG, 5202GH, 5202GK, 5202GN, 5202GQ, 5202GS, 5202JT, 5202Q0, 5202Q2, 5202Q3, 5202Q4, 5202Q6, 5202R8, 5202S3, 5202S5, 5202S7, 5202T1, 5202V3, 5202Z9, 5208N0, 5208N1; Iskarit,Iskunvaimennin<\/p>\n","protected":false},"excerpt":{"rendered":"<p>TRW Iskunvaimentimet JHM3189T Iskarit,Iskunvaimennin PEUGEOT,CITRO\u00cbN,306 Schr\u00e4gheck 7A, 7C, N3, N5,306 Cabriolet 7D, N3, N5,PARTNER Combispace 5F<\/p>\n","protected":false},"featured_media":0,"template":"","meta":{"site-sidebar-layout":"default","site-content-layout":"default","ast-global-header-display":"","ast-main-header-display":"","ast-hfb-above-header-display":"","ast-hfb-below-header-display":"","ast-hfb-mobile-header-display":"","site-post-title":"","ast-breadcrumbs-content":"","ast-featured-img":"","footer-sml-layout":"","theme-transparent-header-meta":"","adv-header-id-meta":"","stick-header-meta":"","header-above-stick-meta":"","header-main-stick-meta":"","header-below-stick-meta":""},"pwb-brand":[332],"product_cat":[80],"product_tag":[],"class_list":{"0":"post-25778","1":"product","2":"type-product","3":"status-publish","5":"pwb-brand-trw","6":"product_cat-iskunvaimennin","7":"desktop-align-left","8":"tablet-align-left","9":"mobile-align-left","11":"first","12":"instock","13":"product-type-external"},"brands":[{"id":332,"name":"TRW","slug":"trw"}],"_links":{"self":[{"href":"https:\/\/www.autonvaraosahaku.fi\/index.php?rest_route=\/wp\/v2\/product\/25778","targetHints":{"allow":["GET"]}}],"collection":[{"href":"https:\/\/www.autonvaraosahaku.fi\/index.php?rest_route=\/wp\/v2\/product"}],"about":[{"href":"https:\/\/www.autonvaraosahaku.fi\/index.php?rest_route=\/wp\/v2\/types\/product"}],"wp:attachment":[{"href":"https:\/\/www.autonvaraosahaku.fi\/index.php?rest_route=%2Fwp%2Fv2%2Fmedia&parent=25778"}],"wp:term":[{"taxonomy":"pwb-brand","embeddable":true,"href":"https:\/\/www.autonvaraosahaku.fi\/index.php?rest_route=%2Fwp%2Fv2%2Fpwb-brand&post=25778"},{"taxonomy":"product_cat","embeddable":true,"href":"https:\/\/www.autonvaraosahaku.fi\/index.php?rest_route=%2Fwp%2Fv2%2Fproduct_cat&post=25778"},{"taxonomy":"product_tag","embeddable":true,"href":"https:\/\/www.autonvaraosahaku.fi\/index.php?rest_route=%2Fwp%2Fv2%2Fproduct_tag&post=25778"}],"curies":[{"name":"wp","href":"https:\/\/api.w.org\/{rel}","templated":true}]}}