{"id":25826,"date":"2021-02-21T14:59:22","date_gmt":"2021-02-21T14:59:22","guid":{"rendered":"https:\/\/www.autonvaraosahaku.fi\/?product=ridex-83b0110-jarruletku"},"modified":"2021-02-21T14:59:23","modified_gmt":"2021-02-21T14:59:23","slug":"ridex-83b0110-jarruletku","status":"publish","type":"product","link":"https:\/\/www.autonvaraosahaku.fi\/?product=ridex-83b0110-jarruletku","title":{"rendered":"RIDEX 83B0110 Jarruletku"},"content":{"rendered":"<p>Pituus (mm): 310; Sis\u00e4kierre 1 [mm]: M10x1; Sis\u00e4kierre 2 [mm]: M10x1; Avainv\u00e4li: 14\/14; Asennuspuoli: Etuakseli; Tarvittava kappalem\u00e4\u00e4r\u00e4: 4; BMW: 3 E30,02 E10,6 E24,3 E21,7 E23,5 E12,02 Touring E6,02 Cabriolet E10; 34321102567, 34321113184, 34321115694, 34321159879<\/p>\n","protected":false},"excerpt":{"rendered":"<p>RIDEX Jarruletku 83B0110  BMW,3 E30,02 E10,6 E24,3 E21,7 E23,5 E12,02 Touring E6,02 Cabriolet E10<\/p>\n","protected":false},"featured_media":0,"template":"","meta":{"site-sidebar-layout":"default","site-content-layout":"default","ast-global-header-display":"","ast-main-header-display":"","ast-hfb-above-header-display":"","ast-hfb-below-header-display":"","ast-hfb-mobile-header-display":"","site-post-title":"","ast-breadcrumbs-content":"","ast-featured-img":"","footer-sml-layout":"","theme-transparent-header-meta":"","adv-header-id-meta":"","stick-header-meta":"","header-above-stick-meta":"","header-main-stick-meta":"","header-below-stick-meta":""},"pwb-brand":[157],"product_cat":[70],"product_tag":[],"class_list":{"0":"post-25826","1":"product","2":"type-product","3":"status-publish","5":"pwb-brand-ridex","6":"product_cat-jarruletku","7":"desktop-align-left","8":"tablet-align-left","9":"mobile-align-left","11":"first","12":"instock","13":"product-type-external"},"brands":[{"id":157,"name":"RIDEX","slug":"ridex"}],"_links":{"self":[{"href":"https:\/\/www.autonvaraosahaku.fi\/index.php?rest_route=\/wp\/v2\/product\/25826","targetHints":{"allow":["GET"]}}],"collection":[{"href":"https:\/\/www.autonvaraosahaku.fi\/index.php?rest_route=\/wp\/v2\/product"}],"about":[{"href":"https:\/\/www.autonvaraosahaku.fi\/index.php?rest_route=\/wp\/v2\/types\/product"}],"wp:attachment":[{"href":"https:\/\/www.autonvaraosahaku.fi\/index.php?rest_route=%2Fwp%2Fv2%2Fmedia&parent=25826"}],"wp:term":[{"taxonomy":"pwb-brand","embeddable":true,"href":"https:\/\/www.autonvaraosahaku.fi\/index.php?rest_route=%2Fwp%2Fv2%2Fpwb-brand&post=25826"},{"taxonomy":"product_cat","embeddable":true,"href":"https:\/\/www.autonvaraosahaku.fi\/index.php?rest_route=%2Fwp%2Fv2%2Fproduct_cat&post=25826"},{"taxonomy":"product_tag","embeddable":true,"href":"https:\/\/www.autonvaraosahaku.fi\/index.php?rest_route=%2Fwp%2Fv2%2Fproduct_tag&post=25826"}],"curies":[{"name":"wp","href":"https:\/\/api.w.org\/{rel}","templated":true}]}}