{"id":25852,"date":"2021-02-21T14:59:26","date_gmt":"2021-02-21T14:59:26","guid":{"rendered":"https:\/\/www.autonvaraosahaku.fi\/?product=topran-820-209-pissapojan-pumppu"},"modified":"2021-02-21T14:59:29","modified_gmt":"2021-02-21T14:59:29","slug":"topran-820-209-pissapojan-pumppu","status":"publish","type":"product","link":"https:\/\/www.autonvaraosahaku.fi\/?product=topran-820-209-pissapojan-pumppu","title":{"rendered":"TOPRAN 820 209 Pissapojan pumppu"},"content":{"rendered":"<p>Pumpputyyppi: Kaksoispumppu; Pistokkeen kotelon muoto: suorakulmainen (rectangular); K\u00e4ytt\u00f6: S\u00e4hk\u00f6inen; Korvaava tuote\/korvaava tiedote 2: tuulilasinpuhdistukseen, takalasin puhdistukseen; Napojen m\u00e4\u00e4r\u00e4: 3; Nimellisj\u00e4nnite (V): 12; Varusteet: f\u00fcr Fahrzeuge mit Heckscheibenwischer; KIA: SORENTO I JC,SORENTO II XM,CARENS II FJ,RIO III UB,RIO II JB,CEE&#8217;D JD,CARENS III UN,CEE`D Sportswagon JD,RIO Kombi DC,SOUL AM,CERATO LD,PRO CEE\u00b4D JD,RIO II Stufenheck JB,RIO Stufenheck DC_,RIO III Stufenheck UB,SPORTAGE QL,OPTIMA; HYUNDAI: GETZ TB,SANTA F\u00c9 I SM,SANTA F\u00c9 II CM,i30 GD,i30 CW GD,SANTA F\u00c9 III DM,ACCENT III MC,ELANTRA XD,ACCENT III Stufenheck MC,TUCSON; 0K2FB67483, 985101C100, 985101W000, 9851026100, 985102J000, 985102J500, 985102K000, 985103E000, 98510FD100, 0K2FB67483, 985101C100, 985101W000, 9851026100, 985102J000, 985102J500, 985102K000, 985103E000, 98510FD100; Pesurin Pumppu,Lasinpesurin Pumppu,Pesunestepumppu, Lasinpesu<\/p>\n","protected":false},"excerpt":{"rendered":"<p>TOPRAN Pissapojan Pumppu 820 209 Pesurin Pumppu,Lasinpesurin Pumppu KIA,HYUNDAI,SORENTO I JC,SORENTO II XM,CARENS II FJ,RIO III UB,RIO II JB,CEE&#8217;D JD<\/p>\n","protected":false},"featured_media":0,"template":"","meta":{"site-sidebar-layout":"default","site-content-layout":"default","ast-global-header-display":"","ast-main-header-display":"","ast-hfb-above-header-display":"","ast-hfb-below-header-display":"","ast-hfb-mobile-header-display":"","site-post-title":"","ast-breadcrumbs-content":"","ast-featured-img":"","footer-sml-layout":"","theme-transparent-header-meta":"","adv-header-id-meta":"","stick-header-meta":"","header-above-stick-meta":"","header-main-stick-meta":"","header-below-stick-meta":""},"pwb-brand":[18],"product_cat":[182],"product_tag":[],"class_list":{"0":"post-25852","1":"product","2":"type-product","3":"status-publish","5":"pwb-brand-topran","6":"product_cat-pissapojan-pumppu","7":"desktop-align-left","8":"tablet-align-left","9":"mobile-align-left","11":"first","12":"instock","13":"product-type-external"},"brands":[{"id":18,"name":"TOPRAN","slug":"topran"}],"_links":{"self":[{"href":"https:\/\/www.autonvaraosahaku.fi\/index.php?rest_route=\/wp\/v2\/product\/25852","targetHints":{"allow":["GET"]}}],"collection":[{"href":"https:\/\/www.autonvaraosahaku.fi\/index.php?rest_route=\/wp\/v2\/product"}],"about":[{"href":"https:\/\/www.autonvaraosahaku.fi\/index.php?rest_route=\/wp\/v2\/types\/product"}],"wp:attachment":[{"href":"https:\/\/www.autonvaraosahaku.fi\/index.php?rest_route=%2Fwp%2Fv2%2Fmedia&parent=25852"}],"wp:term":[{"taxonomy":"pwb-brand","embeddable":true,"href":"https:\/\/www.autonvaraosahaku.fi\/index.php?rest_route=%2Fwp%2Fv2%2Fpwb-brand&post=25852"},{"taxonomy":"product_cat","embeddable":true,"href":"https:\/\/www.autonvaraosahaku.fi\/index.php?rest_route=%2Fwp%2Fv2%2Fproduct_cat&post=25852"},{"taxonomy":"product_tag","embeddable":true,"href":"https:\/\/www.autonvaraosahaku.fi\/index.php?rest_route=%2Fwp%2Fv2%2Fproduct_tag&post=25852"}],"curies":[{"name":"wp","href":"https:\/\/api.w.org\/{rel}","templated":true}]}}