{"id":25875,"date":"2021-02-21T14:59:31","date_gmt":"2021-02-21T14:59:31","guid":{"rendered":"https:\/\/www.autonvaraosahaku.fi\/?product=beru-z16-sytytystulpat"},"modified":"2021-02-21T14:59:34","modified_gmt":"2021-02-21T14:59:34","slug":"beru-z16-sytytystulpat","status":"publish","type":"product","link":"https:\/\/www.autonvaraosahaku.fi\/?product=beru-z16-sytytystulpat","title":{"rendered":"BERU Z16 Sytytystulpat"},"content":{"rendered":"<p>K\u00e4rkiv\u00e4li (mm): 1,1; Liittimet: SAE; Kierremitta: M14x1,25; Avainv\u00e4li: 16; Sytytystulppa: 1-maaelektroodi, suoralla istukalla; Kierteen pituus (mm): 19; Teknisten tietojen numero: 14 FR-7 DUX; Itsepalvelupakattu, katso osaluettelo: ; Kiristysmomentti > [Nm]: 20; Kiristysmomentti enint\u00e4\u00e4n [Nm]: 30; Tuotelinja: ULTRA; S\u00e4\u00e4dett\u00e4va k\u00e4rkiv\u00e4li [mm]: 1,0; MAZDA: 323 F VI BJ,PREMACY CP,MX-5 I NA,DEMIO DW,323 P V BA,626 IV Hatchback GE,MX-3 EC,FAMILIA VI BJ,XEDOS 6 CA,323 C IV BG,FAMILIA IV BF,XEDOS 9 TA,626 IV GE,FAMILIA V BA,FAMILIA V BG8,323 III Hatchback BF,121 II DB,MX-6 GE,626 III GD,FAMILIA IV BG,626 III Hatchback GD,626 III Coupe GD,E-SERIE Kasten SR2,626 III Station Wagon GV,MPV I LV; CHEVROLET: NUBIRA Kombi,CRUZE J300,KALOS,CRUZE Schr\u00e4gheck J305,LACETTI J200,AVEO Stufenheck T250, T255,REZZO,NUBIRA Stufenheck,LACETTI Kombi J200; DAEWOO: KALOS KLAS,LANOS KLAT,LACETTI Schr\u00e4gheck KLAN,NUBIRA Stufenheck KLAN,KALOS Stufenheck KLAS,NUBIRA Wagon KLAN,NUBIRA Wagon KLAJ,LANOS Stufenheck KLAT,NEXIA KLETN,NUBIRA Stufenheck KLAJ,ESPERO KLEJ,NUBIRA KLAJ,NEXIA Stufenheck KLETN,NEXIA Stufenheck; LADA: KALINA Kombi 1117,KALINA Schr\u00e4gheck 1119,111 2111,110 2110,PRIORA Kombi 2171,KALINA Stufenheck 1118,GRANTA 2190,112 2112,PRIORA Schr\u00e4gheck 2172; NISSAN: PRIMERA Traveller WP11,PRIMERA Hatchback P11,100 NX B13,300 ZX Z31,SUNNY II Coupe B12,SUNNY III N14,SUNNY II Hatchback N13,BLUEBIRD T72 , T12,BLUEBIRD Hatchback T72, T12,MAXIMA II J30,SUNNY II N13,BLUEBIRD Station Wagon WU11,PRAIRIE PRO M11,BLUEBIRD U11,SUNNY II Traveller B12; KIA: PICANTO BA,CARENS II FJ,RIO Kombi DC,SPORTAGE K00,RIO Stufenheck DC_,SHUMA II FB,RETONA CE,SHUMA FB,SHUMA II Stufenheck FB,SEPHIA FB; HONDA: JAZZ II GD,CIVIC VI Hatchback EJ, EK,CIVIC VI Fastback MA, MB,CRX III EH, EG,CIVIC VI Aerodeck MB, MC,CRX II ED, EE,CIVIC V Hatchback EG,JAZZ Stufenheck,CIVIC IV Hatchback EC, ED, EE,CIVIC VI Stufenheck EJ, EK,CIVIC VI Coupe EJ, EM1,CIVIC V Coupe EJ,PRELUDE III BA,CIVIC V Stufenheck EG, EH,CONCERTO HW,CIVIC IV Stufenheck ED,CRX I AF, AS,ACCORD III CA,CONCERTO Stufenheck HWW,LEGEND I Coupe KA3,CIVIC II Shuttle EE,CITY Stufenheck GD8\/GD9,LEGEND I HS, KA; HYUNDAI: COUPE GK,COUPE RD,ACCENT III MC,LANTRA II Wagon J-2,LANTRA II J-2; DAIHATSU: SIRION M1,HIJET Kasten S85,FEROZA Soft Top F300,MOVE L6, L9,SPORTRAK F300,GRAN MOVE G3,CHARADE IV G200, G202,CHARADE III G100, G101, G102,APPLAUSE II A101,APPLAUSE I A101, A111,CHARADE IV Stufenheck G203,CHARADE III Stufenheck G102; SAAB: 9-3 YS3D,9-3 Cabriolet YS3D,9000 Schr\u00e4gheck,900 II Cabriolet,900 II,9000,900 II Coupe; 980795614E, 980795615E, 21123707010, BP0218110, BP0318110, BP0418110, F22018110, MS851357, MS851358, MS851728, 2240101P16, 2240120J06, 1214009, 1214148, 22401KA210, 2717270; Tulpat,Sytytystulppa<\/p>\n","protected":false},"excerpt":{"rendered":"<p>BERU Sytytystulpat Z16 Tulpat,Sytytystulppa MAZDA,CHEVROLET,DAEWOO,323 F VI BJ,PREMACY CP,MX-5 I NA,DEMIO DW,323 P V BA,626 IV Hatchback GE,MX-3 EC<\/p>\n","protected":false},"featured_media":0,"template":"","meta":{"site-sidebar-layout":"default","site-content-layout":"default","ast-global-header-display":"","ast-main-header-display":"","ast-hfb-above-header-display":"","ast-hfb-below-header-display":"","ast-hfb-mobile-header-display":"","site-post-title":"","ast-breadcrumbs-content":"","ast-featured-img":"","footer-sml-layout":"","theme-transparent-header-meta":"","adv-header-id-meta":"","stick-header-meta":"","header-above-stick-meta":"","header-main-stick-meta":"","header-below-stick-meta":""},"pwb-brand":[327],"product_cat":[165],"product_tag":[],"class_list":{"0":"post-25875","1":"product","2":"type-product","3":"status-publish","5":"pwb-brand-beru","6":"product_cat-sytytystulpat","7":"desktop-align-left","8":"tablet-align-left","9":"mobile-align-left","11":"first","12":"instock","13":"product-type-external"},"brands":[{"id":327,"name":"BERU","slug":"beru"}],"_links":{"self":[{"href":"https:\/\/www.autonvaraosahaku.fi\/index.php?rest_route=\/wp\/v2\/product\/25875","targetHints":{"allow":["GET"]}}],"collection":[{"href":"https:\/\/www.autonvaraosahaku.fi\/index.php?rest_route=\/wp\/v2\/product"}],"about":[{"href":"https:\/\/www.autonvaraosahaku.fi\/index.php?rest_route=\/wp\/v2\/types\/product"}],"wp:attachment":[{"href":"https:\/\/www.autonvaraosahaku.fi\/index.php?rest_route=%2Fwp%2Fv2%2Fmedia&parent=25875"}],"wp:term":[{"taxonomy":"pwb-brand","embeddable":true,"href":"https:\/\/www.autonvaraosahaku.fi\/index.php?rest_route=%2Fwp%2Fv2%2Fpwb-brand&post=25875"},{"taxonomy":"product_cat","embeddable":true,"href":"https:\/\/www.autonvaraosahaku.fi\/index.php?rest_route=%2Fwp%2Fv2%2Fproduct_cat&post=25875"},{"taxonomy":"product_tag","embeddable":true,"href":"https:\/\/www.autonvaraosahaku.fi\/index.php?rest_route=%2Fwp%2Fv2%2Fproduct_tag&post=25875"}],"curies":[{"name":"wp","href":"https:\/\/api.w.org\/{rel}","templated":true}]}}