{"id":25896,"date":"2021-02-21T14:59:35","date_gmt":"2021-02-21T14:59:35","guid":{"rendered":"https:\/\/www.autonvaraosahaku.fi\/?product=ridex-13d0157-vetoakseli"},"modified":"2021-02-21T14:59:38","modified_gmt":"2021-02-21T14:59:38","slug":"ridex-13d0157-vetoakseli","status":"publish","type":"product","link":"https:\/\/www.autonvaraosahaku.fi\/?product=ridex-13d0157-vetoakseli","title":{"rendered":"RIDEX 13D0157 Vetoakseli"},"content":{"rendered":"<p>Asennuspuoli: Etuakseli, oikea; Ulkohammastus, py\u00f6r\u00e4npuoli: 36; Pituus (mm): 813; Tiivisteen l\u00e4pimitta [mm]: 59,6; Nivelen l\u00e4pimitta py\u00f6r\u00e4puoli [mm]: 90,0; Nivelen l\u00e4pimitta vaihteistopuoli [mm]: 99,8; Kierremitta: M16X1.5; Reik\u00e4ympyr\u00e4-\u00d8 [mm]: 86; Reik\u00e4-\u00d8 [mm]: 8,2; Reikien m\u00e4\u00e4r\u00e4: 6; Vaihteistomalli: Schaltgetriebe; VW: GOLF V 1K1,TOURAN 1T1, 1T2,GOLF VI 5K1,PASSAT Variant 3C5,GOLF PLUS 5M1, 521,PASSAT 3C2,GOLF VII 5G1, BE1,CADDY III Kombi 2KB, 2KJ, 2CB, 2CJ,TOURAN 1T3,GOLF VI Variant AJ5,GOLF V Variant 1K5,CADDY III Kasten 2KA, 2KH, 2CA, 2CH,GOLF VII Kombi BA5,JETTA III 1K2,GOLF VI Cabriolet 517,JETTA IV 162, 163,GOLF SPORTSVAN AM1; AUDI: A3 8P1,A3 Sportback 8PA,A3 Cabriolet 8P7; SKODA: OCTAVIA Combi 1Z5,OCTAVIA Combi 5E5,YETI 5L,SUPERB Kombi 3T5,OCTAVIA 1Z3,SUPERB 3T4,OCTAVIA 5E3; SEAT: LEON 1P1,ALTEA 5P1,LEON 5F1,ALTEA XL 5P5, 5P8,LEON ST 5F8,LEON SC 5F5,TOLEDO III 5P2; 1K0407272CC, 1K0407272DN, 1K0407272FR, 1K0407272GK, 1K0407272GM, 1K0407272HN, 1K0407452MX, 1K0407454BX, 2K0407272F, 1K0407272DN, 1K0407272GK, 1K0407272HN, 1K0407452MX, 1K0407454BX, 2K0407272F, 5Q0407272H, 5Q0407762EX, 1K0407272GK, 1K0407272HN, 1K0407272KA, 1K0407272QN, 1K0407452MX, 1K0407454BX, 1K0407764KX, 5Q0407272H, 5Q0407762EX, 1K0407272CC, 1K0407272DN, 1K0407272EC, 1K0407272FR, 1K0407272GK, 1K0407272GM, 1K0407272HN, 1K0407272KA, 1K0407272QN, 1K0407452DX, 1K0407452GX, 1K0407452MX, 1K0407454BX, 1K0407764KX, 2K0407272F, 5Q0407272H<\/p>\n","protected":false},"excerpt":{"rendered":"<p>RIDEX Vetoakseli 13D0157  VW,AUDI,SKODA,GOLF V 1K1,TOURAN 1T1, 1T2,GOLF VI 5K1,PASSAT Variant 3C5,GOLF PLUS 5M1, 521,PASSAT 3C2,GOLF VII 5G1, BE1<\/p>\n","protected":false},"featured_media":0,"template":"","meta":{"site-sidebar-layout":"default","site-content-layout":"default","ast-global-header-display":"","ast-main-header-display":"","ast-hfb-above-header-display":"","ast-hfb-below-header-display":"","ast-hfb-mobile-header-display":"","site-post-title":"","ast-breadcrumbs-content":"","ast-featured-img":"","footer-sml-layout":"","theme-transparent-header-meta":"","adv-header-id-meta":"","stick-header-meta":"","header-above-stick-meta":"","header-main-stick-meta":"","header-below-stick-meta":""},"pwb-brand":[157],"product_cat":[215],"product_tag":[],"class_list":{"0":"post-25896","1":"product","2":"type-product","3":"status-publish","5":"pwb-brand-ridex","6":"product_cat-vetoakseli","7":"desktop-align-left","8":"tablet-align-left","9":"mobile-align-left","11":"first","12":"instock","13":"product-type-external"},"brands":[{"id":157,"name":"RIDEX","slug":"ridex"}],"_links":{"self":[{"href":"https:\/\/www.autonvaraosahaku.fi\/index.php?rest_route=\/wp\/v2\/product\/25896","targetHints":{"allow":["GET"]}}],"collection":[{"href":"https:\/\/www.autonvaraosahaku.fi\/index.php?rest_route=\/wp\/v2\/product"}],"about":[{"href":"https:\/\/www.autonvaraosahaku.fi\/index.php?rest_route=\/wp\/v2\/types\/product"}],"wp:attachment":[{"href":"https:\/\/www.autonvaraosahaku.fi\/index.php?rest_route=%2Fwp%2Fv2%2Fmedia&parent=25896"}],"wp:term":[{"taxonomy":"pwb-brand","embeddable":true,"href":"https:\/\/www.autonvaraosahaku.fi\/index.php?rest_route=%2Fwp%2Fv2%2Fpwb-brand&post=25896"},{"taxonomy":"product_cat","embeddable":true,"href":"https:\/\/www.autonvaraosahaku.fi\/index.php?rest_route=%2Fwp%2Fv2%2Fproduct_cat&post=25896"},{"taxonomy":"product_tag","embeddable":true,"href":"https:\/\/www.autonvaraosahaku.fi\/index.php?rest_route=%2Fwp%2Fv2%2Fproduct_tag&post=25896"}],"curies":[{"name":"wp","href":"https:\/\/api.w.org\/{rel}","templated":true}]}}