{"id":25922,"date":"2021-02-21T14:59:45","date_gmt":"2021-02-21T14:59:45","guid":{"rendered":"https:\/\/www.autonvaraosahaku.fi\/?product=trw-df4450-jarrulevyt"},"modified":"2021-02-21T14:59:45","modified_gmt":"2021-02-21T14:59:45","slug":"trw-df4450-jarrulevyt","status":"publish","type":"product","link":"https:\/\/www.autonvaraosahaku.fi\/?product=trw-df4450-jarrulevyt","title":{"rendered":"TRW DF4450 Jarrulevyt"},"content":{"rendered":"<p>Jarrulevytyyppi: Tuuletettu; Reikien m\u00e4\u00e4r\u00e4: 5; Ulkol\u00e4pimitta [mm]: 300; keskitt\u00e4misl\u00e4pimitta [mm]: 75; Korkeus (mm): 66,1; Jarrulevyn paksuus (mm): 20; V\u00e4himm\u00e4ispaksuus (mm): 18,4; Reik\u00e4ympyr\u00e4-\u00d8 [mm]: 120; Rumpul\u00e4pimitta: 160,8; Kierremitta: 14,8; K\u00e4sittely: hiiliter\u00e4s; Pinta: Lakattu; V\u00e4ri: Musta; Asennuspuoli: Hinterachse; BMW: 3 Touring E91,3 E90,1 E87,1 E81,1 F20,3 Coupe E92,3 Touring F31,3 F30, F35, F80,3 Cabriolet E93,1 F21,1 Cabriolet E88,1 Coupe E82,3 Gran Turismo F34,4 Coupe F32, F82,2 Coupe F22,4 Gran Coupe F36,2 Cabriolet F23; 34216764651, 34216792227, 34216855007, 6764651, 6792227, 6855007; Jarrulevy<\/p>\n","protected":false},"excerpt":{"rendered":"<p>TRW Jarrulevyt DF4450 Jarrulevy BMW,3 Touring E91,3 E90,1 E87,1 E81,1 F20,3 Coupe E92,3 Touring F31,3 F30, F35, F80,3 Cabriolet E93,1 F21<\/p>\n","protected":false},"featured_media":0,"template":"","meta":{"site-sidebar-layout":"default","site-content-layout":"default","ast-global-header-display":"","ast-main-header-display":"","ast-hfb-above-header-display":"","ast-hfb-below-header-display":"","ast-hfb-mobile-header-display":"","site-post-title":"","ast-breadcrumbs-content":"","ast-featured-img":"","footer-sml-layout":"","theme-transparent-header-meta":"","adv-header-id-meta":"","stick-header-meta":"","header-above-stick-meta":"","header-main-stick-meta":"","header-below-stick-meta":""},"pwb-brand":[332],"product_cat":[66],"product_tag":[],"class_list":{"0":"post-25922","1":"product","2":"type-product","3":"status-publish","5":"pwb-brand-trw","6":"product_cat-jarrulevyt","7":"desktop-align-left","8":"tablet-align-left","9":"mobile-align-left","11":"first","12":"instock","13":"product-type-external"},"brands":[{"id":332,"name":"TRW","slug":"trw"}],"_links":{"self":[{"href":"https:\/\/www.autonvaraosahaku.fi\/index.php?rest_route=\/wp\/v2\/product\/25922","targetHints":{"allow":["GET"]}}],"collection":[{"href":"https:\/\/www.autonvaraosahaku.fi\/index.php?rest_route=\/wp\/v2\/product"}],"about":[{"href":"https:\/\/www.autonvaraosahaku.fi\/index.php?rest_route=\/wp\/v2\/types\/product"}],"wp:attachment":[{"href":"https:\/\/www.autonvaraosahaku.fi\/index.php?rest_route=%2Fwp%2Fv2%2Fmedia&parent=25922"}],"wp:term":[{"taxonomy":"pwb-brand","embeddable":true,"href":"https:\/\/www.autonvaraosahaku.fi\/index.php?rest_route=%2Fwp%2Fv2%2Fpwb-brand&post=25922"},{"taxonomy":"product_cat","embeddable":true,"href":"https:\/\/www.autonvaraosahaku.fi\/index.php?rest_route=%2Fwp%2Fv2%2Fproduct_cat&post=25922"},{"taxonomy":"product_tag","embeddable":true,"href":"https:\/\/www.autonvaraosahaku.fi\/index.php?rest_route=%2Fwp%2Fv2%2Fproduct_tag&post=25922"}],"curies":[{"name":"wp","href":"https:\/\/api.w.org\/{rel}","templated":true}]}}