{"id":25944,"date":"2021-02-21T14:59:49","date_gmt":"2021-02-21T14:59:49","guid":{"rendered":"https:\/\/www.autonvaraosahaku.fi\/?product=ufi-27-719-00-ilmansuodatin"},"modified":"2021-02-21T14:59:50","modified_gmt":"2021-02-21T14:59:50","slug":"ufi-27-719-00-ilmansuodatin","status":"publish","type":"product","link":"https:\/\/www.autonvaraosahaku.fi\/?product=ufi-27-719-00-ilmansuodatin","title":{"rendered":"UFI 27.719.00 Ilmansuodatin"},"content":{"rendered":"<p>Ulkol\u00e4pimitta [mm]: 232,0; Sis\u00e4l\u00e4pimitta 1 [mm]: 182,0; Sis\u00e4l\u00e4pimitta 2 [mm]: 182,0; Korkeus (mm): 62,0; OE-numerolle: 4371574; SEAT: 124,131,124 Kombi,132,RONDA 022A; LADA: NIVA 2121,1200-1600,1200-1500 Kombi,SAMARA 2108, 2109, 2115, 2113, 2114,NOVA 2105,TOSCANA 2107,NOVA Kombi 2104,SAMARA Stufenheck 21099, 2115; LANCIA: BETA Spider 828BS,BETA Coupe 828BC,BETA  H.P.E. 828BF,BETA 828_B_,TREVI 828DB; FIAT: 124 Spider,1500 Cabriolet,1500-2300,125,131,124 Coupe,RITMO I 138A,124,132,ARGENTA 132A,RITMO Cabriolet,124 Familiare,131 Familiare\/Panorama; MORGAN: PLUS FOUR,FOUR FOUR; 4119668, 4146050, 4180565, 4313207, 4363009, 4371574, 4388584, 44115780, 82345728, 82345730, 1498427, 5002468, 5006573, 5013135, 5014771, 21011109100, 2101110910001, 2101110910002, 21011109101, 21211109100, 2121311091000, 4180566<\/p>\n","protected":false},"excerpt":{"rendered":"<p>UFI Ilmansuodatin 27.719.00  SEAT,LADA,LANCIA,124,131,124 Kombi,132,RONDA 022A,NIVA 2121,1200-1600,1200-1500 Kombi,SAMARA 2108, 2109, 2115, 2113, 2114<\/p>\n","protected":false},"featured_media":0,"template":"","meta":{"site-sidebar-layout":"default","site-content-layout":"default","ast-global-header-display":"","ast-main-header-display":"","ast-hfb-above-header-display":"","ast-hfb-below-header-display":"","ast-hfb-mobile-header-display":"","site-post-title":"","ast-breadcrumbs-content":"","ast-featured-img":"","footer-sml-layout":"","theme-transparent-header-meta":"","adv-header-id-meta":"","stick-header-meta":"","header-above-stick-meta":"","header-main-stick-meta":"","header-below-stick-meta":""},"pwb-brand":[109],"product_cat":[31],"product_tag":[],"class_list":{"0":"post-25944","1":"product","2":"type-product","3":"status-publish","5":"pwb-brand-ufi","6":"product_cat-ilmansuodatin","7":"desktop-align-left","8":"tablet-align-left","9":"mobile-align-left","11":"first","12":"instock","13":"product-type-external"},"brands":[{"id":109,"name":"UFI","slug":"ufi"}],"_links":{"self":[{"href":"https:\/\/www.autonvaraosahaku.fi\/index.php?rest_route=\/wp\/v2\/product\/25944","targetHints":{"allow":["GET"]}}],"collection":[{"href":"https:\/\/www.autonvaraosahaku.fi\/index.php?rest_route=\/wp\/v2\/product"}],"about":[{"href":"https:\/\/www.autonvaraosahaku.fi\/index.php?rest_route=\/wp\/v2\/types\/product"}],"wp:attachment":[{"href":"https:\/\/www.autonvaraosahaku.fi\/index.php?rest_route=%2Fwp%2Fv2%2Fmedia&parent=25944"}],"wp:term":[{"taxonomy":"pwb-brand","embeddable":true,"href":"https:\/\/www.autonvaraosahaku.fi\/index.php?rest_route=%2Fwp%2Fv2%2Fpwb-brand&post=25944"},{"taxonomy":"product_cat","embeddable":true,"href":"https:\/\/www.autonvaraosahaku.fi\/index.php?rest_route=%2Fwp%2Fv2%2Fproduct_cat&post=25944"},{"taxonomy":"product_tag","embeddable":true,"href":"https:\/\/www.autonvaraosahaku.fi\/index.php?rest_route=%2Fwp%2Fv2%2Fproduct_tag&post=25944"}],"curies":[{"name":"wp","href":"https:\/\/api.w.org\/{rel}","templated":true}]}}