{"id":25971,"date":"2021-02-21T14:59:54","date_gmt":"2021-02-21T14:59:54","guid":{"rendered":"https:\/\/www.autonvaraosahaku.fi\/?product=beru-z14-sytytystulpat"},"modified":"2021-02-21T14:59:56","modified_gmt":"2021-02-21T14:59:56","slug":"beru-z14-sytytystulpat","status":"publish","type":"product","link":"https:\/\/www.autonvaraosahaku.fi\/?product=beru-z14-sytytystulpat","title":{"rendered":"BERU Z14 Sytytystulpat"},"content":{"rendered":"<p>K\u00e4rkiv\u00e4li (mm): 0,9; Liittimet: SAE; Kierremitta: M14x1,25; Avainv\u00e4li: 16 mm; Sytytystulppa: 2-maaelektroodia, suoralla istukalla; Kierteen pituus (mm): 19; Teknisten tietojen numero: 14 F-7 LDUR4; Itsepalvelupakattu, katso osaluettelo: ; Kiristysmomentti > [Nm]: 20; Kiristysmomentti enint\u00e4\u00e4n [Nm]: 30; Tuotelinja: ULTRA; Tarvittava kappalem\u00e4\u00e4r\u00e4: 4; BMW: 5 E39,5 Touring E39,3 Compact E36,3 E36,3 E30,7 E38,3 Coupe E36,Z3 E36,5 E34,3 Cabriolet E30,3 Cabriolet E36,3 Touring E36,7 E32,8 E31,5 Touring E34; OPEL: OMEGA A 16_, 17_, 19_,SENATOR B 29_,OMEGA A Caravan 66_, 67_; RENAULT: TWINGO I C06_,KANGOO KC0\/1_,TWINGO II CN0_,KANGOO Express FC0\/1_,KANGOO Express FW0\/1_,CLIO II Kasten SB0\/1\/2_,THALIA I LB0\/1\/2_,SANDERO\/STEPWAY I,LOGAN I LS_,LOGAN EXPRESS,LOGAN II; FIAT: STILO 192,BARCHETTA 183,DOBLO Cargo 223,DOBLO 119,COUPE FA\/175,BRAVO I 182,BRAVA 182,MAREA Weekend 185,PALIO Weekend 178DX,MAREA 185,PALIO 178BX; CITRO\u00cbN: XM Y4,XM Break Y4; HONDA: CIVIC VI Hatchback EJ, EK; DACIA: SANDERO,LOGAN MCV KS_,LODGY,DOKKER,LOGAN LS_,LOGAN Pick-up US_,1310 Stufenheck U, X; PORSCHE: BOXSTER 986,911 993,911 Targa 996; LAND ROVER: DEFENDER Pick-up LD_; DAIHATSU: TERIOS J1; 5896177, 9614738680, 9628000280, 12129059162, 12129059794, 12129061811, 12129063428, 12129064619, 46463801, 46472021, 46480307, 5896177, 58968241, 7769243, 7GBMSR, 9614738680, 9628000280, 5896177, 9614738680, 9628000280, 1214003, 99917020190, 7700100403, 7700115827, 7700500168, 90509739; Tulpat,Sytytystulppa<\/p>\n","protected":false},"excerpt":{"rendered":"<p>BERU Sytytystulpat Z14 Tulpat,Sytytystulppa BMW,OPEL,RENAULT,5 E39,5 Touring E39,3 Compact E36,3 E36,3 E30,7 E38,3 Coupe E36,Z3 E36,5 E34<\/p>\n","protected":false},"featured_media":0,"template":"","meta":{"site-sidebar-layout":"default","site-content-layout":"default","ast-global-header-display":"","ast-main-header-display":"","ast-hfb-above-header-display":"","ast-hfb-below-header-display":"","ast-hfb-mobile-header-display":"","site-post-title":"","ast-breadcrumbs-content":"","ast-featured-img":"","footer-sml-layout":"","theme-transparent-header-meta":"","adv-header-id-meta":"","stick-header-meta":"","header-above-stick-meta":"","header-main-stick-meta":"","header-below-stick-meta":""},"pwb-brand":[327],"product_cat":[165],"product_tag":[],"class_list":{"0":"post-25971","1":"product","2":"type-product","3":"status-publish","5":"pwb-brand-beru","6":"product_cat-sytytystulpat","7":"desktop-align-left","8":"tablet-align-left","9":"mobile-align-left","11":"first","12":"instock","13":"product-type-external"},"brands":[{"id":327,"name":"BERU","slug":"beru"}],"_links":{"self":[{"href":"https:\/\/www.autonvaraosahaku.fi\/index.php?rest_route=\/wp\/v2\/product\/25971","targetHints":{"allow":["GET"]}}],"collection":[{"href":"https:\/\/www.autonvaraosahaku.fi\/index.php?rest_route=\/wp\/v2\/product"}],"about":[{"href":"https:\/\/www.autonvaraosahaku.fi\/index.php?rest_route=\/wp\/v2\/types\/product"}],"wp:attachment":[{"href":"https:\/\/www.autonvaraosahaku.fi\/index.php?rest_route=%2Fwp%2Fv2%2Fmedia&parent=25971"}],"wp:term":[{"taxonomy":"pwb-brand","embeddable":true,"href":"https:\/\/www.autonvaraosahaku.fi\/index.php?rest_route=%2Fwp%2Fv2%2Fpwb-brand&post=25971"},{"taxonomy":"product_cat","embeddable":true,"href":"https:\/\/www.autonvaraosahaku.fi\/index.php?rest_route=%2Fwp%2Fv2%2Fproduct_cat&post=25971"},{"taxonomy":"product_tag","embeddable":true,"href":"https:\/\/www.autonvaraosahaku.fi\/index.php?rest_route=%2Fwp%2Fv2%2Fproduct_tag&post=25971"}],"curies":[{"name":"wp","href":"https:\/\/api.w.org\/{rel}","templated":true}]}}