{"id":25973,"date":"2021-02-21T14:59:54","date_gmt":"2021-02-21T14:59:54","guid":{"rendered":"https:\/\/www.autonvaraosahaku.fi\/?product=corteco-01033292b-tiivisteet"},"modified":"2021-02-21T14:59:56","modified_gmt":"2021-02-21T14:59:56","slug":"corteco-01033292b-tiivisteet","status":"publish","type":"product","link":"https:\/\/www.autonvaraosahaku.fi\/?product=corteco-01033292b-tiivisteet","title":{"rendered":"CORTECO 01033292B Tiivisteet"},"content":{"rendered":"<p>Sis\u00e4l\u00e4pimitta 1 [mm]: 35; Ulkol\u00e4pimitta 1 [mm]: 54,85; Ulkol\u00e4pimitta 2 [mm]: 61,20; Korkeus 1 (mm): 8,90; Korkeus 2 (mm): 15,10; Materiaali: ACM (polyakryyli-kautsu); Asennuspuoli: Ausgang; VW: BORA Kombi 1J6; OPEL: CORSA D,ZAFIRA B A05,ASTRA H Caravan L35,MERIVA,ZAFIRA A F75_,ASTRA G CC F48_, F08_,ASTRA H L48,ASTRA J Sports Tourer,ASTRA G Caravan F35_,INSIGNIA Caravan,VECTRA C Caravan,ASTRA J,ASTRA H GTC L08,MERIVA B,SIGNUM,VECTRA C,VECTRA B 36_,VECTRA C GTS,VECTRA B Caravan 31_,ASTRA H TwinTop L67,INSIGNIA,ASTRA G Cabriolet F67,INSIGNIA Stufenheck,ASTRA G Coupe F07_,ASTRA G Stufenheck F69_,ZAFIRA B Van,ASTRA GTC J,VECTRA B CC 38_,SINTRA,CORSA D Van,ASTRA H Stufenheck L69,ASTRA H Kasten L70; FIAT: GRANDE PUNTO 199,DUCATO Kasten 250,BRAVO II 198,DUCATO Pritsche\/Fahrgestell 250,DUCATO Bus 250,CROMA 194,STRADA Pick-up 178E,LINEA 323; PEUGEOT: BOXER Kasten,BOXER Bus,BOXER Pritsche\/Fahrgestell; CITRO\u00cbN: JUMPER Kasten,JUMPER Bus,JUMPER Pritsche\/Fahrgestell; ALFA ROMEO: 159 Sportwagon 939,156 Sportwagon 932,MITO 955,156 932,159 939,166 936,BRERA,SPIDER 939; SAAB: 9-5 Kombi YS3E,9-3 Kombi YS3F,9-5 YS3E,9-3 Cabriolet YS3F; LANCIA: THESIS 841AX; VAUXHALL: CORSA Mk III D L_8,INSIGNIA Mk I A,ZAFIRA Mk II B M75,ASTRA Mk V H CC,VECTRA Mk II C CC,ZAFIRA Mk I A F75,INSIGNIA Mk I A Estate,ASTRA Mk V H Estate,VECTRA Mk II C Estate,ASTRA Mk V H Convertible,ASTRA Mk IV G CC,VECTRA Mk II C,ASTRA Mk VI J,INSIGNIA Mk I A Sedan,MERIVA Mk I A,SIGNUM,ASTRA Mk IV G Sedan,CORSAVAN Mk III D,VECTRA B CC,MERIVA Mk II B,VECTRA B Estate,VECTRA B,ASTRA Mk VI J Estate,ASTRAVAN Mk IV G,ASTRA Mk IV G Coupe F67,ASTRAVAN Mk V H,ASTRA Mk IV G Convertible,ASTRA Mk IV G Estate; 71734264, 71740625, 55353153, 312161, 55207298, 71734264, 71740625, 71734264, 71740625, 12755013, 374514, 374528, 55353153, 312161, 12755013, 5448469, 55353153, 8749046, 374514, 374528<\/p>\n","protected":false},"excerpt":{"rendered":"<p>CORTECO Akselitiiviste, Tasauspy\u00f6r\u00e4st\u00f6 01033292B  VW,OPEL,FIAT,BORA Kombi 1J6,CORSA D,ZAFIRA B A05,ASTRA H Caravan L35,MERIVA,ZAFIRA A F75_<\/p>\n","protected":false},"featured_media":0,"template":"","meta":{"site-sidebar-layout":"default","site-content-layout":"default","ast-global-header-display":"","ast-main-header-display":"","ast-hfb-above-header-display":"","ast-hfb-below-header-display":"","ast-hfb-mobile-header-display":"","site-post-title":"","ast-breadcrumbs-content":"","ast-featured-img":"","footer-sml-layout":"","theme-transparent-header-meta":"","adv-header-id-meta":"","stick-header-meta":"","header-above-stick-meta":"","header-main-stick-meta":"","header-below-stick-meta":""},"pwb-brand":[53],"product_cat":[27],"product_tag":[],"class_list":{"0":"post-25973","1":"product","2":"type-product","3":"status-publish","5":"pwb-brand-corteco","6":"product_cat-tiivisteet","7":"desktop-align-left","8":"tablet-align-left","9":"mobile-align-left","11":"first","12":"instock","13":"product-type-external"},"brands":[{"id":53,"name":"CORTECO","slug":"corteco"}],"_links":{"self":[{"href":"https:\/\/www.autonvaraosahaku.fi\/index.php?rest_route=\/wp\/v2\/product\/25973","targetHints":{"allow":["GET"]}}],"collection":[{"href":"https:\/\/www.autonvaraosahaku.fi\/index.php?rest_route=\/wp\/v2\/product"}],"about":[{"href":"https:\/\/www.autonvaraosahaku.fi\/index.php?rest_route=\/wp\/v2\/types\/product"}],"wp:attachment":[{"href":"https:\/\/www.autonvaraosahaku.fi\/index.php?rest_route=%2Fwp%2Fv2%2Fmedia&parent=25973"}],"wp:term":[{"taxonomy":"pwb-brand","embeddable":true,"href":"https:\/\/www.autonvaraosahaku.fi\/index.php?rest_route=%2Fwp%2Fv2%2Fpwb-brand&post=25973"},{"taxonomy":"product_cat","embeddable":true,"href":"https:\/\/www.autonvaraosahaku.fi\/index.php?rest_route=%2Fwp%2Fv2%2Fproduct_cat&post=25973"},{"taxonomy":"product_tag","embeddable":true,"href":"https:\/\/www.autonvaraosahaku.fi\/index.php?rest_route=%2Fwp%2Fv2%2Fproduct_tag&post=25973"}],"curies":[{"name":"wp","href":"https:\/\/api.w.org\/{rel}","templated":true}]}}