{"id":25974,"date":"2021-02-21T14:59:54","date_gmt":"2021-02-21T14:59:54","guid":{"rendered":"https:\/\/www.autonvaraosahaku.fi\/?product=trw-gdb1307-jarrupalat"},"modified":"2021-02-21T14:59:56","modified_gmt":"2021-02-21T14:59:56","slug":"trw-gdb1307-jarrupalat","status":"publish","type":"product","link":"https:\/\/www.autonvaraosahaku.fi\/?product=trw-gdb1307-jarrupalat","title":{"rendered":"TRW GDB1307 Jarrupalat"},"content":{"rendered":"<p>Valmistaja rajaus: ATE; Pituus (mm): 156,4; Korkeus (mm): 74,2; Paksuus [mm]: 19,5; Kulumisenilmaisimen liitos: Sis. kulumisenilmaisimen; Kulumisvaroittimia [pro Achse]: 2; Varoittimen pituus [mm]: 210; Tarkistuskilpi: E9 90R 01107\/054; Jarrut: ei hiili-keraamisille jarrulevyille, vain ter\u00e4sjarrulevyjen yhteydess\u00e4; M\u00e4\u00e4r\u00e4tty kiertosuunta: ; Huomioi tekniset tiedot: ; Jarrupalojen m\u00e4\u00e4r\u00e4: 8; M\u00e4\u00e4r\u00e4yksikk\u00f6: Akselisarja; Tuotelinja: COTEC; Asennuspuoli: Vorderachse; VW: GOLF IV 1J1,PASSAT Variant 3C5,PASSAT Variant 3B6,PASSAT 3C2,GOLF IV Variant 1J5,PASSAT Variant 3B5,PASSAT 3B2,PASSAT 3B3; AUDI: A6 Avant 4F5, C6,A4 8D2, B5,A4 Avant 8ED, B7,A4 Avant 8E5, B6,A6 Avant 4B5, C5,A4 Avant 8D5, B5,A4 8E2, B6,A6 4F2, C6,A6 4B2, C5,A4 Cabriolet 8H7, B6, 8HE, B7,A4 8EC, B7,A6 Avant 4A, C4,A6 4A, C4; SKODA: SUPERB 3U4; SEAT: EXEO ST 3R5,EXEO 3R2; 4B0698151, 4B0698151AB, 4B0698151AF, 4B0698151B, 4B0698151E, 4B0698151H, 4B0698151J, 4B0698151K, 4B0698151M, 4B0698151N, 4B0698996A, 4BO698151K, 4D0698151J, 4F0698151, 8E0698151F, 8E0698151J, 8E0698151K, 4B0698996A, 8E0698151J, 8E0698151K, 4B0698151AB, 4B0698151E, 4B0698151J, 4B0698151N, 4B0698996A, 8E0698151J, 8E0698151K, 4B0698151, 4B0698151AB, 4B0698151AF, 4B0698151B, 4B0698151E, 4B0698151H, 4B0698151J, 4B0698151K, 4B0698151M, 4B0698151N, 4B0698996A, 4BO698151K, 4D0698151J, 8E0698151J, 8E0698151K, JZW698151N; Jarrupalasarja,Jarrupala, Levyjarru<\/p>\n","protected":false},"excerpt":{"rendered":"<p>TRW Jarrupalat GDB1307 Jarrupalasarja,Jarrupala, Levyjarru VW,AUDI,SKODA,GOLF IV 1J1,PASSAT Variant 3C5,PASSAT Variant 3B6,PASSAT 3C2<\/p>\n","protected":false},"featured_media":0,"template":"","meta":{"site-sidebar-layout":"default","site-content-layout":"default","ast-global-header-display":"","ast-main-header-display":"","ast-hfb-above-header-display":"","ast-hfb-below-header-display":"","ast-hfb-mobile-header-display":"","site-post-title":"","ast-breadcrumbs-content":"","ast-featured-img":"","footer-sml-layout":"","theme-transparent-header-meta":"","adv-header-id-meta":"","stick-header-meta":"","header-above-stick-meta":"","header-main-stick-meta":"","header-below-stick-meta":""},"pwb-brand":[332],"product_cat":[100],"product_tag":[],"class_list":{"0":"post-25974","1":"product","2":"type-product","3":"status-publish","5":"pwb-brand-trw","6":"product_cat-jarrupalat","7":"desktop-align-left","8":"tablet-align-left","9":"mobile-align-left","11":"first","12":"instock","13":"product-type-external"},"brands":[{"id":332,"name":"TRW","slug":"trw"}],"_links":{"self":[{"href":"https:\/\/www.autonvaraosahaku.fi\/index.php?rest_route=\/wp\/v2\/product\/25974","targetHints":{"allow":["GET"]}}],"collection":[{"href":"https:\/\/www.autonvaraosahaku.fi\/index.php?rest_route=\/wp\/v2\/product"}],"about":[{"href":"https:\/\/www.autonvaraosahaku.fi\/index.php?rest_route=\/wp\/v2\/types\/product"}],"wp:attachment":[{"href":"https:\/\/www.autonvaraosahaku.fi\/index.php?rest_route=%2Fwp%2Fv2%2Fmedia&parent=25974"}],"wp:term":[{"taxonomy":"pwb-brand","embeddable":true,"href":"https:\/\/www.autonvaraosahaku.fi\/index.php?rest_route=%2Fwp%2Fv2%2Fpwb-brand&post=25974"},{"taxonomy":"product_cat","embeddable":true,"href":"https:\/\/www.autonvaraosahaku.fi\/index.php?rest_route=%2Fwp%2Fv2%2Fproduct_cat&post=25974"},{"taxonomy":"product_tag","embeddable":true,"href":"https:\/\/www.autonvaraosahaku.fi\/index.php?rest_route=%2Fwp%2Fv2%2Fproduct_tag&post=25974"}],"curies":[{"name":"wp","href":"https:\/\/api.w.org\/{rel}","templated":true}]}}