{"id":26021,"date":"2021-02-21T15:00:07","date_gmt":"2021-02-21T15:00:07","guid":{"rendered":"https:\/\/www.autonvaraosahaku.fi\/?product=mahle-original-ox-779d-oljynsuodatin"},"modified":"2021-02-21T15:00:08","modified_gmt":"2021-02-21T15:00:08","slug":"mahle-original-ox-779d-oljynsuodatin","status":"publish","type":"product","link":"https:\/\/www.autonvaraosahaku.fi\/?product=mahle-original-ox-779d-oljynsuodatin","title":{"rendered":"MAHLE ORIGINAL OX 779D \u00d6ljynsuodatin"},"content":{"rendered":"<p>Suodatintyyppi: Suodatinpanos; Korkeus (mm): 100,8; Korkeus 1 (mm): 73,5; L\u00e4pimitta [mm]: 72,1; L\u00e4pimitta 3 [mm]: 25,5; Varusteet: f\u00fcr Fahrzeuge mit Start-Stopp-Funktion; JEEP: RENEGADE Gel\u00e4ndewagen geschlossen BU,CHEROKEE KL,COMPASS; SUZUKI: SX4 S-Cross,VITARA LY; LANCIA: MUSA 350; OPEL: COMBO Kasten\/Kombi X12,COMBO Tour X12; ALFA ROMEO: GIULIETTA 940,MITO 955; FIAT: DUCATO Kasten 250,BRAVO II 198,DUCATO Pritsche\/Fahrgestell 250,FREEMONT JF_,PUNTO EVO 199,DUCATO Bus 250,DOBLO Kasten\/Kombi 263,IDEA,500L,DOBLO Gro\u00dfraumlimousine 152, 263,DOBLO Pritsche\/Fahrgestell 263,500X,TIPO Schr\u00e4gheck 356_,TIPO Kombi 356_,TIPO Stufenheck 356_; VAUXHALL: COMBO Mk III D Kasten\/Kombi; 6001073424, 71754237, 71754675, 71754721, 0071754237, 00K68103969AA, 68103969AA, 71754237, 71754675, K68103969AA, 0006001073424, 0071754237, 55223416, 6001073424, 71754237, 71754675, 71754721, 55223416, 68103969AA, 71754237, 71754675, K68103969AA, 71754721, 0650111, 650111, 95511489, 1651062M00, 1651062M00000, 95511489<\/p>\n","protected":false},"excerpt":{"rendered":"<p>MAHLE ORIGINAL \u00d6ljynsuodatin OX 779D  JEEP,SUZUKI,LANCIA,RENEGADE Gel\u00e4ndewagen geschlossen BU,CHEROKEE KL,COMPASS,SX4 S-Cross,VITARA LY,MUSA 350<\/p>\n","protected":false},"featured_media":0,"template":"","meta":{"site-sidebar-layout":"default","site-content-layout":"default","ast-global-header-display":"","ast-main-header-display":"","ast-hfb-above-header-display":"","ast-hfb-below-header-display":"","ast-hfb-mobile-header-display":"","site-post-title":"","ast-breadcrumbs-content":"","ast-featured-img":"","footer-sml-layout":"","theme-transparent-header-meta":"","adv-header-id-meta":"","stick-header-meta":"","header-above-stick-meta":"","header-main-stick-meta":"","header-below-stick-meta":""},"pwb-brand":[153],"product_cat":[30],"product_tag":[],"class_list":{"0":"post-26021","1":"product","2":"type-product","3":"status-publish","5":"pwb-brand-mahle-original","6":"product_cat-oljynsuodatin","7":"desktop-align-left","8":"tablet-align-left","9":"mobile-align-left","11":"first","12":"instock","13":"product-type-external"},"brands":[{"id":153,"name":"MAHLE ORIGINAL","slug":"mahle-original"}],"_links":{"self":[{"href":"https:\/\/www.autonvaraosahaku.fi\/index.php?rest_route=\/wp\/v2\/product\/26021","targetHints":{"allow":["GET"]}}],"collection":[{"href":"https:\/\/www.autonvaraosahaku.fi\/index.php?rest_route=\/wp\/v2\/product"}],"about":[{"href":"https:\/\/www.autonvaraosahaku.fi\/index.php?rest_route=\/wp\/v2\/types\/product"}],"wp:attachment":[{"href":"https:\/\/www.autonvaraosahaku.fi\/index.php?rest_route=%2Fwp%2Fv2%2Fmedia&parent=26021"}],"wp:term":[{"taxonomy":"pwb-brand","embeddable":true,"href":"https:\/\/www.autonvaraosahaku.fi\/index.php?rest_route=%2Fwp%2Fv2%2Fpwb-brand&post=26021"},{"taxonomy":"product_cat","embeddable":true,"href":"https:\/\/www.autonvaraosahaku.fi\/index.php?rest_route=%2Fwp%2Fv2%2Fproduct_cat&post=26021"},{"taxonomy":"product_tag","embeddable":true,"href":"https:\/\/www.autonvaraosahaku.fi\/index.php?rest_route=%2Fwp%2Fv2%2Fproduct_tag&post=26021"}],"curies":[{"name":"wp","href":"https:\/\/api.w.org\/{rel}","templated":true}]}}