{"id":26035,"date":"2021-02-21T15:00:07","date_gmt":"2021-02-21T15:00:07","guid":{"rendered":"https:\/\/www.autonvaraosahaku.fi\/?product=ridex-70b0150-jarrukengat"},"modified":"2021-02-21T15:00:10","modified_gmt":"2021-02-21T15:00:10","slug":"ridex-70b0150-jarrukengat","status":"publish","type":"product","link":"https:\/\/www.autonvaraosahaku.fi\/?product=ridex-70b0150-jarrukengat","title":{"rendered":"RIDEX 70B0150 Jarrukeng\u00e4t"},"content":{"rendered":"<p>Asennuspuoli: Taka-akseli; L\u00e4pimitta [mm]: 203; Leveys (mm): 38; Lis\u00e4tarvike\/lis\u00e4tieto: Vivulla; M\u00e4\u00e4r\u00e4tty kiertosuunta: ; ei sidoksissa kulkusuuntaan: ; Jarruj\u00e4rjestelm\u00e4: AP Lockheed; Oviluku: 3; LANCIA: YPSILON 843,MUSA 350,YPSILON 312, 846; OPEL: CORSA D,ADAM,CORSA D Van; FIAT: GRANDE PUNTO 199,PUNTO 188,PANDA 169,PUNTO EVO 199,PANDA Van 169,PUNTO 199,IDEA,PANDA 312,QUBO 225,FIORINO Kasten\/Kombi 225,PUNTO Van 199,PANDA VAN 312; CITRO\u00cbN: NEMO Kasten AA_,NEMO Kombi; PEUGEOT: BIPPER AA_,BIPPER Tepee; VAUXHALL: CORSA Mk III D L_8,ADAM,CORSAVAN Mk III D; 4241P0, 4241P3, 77362449, 77362929, 77363855, 77364029, 77364744, 77364817, 77366054, 1605107, 1605289, 1605458, 93168956, 93189993, 95517922, 4241P0, 4241P3; Jarrukenk\u00e4sarja<\/p>\n","protected":false},"excerpt":{"rendered":"<p>RIDEX Jarrukeng\u00e4t 70B0150 Jarrukenk\u00e4sarja LANCIA,OPEL,FIAT,YPSILON 843,MUSA 350,YPSILON 312, 846,CORSA D,ADAM,CORSA D Van,GRANDE PUNTO 199,PUNTO 188<\/p>\n","protected":false},"featured_media":0,"template":"","meta":{"site-sidebar-layout":"default","site-content-layout":"default","ast-global-header-display":"","ast-main-header-display":"","ast-hfb-above-header-display":"","ast-hfb-below-header-display":"","ast-hfb-mobile-header-display":"","site-post-title":"","ast-breadcrumbs-content":"","ast-featured-img":"","footer-sml-layout":"","theme-transparent-header-meta":"","adv-header-id-meta":"","stick-header-meta":"","header-above-stick-meta":"","header-main-stick-meta":"","header-below-stick-meta":""},"pwb-brand":[157],"product_cat":[176],"product_tag":[],"class_list":{"0":"post-26035","1":"product","2":"type-product","3":"status-publish","5":"pwb-brand-ridex","6":"product_cat-jarrukengat","7":"desktop-align-left","8":"tablet-align-left","9":"mobile-align-left","11":"first","12":"instock","13":"product-type-external"},"brands":[{"id":157,"name":"RIDEX","slug":"ridex"}],"_links":{"self":[{"href":"https:\/\/www.autonvaraosahaku.fi\/index.php?rest_route=\/wp\/v2\/product\/26035","targetHints":{"allow":["GET"]}}],"collection":[{"href":"https:\/\/www.autonvaraosahaku.fi\/index.php?rest_route=\/wp\/v2\/product"}],"about":[{"href":"https:\/\/www.autonvaraosahaku.fi\/index.php?rest_route=\/wp\/v2\/types\/product"}],"wp:attachment":[{"href":"https:\/\/www.autonvaraosahaku.fi\/index.php?rest_route=%2Fwp%2Fv2%2Fmedia&parent=26035"}],"wp:term":[{"taxonomy":"pwb-brand","embeddable":true,"href":"https:\/\/www.autonvaraosahaku.fi\/index.php?rest_route=%2Fwp%2Fv2%2Fpwb-brand&post=26035"},{"taxonomy":"product_cat","embeddable":true,"href":"https:\/\/www.autonvaraosahaku.fi\/index.php?rest_route=%2Fwp%2Fv2%2Fproduct_cat&post=26035"},{"taxonomy":"product_tag","embeddable":true,"href":"https:\/\/www.autonvaraosahaku.fi\/index.php?rest_route=%2Fwp%2Fv2%2Fproduct_tag&post=26035"}],"curies":[{"name":"wp","href":"https:\/\/api.w.org\/{rel}","templated":true}]}}