{"id":26046,"date":"2021-02-21T15:00:12","date_gmt":"2021-02-21T15:00:12","guid":{"rendered":"https:\/\/www.autonvaraosahaku.fi\/?product=hella-5dv-009-000-001-muut-luokat"},"modified":"2021-02-21T15:00:13","modified_gmt":"2021-02-21T15:00:13","slug":"hella-5dv-009-000-001-muut-luokat","status":"publish","type":"product","link":"https:\/\/www.autonvaraosahaku.fi\/?product=hella-5dv-009-000-001-muut-luokat","title":{"rendered":"HELLA 5DV 009 000-001 Muut luokat"},"content":{"rendered":"<p>Korvaava tuote\/korvaava tiedote 2: Ohjainta\/ohjelmaa EI SAA kouluttaa\/p\u00e4ivitt\u00e4\u00e4; Lyhdyn muoto: Xenon; Nimellisj\u00e4nnite (V): 12; Valmistusvuoteen: 08\/2013; VW: GOLF V 1K1,GOLF VI 5K1,GOLF PLUS 5M1, 521,TIGUAN 5N_,TOUAREG 7LA, 7L6, 7L7,GOLF VI Variant AJ5,GOLF V Variant 1K5,JETTA III 1K2; SKODA: SUPERB Kombi 3T5,SUPERB 3T4; BMW: 5 E60,5 Touring E61,7 E65, E66, E67,X6 E71, E72; NISSAN: PATHFINDER R51; LAND ROVER: RANGE ROVER SPORT LS,RANGE ROVER III LM; MERCEDES-BENZ: SPRINTER 3,5-t Kasten 906,G-CLASS W463,SPRINTER 3,5-t Bus 906,SPRINTER 3-t Kasten 906,G-CLASS W461,SPRINTER 3,5-t Pritsche\/Fahrgestell 906,SPRINTER 3-t Bus 906,SPRINTER 5-t Kasten 906,SPRINTER 5-t Pritsche\/Fahrgestell 906,G-CLASS Cabrio W463,SPRINTER 3-t Pritsche\/Fahrgestell 906,SPRINTER 4,6-t Pritsche\/Fahrgestell 906,SPRINTER 4,6-t Kasten 906,SPRINTER 4,6-t Bus,SPRINTER 5-t Bus; FORD: S-MAX WA6,GALAXY WA6,KUGA I,C-MAX DM2; CITRO\u00cbN: C4 Picasso I UD_,C4 Grand Picasso I UA_; PEUGEOT: 407 Coupe 6C_; RENAULT: SC\u00c9NIC II JM0\/1_,GRAND SC\u00c9NIC II JM0\/1_; 63126937223, 6937223, 693722301, K68030815AA, 6224J2, 6M2112K072AA, 921903L000, 921903L000, 0008211061, A0008211061, 6224J2, 12767670, 5M0907391, 5M0907391<\/p>\n","protected":false},"excerpt":{"rendered":"<p>HELLA Kytkent\u00e4laite, Kaasupurkauslamppu 5DV 009 000-001  VW,SKODA,BMW,GOLF V 1K1,GOLF VI 5K1,GOLF PLUS 5M1, 521,TIGUAN 5N_,TOUAREG 7LA, 7L6, 7L7<\/p>\n","protected":false},"featured_media":0,"template":"","meta":{"site-sidebar-layout":"default","site-content-layout":"default","ast-global-header-display":"","ast-main-header-display":"","ast-hfb-above-header-display":"","ast-hfb-below-header-display":"","ast-hfb-mobile-header-display":"","site-post-title":"","ast-breadcrumbs-content":"","ast-featured-img":"","footer-sml-layout":"","theme-transparent-header-meta":"","adv-header-id-meta":"","stick-header-meta":"","header-above-stick-meta":"","header-main-stick-meta":"","header-below-stick-meta":""},"pwb-brand":[24],"product_cat":[37],"product_tag":[],"class_list":{"0":"post-26046","1":"product","2":"type-product","3":"status-publish","5":"pwb-brand-hella","6":"product_cat-muut-luokat","7":"desktop-align-left","8":"tablet-align-left","9":"mobile-align-left","11":"first","12":"instock","13":"product-type-external"},"brands":[{"id":24,"name":"HELLA","slug":"hella"}],"_links":{"self":[{"href":"https:\/\/www.autonvaraosahaku.fi\/index.php?rest_route=\/wp\/v2\/product\/26046","targetHints":{"allow":["GET"]}}],"collection":[{"href":"https:\/\/www.autonvaraosahaku.fi\/index.php?rest_route=\/wp\/v2\/product"}],"about":[{"href":"https:\/\/www.autonvaraosahaku.fi\/index.php?rest_route=\/wp\/v2\/types\/product"}],"wp:attachment":[{"href":"https:\/\/www.autonvaraosahaku.fi\/index.php?rest_route=%2Fwp%2Fv2%2Fmedia&parent=26046"}],"wp:term":[{"taxonomy":"pwb-brand","embeddable":true,"href":"https:\/\/www.autonvaraosahaku.fi\/index.php?rest_route=%2Fwp%2Fv2%2Fpwb-brand&post=26046"},{"taxonomy":"product_cat","embeddable":true,"href":"https:\/\/www.autonvaraosahaku.fi\/index.php?rest_route=%2Fwp%2Fv2%2Fproduct_cat&post=26046"},{"taxonomy":"product_tag","embeddable":true,"href":"https:\/\/www.autonvaraosahaku.fi\/index.php?rest_route=%2Fwp%2Fv2%2Fproduct_tag&post=26046"}],"curies":[{"name":"wp","href":"https:\/\/api.w.org\/{rel}","templated":true}]}}