{"id":26051,"date":"2021-02-21T15:00:12","date_gmt":"2021-02-21T15:00:12","guid":{"rendered":"https:\/\/www.autonvaraosahaku.fi\/?product=kyb-sm5058-jousijalan-tukilaakeri"},"modified":"2021-02-21T15:00:14","modified_gmt":"2021-02-21T15:00:14","slug":"kyb-sm5058-jousijalan-tukilaakeri","status":"publish","type":"product","link":"https:\/\/www.autonvaraosahaku.fi\/?product=kyb-sm5058-jousijalan-tukilaakeri","title":{"rendered":"KYB SM5058 Jousijalan tukilaakeri"},"content":{"rendered":"<p>Asennuspuoli: Hinterachse; MAZDA: CX-7 ER; HONDA: ACCORD VII CL,CIVIC VI Hatchback EJ, EK,ACCORD VII Tourer CM,ACCORD VI CG, CK,CIVIC VI Fastback MA, MB,CRX III EH, EG,CIVIC VI Aerodeck MB, MC,CR-V I RD,CRX II ED, EE,CIVIC V Hatchback EG,PRELUDE V BB,ACCORD VI Hatchback CH,ACCORD VI Coupe CG,CIVIC IV Hatchback EC, ED, EE,ACCORD V CE, CF,CIVIC VI Stufenheck EJ, EK,PRELUDE IV BB,CIVIC VI Coupe EJ, EM1,SHUTTLE RA,CIVIC V Coupe EJ,PRELUDE III BA,ACCORD IV CB,CIVIC V Stufenheck EG, EH,ACCORD V Aerodeck CE,ACCORD V CC, CD,ACCORD V Coupe CD,CONCERTO HW,CIVIC IV Stufenheck ED,PRELUDE II AB,ACCORD III CA,ACCORD IV Aerodeck CB,CONCERTO Stufenheck HWW,ACCORD III Aerodeck CA,ACCORD IV Coupe CB, CC,LEGEND I Coupe KA3,CIVIC II Shuttle EE,LEGEND I HS, KA; ROVER: 25 RF,200 RF,45 Stufenheck RT,600 RH,45 RT,400 RT,CABRIOLET XW,400 Hatchback RT,200 Hatchback XW,200 Coupe XW,400 XW; 51621S84A01, 51621SD4004, 51621SR0003, 51631SB0003, 51631SB0004, 51631SH0003, 51631SL0003, 51631SS0004, 51631SV7004, 51685SH3014, 51685SR0004, 51728SR0003, 52621634000, 52621SB2004, 52621SK3000, 52631S84A01, 52675SS0004, 52725SJ4000, 52725SK3000, 52725SR0003, 52728SK3000, 52728SM1A02, 5862031700, 5862031730, 5862053010, 5862053020, 5862074450, EG2128910E, EG2128910F, EG2328910C, EG2328910D, EH4428910, EH4428910A, EH4628910, EH4628910A, EH4828910, EH4828910A, EH4828910B, 51621S84A01, 51621SD4004, 51621SR0003, 51631SB0003, 51631SB0004, 51631SH0003, 51631SL0003, 51631SS0004, 51631SV7004, 51685SH3014, 51685SR0004, 51728SR0003, 52621634000, 52621SB2004, 52621SK3000, 52631S84A01, 52675SS0004, 52725SJ4000, 52725SK3000, 52725SR0003, 52728SK3000, 52728SM1A02, 5862031700, 5862031730, 5862053010, 5862053020, 5862074450, EG2128910E, EG2128910F, EG2328910C, EG2328910D, EH4428910, EH4428910A, EH4628910, EH4628910A, EH4828910, EH4828910A, EH4828910B, 51621S84A01, 51621SD4004, 51621SR0003, 51631SB00&#8230;; Iskarin Yl\u00e4p\u00e4\u00e4,Iskunvaimentimen Yl\u00e4p\u00e4\u00e4<\/p>\n","protected":false},"excerpt":{"rendered":"<p>KYB Jousijalan Tukilaakeri Suspension Mounting Kit SM5058 Iskarin Yl\u00e4p\u00e4\u00e4,Iskunvaimentimen Yl\u00e4p\u00e4\u00e4 MAZDA,HONDA,ROVER,CX-7 ER,ACCORD VII CL<\/p>\n","protected":false},"featured_media":0,"template":"","meta":{"site-sidebar-layout":"default","site-content-layout":"default","ast-global-header-display":"","ast-main-header-display":"","ast-hfb-above-header-display":"","ast-hfb-below-header-display":"","ast-hfb-mobile-header-display":"","site-post-title":"","ast-breadcrumbs-content":"","ast-featured-img":"","footer-sml-layout":"","theme-transparent-header-meta":"","adv-header-id-meta":"","stick-header-meta":"","header-above-stick-meta":"","header-main-stick-meta":"","header-below-stick-meta":""},"pwb-brand":[226],"product_cat":[45],"product_tag":[],"class_list":{"0":"post-26051","1":"product","2":"type-product","3":"status-publish","5":"pwb-brand-kyb","6":"product_cat-jousijalan-tukilaakeri","7":"desktop-align-left","8":"tablet-align-left","9":"mobile-align-left","11":"first","12":"instock","13":"product-type-external"},"brands":[{"id":226,"name":"KYB","slug":"kyb"}],"_links":{"self":[{"href":"https:\/\/www.autonvaraosahaku.fi\/index.php?rest_route=\/wp\/v2\/product\/26051","targetHints":{"allow":["GET"]}}],"collection":[{"href":"https:\/\/www.autonvaraosahaku.fi\/index.php?rest_route=\/wp\/v2\/product"}],"about":[{"href":"https:\/\/www.autonvaraosahaku.fi\/index.php?rest_route=\/wp\/v2\/types\/product"}],"wp:attachment":[{"href":"https:\/\/www.autonvaraosahaku.fi\/index.php?rest_route=%2Fwp%2Fv2%2Fmedia&parent=26051"}],"wp:term":[{"taxonomy":"pwb-brand","embeddable":true,"href":"https:\/\/www.autonvaraosahaku.fi\/index.php?rest_route=%2Fwp%2Fv2%2Fpwb-brand&post=26051"},{"taxonomy":"product_cat","embeddable":true,"href":"https:\/\/www.autonvaraosahaku.fi\/index.php?rest_route=%2Fwp%2Fv2%2Fproduct_cat&post=26051"},{"taxonomy":"product_tag","embeddable":true,"href":"https:\/\/www.autonvaraosahaku.fi\/index.php?rest_route=%2Fwp%2Fv2%2Fproduct_tag&post=26051"}],"curies":[{"name":"wp","href":"https:\/\/api.w.org\/{rel}","templated":true}]}}