{"id":26085,"date":"2021-02-21T15:00:21","date_gmt":"2021-02-21T15:00:21","guid":{"rendered":"https:\/\/www.autonvaraosahaku.fi\/?product=febi-bilstein-01090-kampiakselin-tiiviste"},"modified":"2021-02-21T15:00:22","modified_gmt":"2021-02-21T15:00:22","slug":"febi-bilstein-01090-kampiakselin-tiiviste","status":"publish","type":"product","link":"https:\/\/www.autonvaraosahaku.fi\/?product=febi-bilstein-01090-kampiakselin-tiiviste","title":{"rendered":"FEBI BILSTEIN 01090 Kampiakselin tiiviste"},"content":{"rendered":"<p>Paksuus [mm]: 11,0; Sis\u00e4l\u00e4pimitta [mm]: 85,0; Ulkol\u00e4pimitta [mm]: 105,0; Materiaali: FPM (fluori-kumi)\/APM (polyakryyli-kumi); Asennuspuoli: Vaihteiston puoli; Paino [kg]: 0,058, 0,058; Huomioi tekniset tiedot: ; VW: GOLF IV 1J1,PASSAT Variant 3B6,TRANSPORTER IV Bus 70XB, 70XC, 7DB, 7DW,GOLF III 1H1,SHARAN 7M8, 7M9, 7M6,POLO 6N2,POLO 6N1,GOLF II 19E, 1G1,PASSAT Variant 3B5,PASSAT Variant 3A5, 35I,PASSAT 3B2,GOLF I Cabriolet 155,GOLF III Cabriolet 1E7,TRANSPORTER IV Kasten 70XA,PASSAT 3B3,GOLF Mk III Cabriolet 1E7,GOLF III Variant 1H5,POLO 86C, 80,POLO Coupe 86C, 80,PASSAT 3A2, 35I,CORRADO 53I,CADDY II Kasten 9K9A,TRANSPORTER IV Pritsche\/Fahrgestell 70XD,POLO Variant 6KV5,POLO CLASSIC 6KV2,SCIROCCO 53B,VENTO 1H2,LT 28-35 I Kasten 281-363,GOLF I 17,LT 28-35 I Bus 281-363,CADDY I 14,PASSAT Variant 32B,POLO Kasten 6NF,POLO CLASSIC 86C, 80,LT 28-35 I Pritsche\/Fahrgestell 281-363,CADDY II Kombi 9K9B,PASSAT 32B,LT 40-55 I Pritsche\/Fahrgestell 293-909,POLO 86,CADDY II Pick-up 9U7,SCIROCCO 53,ILTIS 183,DERBY 86C, 80,POLO Kasten 86CF,PASSAT 32,LT 40-55 I Kasten 291-512,DERBY 86,PASSAT Stufenheck 32B,PASSAT Variant 33,SANTANA 32B,GOLF II Van 19E, 1G1,GOLF III Van 1H1; AUDI: A4 8D2, B5,A4 Avant 8E5, B6,A4 Avant 8D5, B5,A4 8E2, B6,80 8C, B4,80 89, 89Q, 8A, B3,CABRIOLET 8G7, B4,A8 4E_,100 4A, C4,A8 4D2, 4D8,80 Avant 8C, B4,100 44, 44Q, C3,COUPE 89, 8B,80 81, 85, B2,100 Avant 4A, C4,90 89, 89Q, 8A, B3,100 Avant 44, 44Q, C3,COUPE 81, 85,V8 44_, 4C_,QUATTRO 85,200 44, 44Q,80 80, 82, B1,90 81, 85, B2,100 C1,200 Avant 44, 44Q,100 43, C2,200 43,50 86,100 Avant 43, C2; SKODA: FELICIA I 6U1; SEAT: AROSA 6H,ALHAMBRA 7V8, 7V9,IBIZA II 6K1,CORDOBA 6K1, 6K2,TOLEDO I 1L,INCA 6K9; FORD: GALAXY WGR; 026103051A, 049103051C, 052103051A, 056103051D, 068103051A, 068103051B, 068103051G, 068103171FS, 068103171GS, 068198171S, 26103051A, 49103051C, 52103051A, 56103051D, 68103051A, 68103051B, 68103051G, 68103171FS, 68103171GS, 68198171S, 1005303, 95VW6701AA, 032104023L, 068103051G, 068103171FS, 068103171GS, 068198171S, 32104023L, 68103051G, 68103171FS, 68103171GS, 68198171S, 068103051G, 068103171FS, 068103171GS, 068198171S, 68103051G, 68103171FS, 68103171GS, 68198171S, 026103051A, 049103051C, 052103051A, 056103051D, 068103051A, 068103051B, 068103051G, 068103171FS, 068103171GS, 068198171S, 26103051A, 49103051C, 52103051A, 56103051D, 68103051A, 68103051B, 68103051G, 68103171FS, 68103171GS, 68198171S; Akselitiiviste, Kampiakseli<\/p>\n","protected":false},"excerpt":{"rendered":"<p>FEBI BILSTEIN Kampiakselin Tiiviste 01090 Akselitiiviste, Kampiakseli VW,AUDI,SKODA,GOLF IV 1J1,PASSAT Variant 3B6<\/p>\n","protected":false},"featured_media":0,"template":"","meta":{"site-sidebar-layout":"default","site-content-layout":"default","ast-global-header-display":"","ast-main-header-display":"","ast-hfb-above-header-display":"","ast-hfb-below-header-display":"","ast-hfb-mobile-header-display":"","site-post-title":"","ast-breadcrumbs-content":"","ast-featured-img":"","footer-sml-layout":"","theme-transparent-header-meta":"","adv-header-id-meta":"","stick-header-meta":"","header-above-stick-meta":"","header-main-stick-meta":"","header-below-stick-meta":""},"pwb-brand":[50],"product_cat":[88],"product_tag":[],"class_list":{"0":"post-26085","1":"product","2":"type-product","3":"status-publish","5":"pwb-brand-febi-bilstein","6":"product_cat-kampiakselin-tiiviste","7":"desktop-align-left","8":"tablet-align-left","9":"mobile-align-left","11":"first","12":"instock","13":"product-type-external"},"brands":[{"id":50,"name":"FEBI BILSTEIN","slug":"febi-bilstein"}],"_links":{"self":[{"href":"https:\/\/www.autonvaraosahaku.fi\/index.php?rest_route=\/wp\/v2\/product\/26085","targetHints":{"allow":["GET"]}}],"collection":[{"href":"https:\/\/www.autonvaraosahaku.fi\/index.php?rest_route=\/wp\/v2\/product"}],"about":[{"href":"https:\/\/www.autonvaraosahaku.fi\/index.php?rest_route=\/wp\/v2\/types\/product"}],"wp:attachment":[{"href":"https:\/\/www.autonvaraosahaku.fi\/index.php?rest_route=%2Fwp%2Fv2%2Fmedia&parent=26085"}],"wp:term":[{"taxonomy":"pwb-brand","embeddable":true,"href":"https:\/\/www.autonvaraosahaku.fi\/index.php?rest_route=%2Fwp%2Fv2%2Fpwb-brand&post=26085"},{"taxonomy":"product_cat","embeddable":true,"href":"https:\/\/www.autonvaraosahaku.fi\/index.php?rest_route=%2Fwp%2Fv2%2Fproduct_cat&post=26085"},{"taxonomy":"product_tag","embeddable":true,"href":"https:\/\/www.autonvaraosahaku.fi\/index.php?rest_route=%2Fwp%2Fv2%2Fproduct_tag&post=26085"}],"curies":[{"name":"wp","href":"https:\/\/api.w.org\/{rel}","templated":true}]}}