{"id":26123,"date":"2021-02-21T15:00:30","date_gmt":"2021-02-21T15:00:30","guid":{"rendered":"https:\/\/www.autonvaraosahaku.fi\/?product=febi-bilstein-36745-jarruvalokytkin"},"modified":"2021-02-21T15:00:30","modified_gmt":"2021-02-21T15:00:30","slug":"febi-bilstein-36745-jarruvalokytkin","status":"publish","type":"product","link":"https:\/\/www.autonvaraosahaku.fi\/?product=febi-bilstein-36745-jarruvalokytkin","title":{"rendered":"FEBI BILSTEIN 36745 Jarruvalokytkin"},"content":{"rendered":"<p>Pituus (mm): 89; Leveys (mm): 25,0; Paksuus [mm]: 25,0; Liittimi\u00e4: 4; K\u00e4ytt\u00f6: S\u00e4hk\u00f6inen; Paino [kg]: 0,020, 0,020; Moottorinumero: M111; MERCEDES-BENZ: C-CLASS W203,A-CLASS W169,A-CLASS W168,B-CLASS W245,C-CLASS T-Model S203,VIANO W639,C-CLASS Coupe CL203,M-CLASS W163,VITO Bus W639,VITO \/ MIXTO Kasten W639,VANEO 414,VITO Bus 638,SPRINTER 3-t Kasten 903,SPRINTER 2-t Bus 901, 902,V-CLASS 638\/2,SPRINTER 2-t Kasten 901, 902,SPRINTER 3-t Bus 903,SPRINTER 3-t Pritsche\/Fahrgestell 903,VITO Kasten 638,SPRINTER 4-t Pritsche\/Fahrgestell 904,SPRINTER 2-t Pritsche\/Fahrgestell 901, 902,SPRINTER CLASSIC 3,5-t Kasten 909,SPRINTER 4-t Kasten 904,SPRINTER 4-t Bus 904,SPRINTER 5-t Pritsche\/Fahrgestell 905,SPRINTER CLASSIC 4,6-t Bus 909; 05103748AA, 5103748AA, 0015452009, 0015453809, 0015458709, A0015452009, A0015453809, A0015458709; Jarruvalokatkaisin<\/p>\n","protected":false},"excerpt":{"rendered":"<p>FEBI BILSTEIN Jarruvalokytkin 36745 Jarruvalokatkaisin MERCEDES-BENZ,C-CLASS W203,A-CLASS W169,A-CLASS W168,B-CLASS W245,C-CLASS T-Model S203<\/p>\n","protected":false},"featured_media":0,"template":"","meta":{"site-sidebar-layout":"default","site-content-layout":"default","ast-global-header-display":"","ast-main-header-display":"","ast-hfb-above-header-display":"","ast-hfb-below-header-display":"","ast-hfb-mobile-header-display":"","site-post-title":"","ast-breadcrumbs-content":"","ast-featured-img":"","footer-sml-layout":"","theme-transparent-header-meta":"","adv-header-id-meta":"","stick-header-meta":"","header-above-stick-meta":"","header-main-stick-meta":"","header-below-stick-meta":""},"pwb-brand":[50],"product_cat":[117],"product_tag":[],"class_list":{"0":"post-26123","1":"product","2":"type-product","3":"status-publish","5":"pwb-brand-febi-bilstein","6":"product_cat-jarruvalokytkin","7":"desktop-align-left","8":"tablet-align-left","9":"mobile-align-left","11":"first","12":"instock","13":"product-type-external"},"brands":[{"id":50,"name":"FEBI BILSTEIN","slug":"febi-bilstein"}],"_links":{"self":[{"href":"https:\/\/www.autonvaraosahaku.fi\/index.php?rest_route=\/wp\/v2\/product\/26123","targetHints":{"allow":["GET"]}}],"collection":[{"href":"https:\/\/www.autonvaraosahaku.fi\/index.php?rest_route=\/wp\/v2\/product"}],"about":[{"href":"https:\/\/www.autonvaraosahaku.fi\/index.php?rest_route=\/wp\/v2\/types\/product"}],"wp:attachment":[{"href":"https:\/\/www.autonvaraosahaku.fi\/index.php?rest_route=%2Fwp%2Fv2%2Fmedia&parent=26123"}],"wp:term":[{"taxonomy":"pwb-brand","embeddable":true,"href":"https:\/\/www.autonvaraosahaku.fi\/index.php?rest_route=%2Fwp%2Fv2%2Fpwb-brand&post=26123"},{"taxonomy":"product_cat","embeddable":true,"href":"https:\/\/www.autonvaraosahaku.fi\/index.php?rest_route=%2Fwp%2Fv2%2Fproduct_cat&post=26123"},{"taxonomy":"product_tag","embeddable":true,"href":"https:\/\/www.autonvaraosahaku.fi\/index.php?rest_route=%2Fwp%2Fv2%2Fproduct_tag&post=26123"}],"curies":[{"name":"wp","href":"https:\/\/api.w.org\/{rel}","templated":true}]}}