{"id":26125,"date":"2021-02-21T15:00:30","date_gmt":"2021-02-21T15:00:30","guid":{"rendered":"https:\/\/www.autonvaraosahaku.fi\/?product=elring-827-428-tiivisteet"},"modified":"2021-02-21T15:00:31","modified_gmt":"2021-02-21T15:00:31","slug":"elring-827-428-tiivisteet","status":"publish","type":"product","link":"https:\/\/www.autonvaraosahaku.fi\/?product=elring-827-428-tiivisteet","title":{"rendered":"ELRING 827.428 Tiivisteet"},"content":{"rendered":"<p>Sis\u00e4l\u00e4pimitta [mm]: 38,5; Ulkol\u00e4pimitta [mm]: 59; Paksuus [mm]: 2,3; Muoto: A-muoto; Materiaali: HNBR (hydrattu akryyli-nitriili-butadi-kumi); OE-numerolle: 102 018 08 02; MERCEDES-BENZ: C-CLASS W202,190 W201,E-CLASS W210,Stufenheck W124,SL R129,SL R107,Stufenheck W123,S-CLASS W126,KOMBI Kombi S124,E-CLASS W124,G-CLASS W463,COUPE C124,G-CLASS W460,S-CLASS W140,E-CLASS Kombi S124,COUPE C123,S-CLASS W108, W109,S-CLASS W116,COUPE W111,V-CLASS 638\/2,S-CLASS Coupe C126,G-CLASS W461,KOMBI Kombi S123,T1 Bus 601,E-CLASS Cabriolet A124,SL Coupe C107,E-CLASS Coupe C124,T1 Pritsche\/Fahrgestell 602,T2\/L Kasten\/Kombi,T1 Kasten 602,T1 Pritsche\/Fahrgestell 601,T2\/LN1 Kasten\/Kombi,T1 Kasten 601,S-CLASS Coupe C140,CABRIOLET W111,CABRIOLET A124,T2\/L Pritsche\/Fahrgestell,T1 Bus 602,T1\/TN Pritsche\/Fahrgestell,G-CLASS Cabrio W463,T2\/LN1 Pritsche\/Fahrgestell,T1\/TN Kasten\/Kombi,T2\/L Kommunalfahrzeug,T2\/LN1 Kipper,MB100 Kasten KPA,T2\/L Kipper,T2\/LN1 Bus,T2\/L Sattelschlepper,T2\/LN1 Triebkopf,ACTROS,ACTROS MP2 \/ MP3,ACTROS MP4 \/ MP5,AGL (RoundNose),AXOR,AXOR 2,CITARO (O 530),CONECTO (O 345),FPN (FlatNose),GRAN VIALE,HPN (LongNose),INTEGRO (O 550),INTOURO,LK\/LN2,LP,MB-TRAC,MK,NG,O 100,O 301,O 302,O 303,O 304,O 309,O 317,O 330,O 340,O 364,O 400,O 402,O 403,O 404,O 405,O 407,O 408,OF,OH,SHD,T2\/L,TOURISMO (O 350),TOURO (O 500),TRAVEGO (O 580),UNIMOG; RENAULT: 4 112_; MITSUBISHI: Fuso; PUCH: G-MODELL W 460,G-MODELL W 461,G-MODELL W 463; AUSTIN: METRO; SETRA: Series 300,Series 400; NEOPLAN: Skyliner,Starliner,Transliner; FUSO (MITSUBISHI): F-Series MK2; FAP: B-Series; 1020180380, 3440187080, 650459<\/p>\n","protected":false},"excerpt":{"rendered":"<p>ELRING Tiiviste, \u00d6ljykorkki 827.428  MERCEDES-BENZ,RENAULT,MITSUBISHI,C-CLASS W202,190 W201,E-CLASS W210,Stufenheck W124,SL R129,SL R107<\/p>\n","protected":false},"featured_media":0,"template":"","meta":{"site-sidebar-layout":"default","site-content-layout":"default","ast-global-header-display":"","ast-main-header-display":"","ast-hfb-above-header-display":"","ast-hfb-below-header-display":"","ast-hfb-mobile-header-display":"","site-post-title":"","ast-breadcrumbs-content":"","ast-featured-img":"","footer-sml-layout":"","theme-transparent-header-meta":"","adv-header-id-meta":"","stick-header-meta":"","header-above-stick-meta":"","header-main-stick-meta":"","header-below-stick-meta":""},"pwb-brand":[26],"product_cat":[27],"product_tag":[],"class_list":{"0":"post-26125","1":"product","2":"type-product","3":"status-publish","5":"pwb-brand-elring","6":"product_cat-tiivisteet","7":"desktop-align-left","8":"tablet-align-left","9":"mobile-align-left","11":"first","12":"instock","13":"product-type-external"},"brands":[{"id":26,"name":"ELRING","slug":"elring"}],"_links":{"self":[{"href":"https:\/\/www.autonvaraosahaku.fi\/index.php?rest_route=\/wp\/v2\/product\/26125","targetHints":{"allow":["GET"]}}],"collection":[{"href":"https:\/\/www.autonvaraosahaku.fi\/index.php?rest_route=\/wp\/v2\/product"}],"about":[{"href":"https:\/\/www.autonvaraosahaku.fi\/index.php?rest_route=\/wp\/v2\/types\/product"}],"wp:attachment":[{"href":"https:\/\/www.autonvaraosahaku.fi\/index.php?rest_route=%2Fwp%2Fv2%2Fmedia&parent=26125"}],"wp:term":[{"taxonomy":"pwb-brand","embeddable":true,"href":"https:\/\/www.autonvaraosahaku.fi\/index.php?rest_route=%2Fwp%2Fv2%2Fpwb-brand&post=26125"},{"taxonomy":"product_cat","embeddable":true,"href":"https:\/\/www.autonvaraosahaku.fi\/index.php?rest_route=%2Fwp%2Fv2%2Fproduct_cat&post=26125"},{"taxonomy":"product_tag","embeddable":true,"href":"https:\/\/www.autonvaraosahaku.fi\/index.php?rest_route=%2Fwp%2Fv2%2Fproduct_tag&post=26125"}],"curies":[{"name":"wp","href":"https:\/\/api.w.org\/{rel}","templated":true}]}}