{"id":26157,"date":"2021-02-21T15:00:34","date_gmt":"2021-02-21T15:00:34","guid":{"rendered":"https:\/\/www.autonvaraosahaku.fi\/?product=ufi-23-127-00-oljynsuodatin"},"modified":"2021-02-21T15:00:37","modified_gmt":"2021-02-21T15:00:37","slug":"ufi-23-127-00-oljynsuodatin","status":"publish","type":"product","link":"https:\/\/www.autonvaraosahaku.fi\/?product=ufi-23-127-00-oljynsuodatin","title":{"rendered":"UFI 23.127.00 \u00d6ljynsuodatin"},"content":{"rendered":"<p>Ulkol\u00e4pimitta [mm]: 96,0; Sis\u00e4l\u00e4pimitta 1 [mm]: 62,0; Ulkol\u00e4pimitta 2 [mm]: 72,0; Ulkol\u00e4pimitta 1 [mm]: 97,0; Kierremitta: 3\/4-16 UNF; Korkeus (mm): 96,5; Avauspaine ohitusventtiili [bar]: 1,2; Korvaava tuote\/korvaava tiedote 2: yhdell\u00e4 peruutuksenestoventtiilill\u00e4; Valmistusvuoteen: 06\/1980; VW: TARO; SEAT: 128,132,RONDA 022A,FURA 025A; JEEP: GRAND CHEROKEE III WH, WK,GRAND CHEROKEE II WJ, WG,GRAND CHEROKEE I ZJ,CHEROKEE XJ,COMMANDER XK,WRANGLER II TJ,WRANGLER I YJ, SJ_; NISSAN: X-TRAIL T30,ALMERA TINO V10,ALMERA II Hatchback N16,NAVARA D40,PATHFINDER R51,PRIMERA Kombi WP12,PRIMERA P12,NAVARA Pritsche\/Fahrgestell D40,PRIMERA Hatchback P12,MURANO Z51,PICK UP D22,ALMERA Mk II N16,CABSTAR E Pick-up US,NT400 CABSTAR F24F; DAIHATSU: CHARMANT A; CHRYSLER: VOYAGER IV RG, RS,300 C Touring LX,300 C LX,SEBRING Cabriolet JR,300 M LR,SEBRING JR,VOYAGER II ES,LE BARON Cabriolet,LE BARON Stufenheck; LANCIA: BETA Spider 828BS,BETA Coupe 828BC,BETA MONTE CARLO 137AS, 137BS,BETA  H.P.E. 828BF,BETA 828_B_,TREVI 828DB; FORD: TRANSIT Bus 72E, 73E; TOYOTA: CELICA RA2_, TA2_,HIACE III Kasten YH7_, LH6_, LH7_, LH5_, YH5_, YH6_,COROLLA Liftback _E8_,CARINA II _T15_,COROLLA Station Wagon _E7_,CARINA II Stufenheck _T15_,COROLLA _E7_,COROLLA _E8_,COROLLA Liftback _E7_,CARINA TA4L, TA6_L,CARINA TA1_,CAMRY Liftback _V1_,CAMRY Stufenheck _V1_,CORONA Liftback _T13_,LITEACE Kasten CM3_V, KM3_V,CORONA XT1_, TT1_, RT1_; FIAT: UNO 146A\/E,147,ELBA 146_; 05281090, 05281090AB, 05281090BA, 5281090, 5281090AB, 5281090BA, 5281090BB, 1560025010, 1560087305, 1560087307, 1560125010, 1560187307, 1560187307000, 0060507080, 0060536129, 0060563661, 0060744108, 4126435, 4286050, 60507080, 60536129, 60563661, 60744108, 7075753, 71736170, 7300943, 7524505, 7749305, 82342881, 5000187, 5008677, A720X6714RA, 1003000800690, 7075753, 05281090, 5281090, 808C01703EL, 15208BN300, 15208BN30A, 27701008326, 27701008698, 7700640165, 7700651432, 7701348110, 7701365661, 5001869771, 5041315, 5057957, 75221405, 75221481, 1560025010, 1560120550, 156017800171M, 1560196001, 9091540001, 861475, 8614752<\/p>\n","protected":false},"excerpt":{"rendered":"<p>UFI \u00d6ljynsuodatin 23.127.00  VW,SEAT,JEEP,TARO,128,132,RONDA 022A,FURA 025A,GRAND CHEROKEE III WH, WK,GRAND CHEROKEE II WJ, WG,GRAND CHEROKEE I ZJ<\/p>\n","protected":false},"featured_media":0,"template":"","meta":{"site-sidebar-layout":"default","site-content-layout":"default","ast-global-header-display":"","ast-main-header-display":"","ast-hfb-above-header-display":"","ast-hfb-below-header-display":"","ast-hfb-mobile-header-display":"","site-post-title":"","ast-breadcrumbs-content":"","ast-featured-img":"","footer-sml-layout":"","theme-transparent-header-meta":"","adv-header-id-meta":"","stick-header-meta":"","header-above-stick-meta":"","header-main-stick-meta":"","header-below-stick-meta":""},"pwb-brand":[109],"product_cat":[30],"product_tag":[],"class_list":{"0":"post-26157","1":"product","2":"type-product","3":"status-publish","5":"pwb-brand-ufi","6":"product_cat-oljynsuodatin","7":"desktop-align-left","8":"tablet-align-left","9":"mobile-align-left","11":"first","12":"instock","13":"product-type-external"},"brands":[{"id":109,"name":"UFI","slug":"ufi"}],"_links":{"self":[{"href":"https:\/\/www.autonvaraosahaku.fi\/index.php?rest_route=\/wp\/v2\/product\/26157","targetHints":{"allow":["GET"]}}],"collection":[{"href":"https:\/\/www.autonvaraosahaku.fi\/index.php?rest_route=\/wp\/v2\/product"}],"about":[{"href":"https:\/\/www.autonvaraosahaku.fi\/index.php?rest_route=\/wp\/v2\/types\/product"}],"wp:attachment":[{"href":"https:\/\/www.autonvaraosahaku.fi\/index.php?rest_route=%2Fwp%2Fv2%2Fmedia&parent=26157"}],"wp:term":[{"taxonomy":"pwb-brand","embeddable":true,"href":"https:\/\/www.autonvaraosahaku.fi\/index.php?rest_route=%2Fwp%2Fv2%2Fpwb-brand&post=26157"},{"taxonomy":"product_cat","embeddable":true,"href":"https:\/\/www.autonvaraosahaku.fi\/index.php?rest_route=%2Fwp%2Fv2%2Fproduct_cat&post=26157"},{"taxonomy":"product_tag","embeddable":true,"href":"https:\/\/www.autonvaraosahaku.fi\/index.php?rest_route=%2Fwp%2Fv2%2Fproduct_tag&post=26157"}],"curies":[{"name":"wp","href":"https:\/\/api.w.org\/{rel}","templated":true}]}}