{"id":26160,"date":"2021-02-21T15:00:39","date_gmt":"2021-02-21T15:00:39","guid":{"rendered":"https:\/\/www.autonvaraosahaku.fi\/?product=mahle-original-kx-208d-polttoainesuodatin"},"modified":"2021-02-21T15:00:39","modified_gmt":"2021-02-21T15:00:39","slug":"mahle-original-kx-208d-polttoainesuodatin","status":"publish","type":"product","link":"https:\/\/www.autonvaraosahaku.fi\/?product=mahle-original-kx-208d-polttoainesuodatin","title":{"rendered":"MAHLE ORIGINAL KX 208D Polttoainesuodatin"},"content":{"rendered":"<p>Suodatintyyppi: Suodatinpanos; L\u00e4pimitta [mm]: 62,0, 62,0; Korkeus 1 (mm): 84,0; Korkeus (mm): 98,5; L\u00e4pimitta 2 [mm]: 11,2; Ulkol\u00e4pimitta 1 [mm]: 67,0; Sis\u00e4l\u00e4pimitta 1 [mm]: 11,2, 24,0; Moottorinumero: 169 A1.000; DAEWOO: TOSCA; SUZUKI: SWIFT III MZ, EZ,SWIFT IV FZ, NZ,SX4 EY, GY,WAGON R+ MM,SPLASH,IGNIS II,SX4 S-Cross,VITARA LY; CHEVROLET: CAPTIVA C100, C140,NUBIRA Kombi,EPICA KL1_,LACETTI J200,NUBIRA Stufenheck; SUBARU: JUSTY III G3X; LANCIA: YPSILON 843,MUSA 350; OPEL: CORSA C F08, F68,ZAFIRA B A05,ASTRA H Caravan L35,MERIVA,ASTRA H L48,VECTRA C Caravan,ASTRA H GTC L08,SIGNUM,VECTRA C,AGILA A H00,VECTRA C GTS,ANTARA,TIGRA TwinTop,ASTRA H TwinTop L67,COMBO Kasten\/Kombi,ZAFIRA B Van,COMBO Tour,AGILA B H08,CORSA C Kasten F08, W5L,ASTRA H Stufenheck L69,ASTRA H Kasten L70,ASTRA CLASSIC L48; SAAB: 9-3 YS3F,9-3 Kombi YS3F,9-3 Cabriolet YS3F; FIAT: PUNTO 188,PANDA 169,DUCATO Kasten 250,500 312,DUCATO Pritsche\/Fahrgestell 250,DUCATO Bus 250,DUCATO Kasten 244,DOBLO Cargo 223,500 C 312,DOBLO 119,CROMA 194,DUCATO Pritsche\/Fahrgestell 244,PANDA Van 169,DUCATO Bus 244, Z_,IDEA,SEDICI,STRADA Pick-up 178E,MULTIPLA 186,PUNTO Van 188AX,PALIO 178BX,SIENA 178_; CITRO\u00cbN: JUMPER Kasten,JUMPER Kasten 244,JUMPER Bus,JUMPER Pritsche\/Fahrgestell,JUMPER Bus 244, Z_,JUMPER Pritsche\/Fahrgestell 244; PEUGEOT: BOXER Kasten,BOXER Kasten 244,BOXER Bus,BOXER Pritsche\/Fahrgestell,BOXER Bus 244, Z_,BOXER Pritsche\/Fahrgestell 244; 96629454, 96816473, 1606267680, 1606450480, 1606450580, 1631487880, 190180, 190189, 190190, 190196, 190698, 1906C4, 96629454, 0000071743888, 0000071746975, 0000077365902, 0001346387080, 0001352490080, 1345984080, 1346387080, 1352490080, 1352491080, 1362976080, 1362977080, 1368127080, 46849581, 51713215, 51738508, 51750286, 51753547, 51757948, 51764484, 51772541, 51773591, 51773592, 51776608, 51779083, 71743888, 71746975, 77362340, 77363600, 77365864, 77365902, 13122587, 13179060, 13204107, 93179235, 93179236, 93193621, 95599129, 95599700, 77362340, 46849581, 51772541, 51776608, 71746975, 77362340, 77365864, 77365902, 0813035, 0813036, 0813037, 0813040, 0813042, 0813043, 0813044, 0813569, 0818012, 13122587, 13179060, 13204107, 4708795, 4803001, 4807214, 813035, 813036, 813037, 813040, 813042, 813043, 813044, 813569, 8135690, 818012, 818032, 8315690, 93179235, 93179236, 93181377, 93186524, 93186525, 93193621, 95599129, 95599700, 96629454, 96816473, 1606267680, 1606450480, 1606450580, 1&#8230;<\/p>\n","protected":false},"excerpt":{"rendered":"<p>MAHLE ORIGINAL Polttoainesuodatin KX 208D  DAEWOO,SUZUKI,CHEVROLET,TOSCA,SWIFT III MZ, EZ,SWIFT IV FZ, NZ,SX4 EY, GY,WAGON R+ MM,SPLASH,IGNIS II<\/p>\n","protected":false},"featured_media":0,"template":"","meta":{"site-sidebar-layout":"default","site-content-layout":"default","ast-global-header-display":"","ast-main-header-display":"","ast-hfb-above-header-display":"","ast-hfb-below-header-display":"","ast-hfb-mobile-header-display":"","site-post-title":"","ast-breadcrumbs-content":"","ast-featured-img":"","footer-sml-layout":"","theme-transparent-header-meta":"","adv-header-id-meta":"","stick-header-meta":"","header-above-stick-meta":"","header-main-stick-meta":"","header-below-stick-meta":""},"pwb-brand":[153],"product_cat":[29],"product_tag":[],"class_list":{"0":"post-26160","1":"product","2":"type-product","3":"status-publish","5":"pwb-brand-mahle-original","6":"product_cat-polttoainesuodatin","7":"desktop-align-left","8":"tablet-align-left","9":"mobile-align-left","11":"first","12":"instock","13":"product-type-external"},"brands":[{"id":153,"name":"MAHLE ORIGINAL","slug":"mahle-original"}],"_links":{"self":[{"href":"https:\/\/www.autonvaraosahaku.fi\/index.php?rest_route=\/wp\/v2\/product\/26160","targetHints":{"allow":["GET"]}}],"collection":[{"href":"https:\/\/www.autonvaraosahaku.fi\/index.php?rest_route=\/wp\/v2\/product"}],"about":[{"href":"https:\/\/www.autonvaraosahaku.fi\/index.php?rest_route=\/wp\/v2\/types\/product"}],"wp:attachment":[{"href":"https:\/\/www.autonvaraosahaku.fi\/index.php?rest_route=%2Fwp%2Fv2%2Fmedia&parent=26160"}],"wp:term":[{"taxonomy":"pwb-brand","embeddable":true,"href":"https:\/\/www.autonvaraosahaku.fi\/index.php?rest_route=%2Fwp%2Fv2%2Fpwb-brand&post=26160"},{"taxonomy":"product_cat","embeddable":true,"href":"https:\/\/www.autonvaraosahaku.fi\/index.php?rest_route=%2Fwp%2Fv2%2Fproduct_cat&post=26160"},{"taxonomy":"product_tag","embeddable":true,"href":"https:\/\/www.autonvaraosahaku.fi\/index.php?rest_route=%2Fwp%2Fv2%2Fproduct_tag&post=26160"}],"curies":[{"name":"wp","href":"https:\/\/api.w.org\/{rel}","templated":true}]}}