{"id":26192,"date":"2021-02-21T15:00:43","date_gmt":"2021-02-21T15:00:43","guid":{"rendered":"https:\/\/www.autonvaraosahaku.fi\/?product=febi-bilstein-04544-hydraulinen-venttiilinnostin"},"modified":"2021-02-21T15:00:45","modified_gmt":"2021-02-21T15:00:45","slug":"febi-bilstein-04544-hydraulinen-venttiilinnostin","status":"publish","type":"product","link":"https:\/\/www.autonvaraosahaku.fi\/?product=febi-bilstein-04544-hydraulinen-venttiilinnostin","title":{"rendered":"FEBI BILSTEIN 04544 Hydraulinen venttiilinnostin"},"content":{"rendered":"<p>Paino [kg]: 0,09, 0,09; Lis\u00e4tarvike\/lis\u00e4tieto: Asennusmateriaalilla; Huomioi tekniset tiedot: ; BMW: 3 E30,5 E34,3 Cabriolet E30,7 E32,02 E10,5 E28,6 E24,3 E21,7 E23,5 E12,02 Touring E6,02 Cabriolet E10; 11331271833, 11331271833S, 11331271833S1<\/p>\n","protected":false},"excerpt":{"rendered":"<p>FEBI BILSTEIN Keinuvipu, Moottorins\u00e4\u00e4t\u00f6 04544  BMW,3 E30,5 E34,3 Cabriolet E30,7 E32,02 E10,5 E28,6 E24,3 E21,7 E23,5 E12,02 Touring E6<\/p>\n","protected":false},"featured_media":0,"template":"","meta":{"site-sidebar-layout":"default","site-content-layout":"default","ast-global-header-display":"","ast-main-header-display":"","ast-hfb-above-header-display":"","ast-hfb-below-header-display":"","ast-hfb-mobile-header-display":"","site-post-title":"","ast-breadcrumbs-content":"","ast-featured-img":"","footer-sml-layout":"","theme-transparent-header-meta":"","adv-header-id-meta":"","stick-header-meta":"","header-above-stick-meta":"","header-main-stick-meta":"","header-below-stick-meta":""},"pwb-brand":[50],"product_cat":[126],"product_tag":[],"class_list":{"0":"post-26192","1":"product","2":"type-product","3":"status-publish","5":"pwb-brand-febi-bilstein","6":"product_cat-hydraulinen-venttiilinnostin","7":"desktop-align-left","8":"tablet-align-left","9":"mobile-align-left","11":"first","12":"instock","13":"product-type-external"},"brands":[{"id":50,"name":"FEBI BILSTEIN","slug":"febi-bilstein"}],"_links":{"self":[{"href":"https:\/\/www.autonvaraosahaku.fi\/index.php?rest_route=\/wp\/v2\/product\/26192","targetHints":{"allow":["GET"]}}],"collection":[{"href":"https:\/\/www.autonvaraosahaku.fi\/index.php?rest_route=\/wp\/v2\/product"}],"about":[{"href":"https:\/\/www.autonvaraosahaku.fi\/index.php?rest_route=\/wp\/v2\/types\/product"}],"wp:attachment":[{"href":"https:\/\/www.autonvaraosahaku.fi\/index.php?rest_route=%2Fwp%2Fv2%2Fmedia&parent=26192"}],"wp:term":[{"taxonomy":"pwb-brand","embeddable":true,"href":"https:\/\/www.autonvaraosahaku.fi\/index.php?rest_route=%2Fwp%2Fv2%2Fpwb-brand&post=26192"},{"taxonomy":"product_cat","embeddable":true,"href":"https:\/\/www.autonvaraosahaku.fi\/index.php?rest_route=%2Fwp%2Fv2%2Fproduct_cat&post=26192"},{"taxonomy":"product_tag","embeddable":true,"href":"https:\/\/www.autonvaraosahaku.fi\/index.php?rest_route=%2Fwp%2Fv2%2Fproduct_tag&post=26192"}],"curies":[{"name":"wp","href":"https:\/\/api.w.org\/{rel}","templated":true}]}}