{"id":26225,"date":"2021-02-21T15:00:52","date_gmt":"2021-02-21T15:00:52","guid":{"rendered":"https:\/\/www.autonvaraosahaku.fi\/?product=febi-bilstein-10633-pyoranpultit"},"modified":"2021-02-21T15:00:53","modified_gmt":"2021-02-21T15:00:53","slug":"febi-bilstein-10633-pyoranpultit","status":"publish","type":"product","link":"https:\/\/www.autonvaraosahaku.fi\/?product=febi-bilstein-10633-pyoranpultit","title":{"rendered":"FEBI BILSTEIN 10633 Py\u00f6r\u00e4npultit"},"content":{"rendered":"<p>Pituus (mm): 40; Ulkokierre [mm]: M12 x 1,25; Kierteen pituus (mm): 22; Laatu \/ luokka: 8.8; Avainv\u00e4li: 19; Ruuvikanta\/mutteriprofiili: Kuusioruuvi \/-mutteri; Py\u00f6r\u00e4n kiinnitys: Kartiolaippa F; Materiaali: Ter\u00e4s; Pinta: Sinkki-liuska-pinnoite; Ruuvin pituus ilman p\u00e4\u00e4t\u00e4: 22; Asennuspuoli: Etuakseli, Taka-akseli; Paino [kg]: 0,054; Huomioi huolto-ohjeet: , ; Valmistusvuosi alkaen: 12\/1997; LANCIA: Y 840A,DELTA II 836,DEDRA 835,DEDRA SW 835; FIAT: PUNTO 176,BRAVO I 182,BRAVA 182,PUNTO Cabriolet 176C,MAREA Weekend 185,TIPO 160,MAREA 185,TEMPRA 159,PUNTO Van 176L,TEMPRA S.W. 159; ALFA ROMEO: 156 Sportwagon 932,156 932,145 930,146 930; 13228874, 13230024, 60811414, 0060810476, 13230024, 46407415, 60810476, 13230024; Py\u00f6r\u00e4nruuvi<\/p>\n","protected":false},"excerpt":{"rendered":"<p>FEBI BILSTEIN Py\u00f6r\u00e4npultit 10633 Py\u00f6r\u00e4nruuvi LANCIA,FIAT,ALFA ROMEO,Y 840A,DELTA II 836,DEDRA 835,DEDRA SW 835,PUNTO 176,BRAVO I 182,BRAVA 182<\/p>\n","protected":false},"featured_media":0,"template":"","meta":{"site-sidebar-layout":"default","site-content-layout":"default","ast-global-header-display":"","ast-main-header-display":"","ast-hfb-above-header-display":"","ast-hfb-below-header-display":"","ast-hfb-mobile-header-display":"","site-post-title":"","ast-breadcrumbs-content":"","ast-featured-img":"","footer-sml-layout":"","theme-transparent-header-meta":"","adv-header-id-meta":"","stick-header-meta":"","header-above-stick-meta":"","header-main-stick-meta":"","header-below-stick-meta":""},"pwb-brand":[50],"product_cat":[51],"product_tag":[],"class_list":{"0":"post-26225","1":"product","2":"type-product","3":"status-publish","5":"pwb-brand-febi-bilstein","6":"product_cat-pyoranpultit","7":"desktop-align-left","8":"tablet-align-left","9":"mobile-align-left","11":"first","12":"instock","13":"product-type-external"},"brands":[{"id":50,"name":"FEBI BILSTEIN","slug":"febi-bilstein"}],"_links":{"self":[{"href":"https:\/\/www.autonvaraosahaku.fi\/index.php?rest_route=\/wp\/v2\/product\/26225","targetHints":{"allow":["GET"]}}],"collection":[{"href":"https:\/\/www.autonvaraosahaku.fi\/index.php?rest_route=\/wp\/v2\/product"}],"about":[{"href":"https:\/\/www.autonvaraosahaku.fi\/index.php?rest_route=\/wp\/v2\/types\/product"}],"wp:attachment":[{"href":"https:\/\/www.autonvaraosahaku.fi\/index.php?rest_route=%2Fwp%2Fv2%2Fmedia&parent=26225"}],"wp:term":[{"taxonomy":"pwb-brand","embeddable":true,"href":"https:\/\/www.autonvaraosahaku.fi\/index.php?rest_route=%2Fwp%2Fv2%2Fpwb-brand&post=26225"},{"taxonomy":"product_cat","embeddable":true,"href":"https:\/\/www.autonvaraosahaku.fi\/index.php?rest_route=%2Fwp%2Fv2%2Fproduct_cat&post=26225"},{"taxonomy":"product_tag","embeddable":true,"href":"https:\/\/www.autonvaraosahaku.fi\/index.php?rest_route=%2Fwp%2Fv2%2Fproduct_tag&post=26225"}],"curies":[{"name":"wp","href":"https:\/\/api.w.org\/{rel}","templated":true}]}}