{"id":26250,"date":"2021-02-21T15:00:56","date_gmt":"2021-02-21T15:00:56","guid":{"rendered":"https:\/\/www.autonvaraosahaku.fi\/?product=topran-115-165-valokatkaisin"},"modified":"2021-02-21T15:00:58","modified_gmt":"2021-02-21T15:00:58","slug":"topran-115-165-valokatkaisin","status":"publish","type":"product","link":"https:\/\/www.autonvaraosahaku.fi\/?product=topran-115-165-valokatkaisin","title":{"rendered":"TOPRAN 115 165 Valokatkaisin"},"content":{"rendered":"<p>Katkaisijavalaistus: Punainen; V\u00e4ri: Kromi\/musta; V\u00e4rikoodi: XSH; K\u00e4ytt\u00f6tapa: K\u00e4\u00e4nt\u00f6kytkin, Vetokytkin; Yhdistelm\u00e4kytkintoiminto: Sumutakavalotoiminnolla, P\u00e4\u00e4lle\/pois-katkaisija, Sumuvalolla; Varusteet: Autoille ilman sumuvaloja, ajoneuvoille ilman ajovaloautomatiikkaa; Moottorinumero: CMXA; VW: GOLF V 1K1,TOURAN 1T1, 1T2,GOLF VI 5K1,PASSAT Variant 3C5,GOLF PLUS 5M1, 521,PASSAT 3C2,TIGUAN 5N_,PASSAT Variant 365,CADDY III Kombi 2KB, 2KJ, 2CB, 2CJ,TRANSPORTER V Bus 7HB, 7HJ, 7EB, 7EJ, 7EF,TOURAN 1T3,GOLF VI Variant AJ5,GOLF V Variant 1K5,CADDY III Kasten 2KA, 2KH, 2CA, 2CH,SCIROCCO 137, 138,TRANSPORTER V Kasten 7HA, 7HH, 7EA, 7EH,SHARAN 7N1, 7N2,JETTA III 1K2,PASSAT 362,AMAROK 2H_, S1B,BEETLE 5C1,JETTA IV 162, 163,TRANSPORTER V Pritsche\/Fahrgestell 7JD, 7JE, 7JL, 7JY, 7JZ,,BEETLE Cabriolet 5C7,CADDY IV Kombi SAB, SAJ,TRANSPORTER VI Bus SGB, SGG, SGJ,TRANSPORTER VI Kasten SGA, SGH,CADDY IV Kasten SAA, SAH,TRANSPORTER VI Pritsche\/Fahrgestell SFD, SFE, SFL, SFZ; SEAT: ALHAMBRA 710, 711; 1K0941431AH, 1K0941431AHREH, 1K0941431B, 1K0941431BB, 1K0941431BBREH, 1K0941431BREH, 1K0941431P, 1K0941431PREH, 1T0941431B, 1T0941431BREH, 1T0941431P, 1T0941431PREH, 1T0941431PWHS, 3C8941431B, 3C8941431BXSH, 1K0941431AH, 1K0941431AHREH, 1K0941431B, 1K0941431BB, 1K0941431BBREH, 1K0941431BREH, 1K0941431P, 1K0941431PREH, 1T0941431B, 1T0941431BREH, 1T0941431P, 1T0941431PREH, 1T0941431PWHS, 3C8941431B, 3C8941431BXSH; Ajovalokytkin,Kytkin, Ajovalo<\/p>\n","protected":false},"excerpt":{"rendered":"<p>TOPRAN Valokatkaisin 115 165 Ajovalokytkin,Kytkin, Ajovalo VW,SEAT,GOLF V 1K1,TOURAN 1T1, 1T2,GOLF VI 5K1,PASSAT Variant 3C5,GOLF PLUS 5M1, 521<\/p>\n","protected":false},"featured_media":0,"template":"","meta":{"site-sidebar-layout":"default","site-content-layout":"default","ast-global-header-display":"","ast-main-header-display":"","ast-hfb-above-header-display":"","ast-hfb-below-header-display":"","ast-hfb-mobile-header-display":"","site-post-title":"","ast-breadcrumbs-content":"","ast-featured-img":"","footer-sml-layout":"","theme-transparent-header-meta":"","adv-header-id-meta":"","stick-header-meta":"","header-above-stick-meta":"","header-main-stick-meta":"","header-below-stick-meta":""},"pwb-brand":[18],"product_cat":[136],"product_tag":[],"class_list":{"0":"post-26250","1":"product","2":"type-product","3":"status-publish","5":"pwb-brand-topran","6":"product_cat-valokatkaisin","7":"desktop-align-left","8":"tablet-align-left","9":"mobile-align-left","11":"first","12":"instock","13":"product-type-external"},"brands":[{"id":18,"name":"TOPRAN","slug":"topran"}],"_links":{"self":[{"href":"https:\/\/www.autonvaraosahaku.fi\/index.php?rest_route=\/wp\/v2\/product\/26250","targetHints":{"allow":["GET"]}}],"collection":[{"href":"https:\/\/www.autonvaraosahaku.fi\/index.php?rest_route=\/wp\/v2\/product"}],"about":[{"href":"https:\/\/www.autonvaraosahaku.fi\/index.php?rest_route=\/wp\/v2\/types\/product"}],"wp:attachment":[{"href":"https:\/\/www.autonvaraosahaku.fi\/index.php?rest_route=%2Fwp%2Fv2%2Fmedia&parent=26250"}],"wp:term":[{"taxonomy":"pwb-brand","embeddable":true,"href":"https:\/\/www.autonvaraosahaku.fi\/index.php?rest_route=%2Fwp%2Fv2%2Fpwb-brand&post=26250"},{"taxonomy":"product_cat","embeddable":true,"href":"https:\/\/www.autonvaraosahaku.fi\/index.php?rest_route=%2Fwp%2Fv2%2Fproduct_cat&post=26250"},{"taxonomy":"product_tag","embeddable":true,"href":"https:\/\/www.autonvaraosahaku.fi\/index.php?rest_route=%2Fwp%2Fv2%2Fproduct_tag&post=26250"}],"curies":[{"name":"wp","href":"https:\/\/api.w.org\/{rel}","templated":true}]}}