{"id":26252,"date":"2021-02-21T15:00:56","date_gmt":"2021-02-21T15:00:56","guid":{"rendered":"https:\/\/www.autonvaraosahaku.fi\/?product=topran-115-116-lasinnostimen-kytkin"},"modified":"2021-02-21T15:00:58","modified_gmt":"2021-02-21T15:00:58","slug":"topran-115-116-lasinnostimen-kytkin","status":"publish","type":"product","link":"https:\/\/www.autonvaraosahaku.fi\/?product=topran-115-116-lasinnostimen-kytkin","title":{"rendered":"TOPRAN 115 116 Lasinnostimen kytkin"},"content":{"rendered":"<p>Asennuspuoli: Etu, vasen, Edess\u00e4, Ajoneuvo-ovi; V\u00e4ri: musta\/valkoinen; V\u00e4rikoodi: REH; K\u00e4ytt\u00f6tapa: Vipukytkin; Varusteet: ajon. s\u00e4hk\u00f6-ikkunanostimilla edess\u00e4; Vasen \/ oikea liikenne: Oikean-\/vasemmanpuolinen ohjaus; Kotelomateriaali: Muovi; Asennusmalli: Liitin; Moottorinumero: CMXA; VW: GOLF V 1K1,TOURAN 1T1, 1T2,GOLF VI 5K1,PASSAT Variant 3C5,PASSAT 3C2,POLO 6R, 6C,CADDY III Kombi 2KB, 2KJ, 2CB, 2CJ,TOURAN 1T3,GOLF V Variant 1K5,CADDY III Kasten 2KA, 2KH, 2CA, 2CH,EOS 1F7, 1F8,SCIROCCO 137, 138,AMAROK 2H_, S1B,CADDY IV Kombi SAB, SAJ,TRANSPORTER VI Bus SGB, SGG, SGJ,TRANSPORTER VI Kasten SGA, SGH,CADDY IV Kasten SAA, SAH,TRANSPORTER VI Pritsche\/Fahrgestell SFD, SFE, SFL, SFZ; SEAT: LEON 1P1,IBIZA V 6J5, 6P5,ALTEA 5P1,ALTEA XL 5P5, 5P8,IBIZA V ST 6J8, 6P8,IBIZA V SPORTCOUPE 6J1, 6P1,TOLEDO III 5P2; 1K3857857B, 1K3959857, 1K3959857A, 1K3959857AREH, 1K3959857BREH, 1K3959857C, 1K3959857CREH, 1K3959857REH, 2K0959857, 2K0959857A, 2K0959857AREH, 2K0959857C, 2K0959857CREH, 2K0959857REH, 1K3857857B, 1K3959857, 1K3959857A, 1K3959857AREH, 1K3959857BREH, 1K3959857C, 1K3959857CREH, 1K3959857REH, 2K0959857, 2K0959857A, 2K0959857AREH, 2K0959857C, 2K0959857CREH, 2K0959857REH; Kytkin, Lasinnostin<\/p>\n","protected":false},"excerpt":{"rendered":"<p>TOPRAN Lasinnostimen Kytkin 115 116 Kytkin, Lasinnostin VW,SEAT,GOLF V 1K1,TOURAN 1T1, 1T2,GOLF VI 5K1,PASSAT Variant 3C5,PASSAT 3C2,POLO 6R, 6C<\/p>\n","protected":false},"featured_media":0,"template":"","meta":{"site-sidebar-layout":"default","site-content-layout":"default","ast-global-header-display":"","ast-main-header-display":"","ast-hfb-above-header-display":"","ast-hfb-below-header-display":"","ast-hfb-mobile-header-display":"","site-post-title":"","ast-breadcrumbs-content":"","ast-featured-img":"","footer-sml-layout":"","theme-transparent-header-meta":"","adv-header-id-meta":"","stick-header-meta":"","header-above-stick-meta":"","header-main-stick-meta":"","header-below-stick-meta":""},"pwb-brand":[18],"product_cat":[135],"product_tag":[],"class_list":{"0":"post-26252","1":"product","2":"type-product","3":"status-publish","5":"pwb-brand-topran","6":"product_cat-lasinnostimen-kytkin","7":"desktop-align-left","8":"tablet-align-left","9":"mobile-align-left","11":"first","12":"instock","13":"product-type-external"},"brands":[{"id":18,"name":"TOPRAN","slug":"topran"}],"_links":{"self":[{"href":"https:\/\/www.autonvaraosahaku.fi\/index.php?rest_route=\/wp\/v2\/product\/26252","targetHints":{"allow":["GET"]}}],"collection":[{"href":"https:\/\/www.autonvaraosahaku.fi\/index.php?rest_route=\/wp\/v2\/product"}],"about":[{"href":"https:\/\/www.autonvaraosahaku.fi\/index.php?rest_route=\/wp\/v2\/types\/product"}],"wp:attachment":[{"href":"https:\/\/www.autonvaraosahaku.fi\/index.php?rest_route=%2Fwp%2Fv2%2Fmedia&parent=26252"}],"wp:term":[{"taxonomy":"pwb-brand","embeddable":true,"href":"https:\/\/www.autonvaraosahaku.fi\/index.php?rest_route=%2Fwp%2Fv2%2Fpwb-brand&post=26252"},{"taxonomy":"product_cat","embeddable":true,"href":"https:\/\/www.autonvaraosahaku.fi\/index.php?rest_route=%2Fwp%2Fv2%2Fproduct_cat&post=26252"},{"taxonomy":"product_tag","embeddable":true,"href":"https:\/\/www.autonvaraosahaku.fi\/index.php?rest_route=%2Fwp%2Fv2%2Fproduct_tag&post=26252"}],"curies":[{"name":"wp","href":"https:\/\/api.w.org\/{rel}","templated":true}]}}