{"id":26268,"date":"2021-02-21T15:01:01","date_gmt":"2021-02-21T15:01:01","guid":{"rendered":"https:\/\/www.autonvaraosahaku.fi\/?product=mahle-original-oc-21-oljynsuodatin"},"modified":"2021-02-21T15:01:02","modified_gmt":"2021-02-21T15:01:02","slug":"mahle-original-oc-21-oljynsuodatin","status":"publish","type":"product","link":"https:\/\/www.autonvaraosahaku.fi\/?product=mahle-original-oc-21-oljynsuodatin","title":{"rendered":"MAHLE ORIGINAL OC 21 \u00d6ljynsuodatin"},"content":{"rendered":"<p>Suodatintyyppi: Ruuvattava suodatin; L\u00e4pimitta [mm]: 76,0; Korkeus (mm): 80,0; Ulkol\u00e4pimitta 2 [mm]: 72,0; Sis\u00e4l\u00e4pimitta 2 [mm]: 62,0; Liitinkierre: 3\/4-16UNF-2B; Kiristysmomentti: 20; Suositellun erikoisty\u00f6kalun tuotenumero: OCS 1; Paino [g]: 0,64; Korkeus (tuumaa): 3,17; Leveys (tuumaa): 3,09; Pituus (tuumaa): 3,09; Valmistusvuosi alkaen: 09\/1970; OPEL: OMEGA A 16_, 17_, 19_,KADETT E CC 33_, 34_, 43_, 44_,CORSA A CC 93_, 94_, 98_, 99_,FRONTERA A 5_MWL4,KADETT C Coupe,MANTA B 58_, 59_,KADETT B,MONZA A 22_,KADETT C,OPEL,ASCONA B 81_, 86_, 87_, 88_,ASCONA C 81_, 86_, 87_, 88_,REKORD E 17_-19_, 11_, 14_, 16_,SENATOR A 29_,MANTA A 58_, 59_,OMEGA A Caravan 66_, 67_,CORSA A TR 91_, 92_, 96_, 97_,REKORD C,KADETT D 31_-34_, 41_-44_,KADETT E 39_, 49_,KADETT B Coupe,ASCONA C CC 84_, 89_,REKORD D,REKORD P2,REKORD P1,KADETT E Caravan 35_, 36_, 45_, 46_,ASCONA A 81_, 86_, 87_, 88_,MANTA B CC 53_, 55_,KADETT C City,REKORD A,REKORD C Coupe,KADETT A,REKORD B,REKORD E Caravan 61_, 66_, 67_,KADETT D 32_,37_,39, _42,REKORD D Coupe,KADETT C Caravan,KADETT B Caravan,REKORD C Caravan,KADETT A Coupe,KADETT D Caravan 35_, 36_, 45_, 46_,CORSA A Kasten,REKORD A Coupe,KADETT E Kasten 37_, 47_,REKORD D Caravan,REKORD P1 Caravan,REKORD B Coupe,ASCONA A Voyage 84_, 89_,REKORD B Caravan,KADETT A Caravan; ROVER: MINI,MINI Cabriolet XN,MINI-MOKE; FORD: FIESTA VI,KUGA II DM2,FIESTA Stufenheck JA8 JR8,ECOSPORT,MONDEO IV Stufenheck BA7,CAPRI III GECP,ESCORT &#8217;95 Express AVL,ESCORT II ATH,ESCORT I AFH, ATH,CAPRI II GECP,ESCORT II Kombi,ESCORT I Kombi ADH,MONDEO V Stufenheck,GALAXY,KUGA II Van,FOCUS III Kasten\/Schr\u00e4gheck,KA + Stufenheck; MG: METRO; VAUXHALL: ASTRA Mk II CC,FRONTERA Mk I A,CAVALIER Mk II CC,NOVA,NOVA CC; INNOCENTI: MINI; BEDFORD: BLITZ CF97; AUSTIN: MINI,METRO,ALLEGRO Schr\u00e4gheck ADO 67,PRINCESS,MAXI,MAXI II,ALLEGRO Kombi ADO 67; 7884256, 7965051, 7973235, 7973429, 7984256, 1457512, 1462805, 1498014, 1536304, 1553370, 1555370, 1559937, 2735E6714B, 5002530, 5003329, 5003331, 5003914, 5003929, 5003930, 5003968, 5004926, 5008678, 5011780, 5011782, 5013143, 5013319, 6041176, 631M6714AA, 691M6714AA, 741M6714AA, 741M6714BA, 741M6714CA, 7C19V41057BA, 7S71Y64416KA1ERU, 8M21T60017CD1EM8, A690X6A692RA, A700X6714AA, A760X6714KA, A770X6714ACA, A770X6714BA, A770X6714DA, A770X6714NA, A770X6714SA, A770X6714TA, A780X6714EA, A810X6714DA, A830X6714AAA, A830X6714TA, A840X6714AFA, A840X6714SA, DIPJ9714AA, DOAY6731A, DORY6731A, EFL027, EFL159, EFL27, EFL27S, EFL89, EFL89S, W303223, 6438162, 7984256, 7984326, 90027778, 93156299, 93156958, 38186376, 0650400, 09281199, 12597637, 2866477, 650352, 650364, 650365, 650369, 650370, 650371, 650373, 650400, 7984256, 90027778, 93156299, 93156958, VOF136, 1109C5, 12G2400, 12G2400EVA, 12G2400SLP, 13H9090, 13H9104, TAM1113, 5081070030, 50810787, 6100448, 74221405, 75061410, 7984256, 93156299, &#8230;<\/p>\n","protected":false},"excerpt":{"rendered":"<p>MAHLE ORIGINAL \u00d6ljynsuodatin OC 21  OPEL,ROVER,FORD,OMEGA A 16_, 17_, 19_,KADETT E CC 33_, 34_, 43_, 44_,CORSA A CC 93_, 94_, 98_, 99_<\/p>\n","protected":false},"featured_media":0,"template":"","meta":{"site-sidebar-layout":"default","site-content-layout":"default","ast-global-header-display":"","ast-main-header-display":"","ast-hfb-above-header-display":"","ast-hfb-below-header-display":"","ast-hfb-mobile-header-display":"","site-post-title":"","ast-breadcrumbs-content":"","ast-featured-img":"","footer-sml-layout":"","theme-transparent-header-meta":"","adv-header-id-meta":"","stick-header-meta":"","header-above-stick-meta":"","header-main-stick-meta":"","header-below-stick-meta":""},"pwb-brand":[153],"product_cat":[30],"product_tag":[],"class_list":{"0":"post-26268","1":"product","2":"type-product","3":"status-publish","5":"pwb-brand-mahle-original","6":"product_cat-oljynsuodatin","7":"desktop-align-left","8":"tablet-align-left","9":"mobile-align-left","11":"first","12":"instock","13":"product-type-external"},"brands":[{"id":153,"name":"MAHLE ORIGINAL","slug":"mahle-original"}],"_links":{"self":[{"href":"https:\/\/www.autonvaraosahaku.fi\/index.php?rest_route=\/wp\/v2\/product\/26268","targetHints":{"allow":["GET"]}}],"collection":[{"href":"https:\/\/www.autonvaraosahaku.fi\/index.php?rest_route=\/wp\/v2\/product"}],"about":[{"href":"https:\/\/www.autonvaraosahaku.fi\/index.php?rest_route=\/wp\/v2\/types\/product"}],"wp:attachment":[{"href":"https:\/\/www.autonvaraosahaku.fi\/index.php?rest_route=%2Fwp%2Fv2%2Fmedia&parent=26268"}],"wp:term":[{"taxonomy":"pwb-brand","embeddable":true,"href":"https:\/\/www.autonvaraosahaku.fi\/index.php?rest_route=%2Fwp%2Fv2%2Fpwb-brand&post=26268"},{"taxonomy":"product_cat","embeddable":true,"href":"https:\/\/www.autonvaraosahaku.fi\/index.php?rest_route=%2Fwp%2Fv2%2Fproduct_cat&post=26268"},{"taxonomy":"product_tag","embeddable":true,"href":"https:\/\/www.autonvaraosahaku.fi\/index.php?rest_route=%2Fwp%2Fv2%2Fproduct_tag&post=26268"}],"curies":[{"name":"wp","href":"https:\/\/api.w.org\/{rel}","templated":true}]}}