{"id":26274,"date":"2021-02-21T15:01:01","date_gmt":"2021-02-21T15:01:01","guid":{"rendered":"https:\/\/www.autonvaraosahaku.fi\/?product=dt-1-17026-pyoranpultit"},"modified":"2021-02-21T15:01:03","modified_gmt":"2021-02-21T15:01:03","slug":"dt-1-17026-pyoranpultit","status":"publish","type":"product","link":"https:\/\/www.autonvaraosahaku.fi\/?product=dt-1-17026-pyoranpultit","title":{"rendered":"DT 1.17026 Py\u00f6r\u00e4npultit"},"content":{"rendered":"<p>Py\u00f6r\u00e4n kiinnitys: Sile\u00e4 istukka; Paino [g]: 150; Avainv\u00e4li: 33; Kierremitta: 7\/8 x 11 BSF; Tunnusluku: P; SCANIA: 3 &#8211; series,3 &#8211; series bus,4 &#8211; series,4 &#8211; series bus,K &#8211; series,P,G,R,T &#8211; series,TOURING; Py\u00f6r\u00e4n Mutteri<\/p>\n","protected":false},"excerpt":{"rendered":"<p>DT Py\u00f6r\u00e4nmutterit 1.17026 Py\u00f6r\u00e4n Mutteri SCANIA,3 &#8211; series,3 &#8211; series bus,4 &#8211; series,4 &#8211; series bus,K &#8211; series,P,G,R,T &#8211; series,TOURING<\/p>\n","protected":false},"featured_media":0,"template":"","meta":{"site-sidebar-layout":"default","site-content-layout":"default","ast-global-header-display":"","ast-main-header-display":"","ast-hfb-above-header-display":"","ast-hfb-below-header-display":"","ast-hfb-mobile-header-display":"","site-post-title":"","ast-breadcrumbs-content":"","ast-featured-img":"","footer-sml-layout":"","theme-transparent-header-meta":"","adv-header-id-meta":"","stick-header-meta":"","header-above-stick-meta":"","header-main-stick-meta":"","header-below-stick-meta":""},"pwb-brand":[75],"product_cat":[51],"product_tag":[],"class_list":{"0":"post-26274","1":"product","2":"type-product","3":"status-publish","5":"pwb-brand-dt","6":"product_cat-pyoranpultit","7":"desktop-align-left","8":"tablet-align-left","9":"mobile-align-left","11":"first","12":"instock","13":"product-type-external"},"brands":[{"id":75,"name":"DT","slug":"dt"}],"_links":{"self":[{"href":"https:\/\/www.autonvaraosahaku.fi\/index.php?rest_route=\/wp\/v2\/product\/26274","targetHints":{"allow":["GET"]}}],"collection":[{"href":"https:\/\/www.autonvaraosahaku.fi\/index.php?rest_route=\/wp\/v2\/product"}],"about":[{"href":"https:\/\/www.autonvaraosahaku.fi\/index.php?rest_route=\/wp\/v2\/types\/product"}],"wp:attachment":[{"href":"https:\/\/www.autonvaraosahaku.fi\/index.php?rest_route=%2Fwp%2Fv2%2Fmedia&parent=26274"}],"wp:term":[{"taxonomy":"pwb-brand","embeddable":true,"href":"https:\/\/www.autonvaraosahaku.fi\/index.php?rest_route=%2Fwp%2Fv2%2Fpwb-brand&post=26274"},{"taxonomy":"product_cat","embeddable":true,"href":"https:\/\/www.autonvaraosahaku.fi\/index.php?rest_route=%2Fwp%2Fv2%2Fproduct_cat&post=26274"},{"taxonomy":"product_tag","embeddable":true,"href":"https:\/\/www.autonvaraosahaku.fi\/index.php?rest_route=%2Fwp%2Fv2%2Fproduct_tag&post=26274"}],"curies":[{"name":"wp","href":"https:\/\/api.w.org\/{rel}","templated":true}]}}