{"id":26277,"date":"2021-02-21T15:01:01","date_gmt":"2021-02-21T15:01:01","guid":{"rendered":"https:\/\/www.autonvaraosahaku.fi\/?product=ridex-273c0153-alatukivarsi"},"modified":"2021-02-21T15:01:04","modified_gmt":"2021-02-21T15:01:04","slug":"ridex-273c0153-alatukivarsi","status":"publish","type":"product","link":"https:\/\/www.autonvaraosahaku.fi\/?product=ridex-273c0153-alatukivarsi","title":{"rendered":"RIDEX 273C0153 Alatukivarsi"},"content":{"rendered":"<p>Pituus (mm): 595; Ohjausmalli: Poikittaistukivarsi; Asennuspuoli: Taka-akseli, molemminpuolinen, Takana; Paino [kg]: 0,77; Tarvittava kappalem\u00e4\u00e4r\u00e4: 2; Moottorinumero: AR32102; ALFA ROMEO: 147 937,156 Sportwagon 932,156 932,GT 937; 46802680, 46802681, 51749713, 60652167; Tukivarsi,Tukivarsi, Py\u00f6r\u00e4ntuenta<\/p>\n","protected":false},"excerpt":{"rendered":"<p>RIDEX Alatukivarsi 273C0153 Tukivarsi,Tukivarsi, Py\u00f6r\u00e4ntuenta ALFA ROMEO,147 937,156 Sportwagon 932,156 932,GT 937<\/p>\n","protected":false},"featured_media":0,"template":"","meta":{"site-sidebar-layout":"default","site-content-layout":"default","ast-global-header-display":"","ast-main-header-display":"","ast-hfb-above-header-display":"","ast-hfb-below-header-display":"","ast-hfb-mobile-header-display":"","site-post-title":"","ast-breadcrumbs-content":"","ast-featured-img":"","footer-sml-layout":"","theme-transparent-header-meta":"","adv-header-id-meta":"","stick-header-meta":"","header-above-stick-meta":"","header-main-stick-meta":"","header-below-stick-meta":""},"pwb-brand":[157],"product_cat":[62],"product_tag":[],"class_list":{"0":"post-26277","1":"product","2":"type-product","3":"status-publish","5":"pwb-brand-ridex","6":"product_cat-alatukivarsi","7":"desktop-align-left","8":"tablet-align-left","9":"mobile-align-left","11":"first","12":"instock","13":"product-type-external"},"brands":[{"id":157,"name":"RIDEX","slug":"ridex"}],"_links":{"self":[{"href":"https:\/\/www.autonvaraosahaku.fi\/index.php?rest_route=\/wp\/v2\/product\/26277","targetHints":{"allow":["GET"]}}],"collection":[{"href":"https:\/\/www.autonvaraosahaku.fi\/index.php?rest_route=\/wp\/v2\/product"}],"about":[{"href":"https:\/\/www.autonvaraosahaku.fi\/index.php?rest_route=\/wp\/v2\/types\/product"}],"wp:attachment":[{"href":"https:\/\/www.autonvaraosahaku.fi\/index.php?rest_route=%2Fwp%2Fv2%2Fmedia&parent=26277"}],"wp:term":[{"taxonomy":"pwb-brand","embeddable":true,"href":"https:\/\/www.autonvaraosahaku.fi\/index.php?rest_route=%2Fwp%2Fv2%2Fpwb-brand&post=26277"},{"taxonomy":"product_cat","embeddable":true,"href":"https:\/\/www.autonvaraosahaku.fi\/index.php?rest_route=%2Fwp%2Fv2%2Fproduct_cat&post=26277"},{"taxonomy":"product_tag","embeddable":true,"href":"https:\/\/www.autonvaraosahaku.fi\/index.php?rest_route=%2Fwp%2Fv2%2Fproduct_tag&post=26277"}],"curies":[{"name":"wp","href":"https:\/\/api.w.org\/{rel}","templated":true}]}}