{"id":26285,"date":"2021-02-21T15:01:05","date_gmt":"2021-02-21T15:01:05","guid":{"rendered":"https:\/\/www.autonvaraosahaku.fi\/?product=kyb-354006-iskunvaimennin"},"modified":"2021-02-21T15:01:06","modified_gmt":"2021-02-21T15:01:06","slug":"kyb-354006-iskunvaimennin","status":"publish","type":"product","link":"https:\/\/www.autonvaraosahaku.fi\/?product=kyb-354006-iskunvaimennin","title":{"rendered":"KYB 354006 Iskunvaimennin"},"content":{"rendered":"<p>Asennuspuoli: Taka-akseli; Iskunvaimennin tyyppi: Kaasupaine; Iskunvaimennusj\u00e4rjestelm\u00e4: Kaksiputki; Iskunvaimennin asennustapa: Tappi ylh\u00e4\u00e4ll\u00e4, Silmukka alhaalla; Tuotelinja: Ultra SR; Tuning: 1; Alustarakenne: f\u00fcr Fahrzeuge ohne erh\u00f6hte Bodenfreiheit; VW: GOLF V 1K1,TOURAN 1T1, 1T2,GOLF VI 5K1,PASSAT Variant 3C5,GOLF PLUS 5M1, 521,PASSAT 3C2,PASSAT Variant 365,TOURAN 1T3,GOLF VI Variant AJ5,GOLF V Variant 1K5,SCIROCCO 137, 138,PASSAT CC 357,SHARAN 7N1, 7N2,JETTA III 1K2,PASSAT 362,CC 358,GOLF VI Cabriolet 517,JETTA IV 162, 163,PASSAT A32; AUDI: A3 8P1,A3 Sportback 8PA,A3 Cabriolet 8P7; SKODA: OCTAVIA Combi 1Z5,YETI 5L,OCTAVIA 1Z3; SEAT: LEON 1P1,ALTEA 5P1,ALTEA XL 5P5, 5P8,ALHAMBRA 710, 711,TOLEDO III 5P2; 1K0513029BS, 1K0513029CE, 1K0513029CG, 1K0513029CJ, 1K0513029CK, 1K0513029CM, 1K0513029CQ, 1K0513029CR, 1K0513029DD, 1K0513029DT, 1K0513029ED, 1K0513029EN, 1K0513029ER, 1K0513029FB, 1K0513029FC, 1K0513029FD, 1K0513029FH, 1K0513029FJ, 1K0513029FK, 1K0513029FL, 1K0513029FM, 1K0513029GC, 1K0513029GD, 1K0513029GE, 1K0513029GG, 1K0513029GJ, 1K0513029GK, 1K0513029GT, 1K0513029HA, 1K0513029HB, 1K0513029HC, 1K0513029HE, 1K0513029HF, 1K0513029HL, 1K0513029HM, 1K0513029HQ, 1K0513029HR, 1K0513029HS, 1K0513029HT, 1K0513029JA, 1K0513029JD, 1K0513029JF, 1K0513029JH, 1K0513029JJ, 1K0513029MB, 1K0513029ME, 1K0513029MF, 1K0513029MG, 1K0513029NJ, 1K0513031HQ, 1T0513029D, 1T0513029E, 1T0513029M, 1T0513029N, 1T0513029P, 1T0513029S, 3C0513049AP, 3C0513049AQ, 3C0513049BQ, 3C0513049BR, 561513049, 561513049B, 561513049C, 561513049D, 5C0513025A, 5C0513025D, 5C0513025J, 5C0513029, 5C0513029B, 5C0513029C, 5C0513029D, 5C0513029E, 7N0513049B, 1K0513029FM, 1K0513029GG, 1K0513029GH, 1K0513029HA, 1K0513029JG, 1K051&#8230;; Iskarit,Iskunvaimennin<\/p>\n","protected":false},"excerpt":{"rendered":"<p>KYB Iskunvaimentimet 354006 Iskarit,Iskunvaimennin VW,AUDI,SKODA,GOLF V 1K1,TOURAN 1T1, 1T2,GOLF VI 5K1,PASSAT Variant 3C5,GOLF PLUS 5M1, 521<\/p>\n","protected":false},"featured_media":0,"template":"","meta":{"site-sidebar-layout":"default","site-content-layout":"default","ast-global-header-display":"","ast-main-header-display":"","ast-hfb-above-header-display":"","ast-hfb-below-header-display":"","ast-hfb-mobile-header-display":"","site-post-title":"","ast-breadcrumbs-content":"","ast-featured-img":"","footer-sml-layout":"","theme-transparent-header-meta":"","adv-header-id-meta":"","stick-header-meta":"","header-above-stick-meta":"","header-main-stick-meta":"","header-below-stick-meta":""},"pwb-brand":[226],"product_cat":[80],"product_tag":[],"class_list":{"0":"post-26285","1":"product","2":"type-product","3":"status-publish","5":"pwb-brand-kyb","6":"product_cat-iskunvaimennin","7":"desktop-align-left","8":"tablet-align-left","9":"mobile-align-left","11":"first","12":"instock","13":"product-type-external"},"brands":[{"id":226,"name":"KYB","slug":"kyb"}],"_links":{"self":[{"href":"https:\/\/www.autonvaraosahaku.fi\/index.php?rest_route=\/wp\/v2\/product\/26285","targetHints":{"allow":["GET"]}}],"collection":[{"href":"https:\/\/www.autonvaraosahaku.fi\/index.php?rest_route=\/wp\/v2\/product"}],"about":[{"href":"https:\/\/www.autonvaraosahaku.fi\/index.php?rest_route=\/wp\/v2\/types\/product"}],"wp:attachment":[{"href":"https:\/\/www.autonvaraosahaku.fi\/index.php?rest_route=%2Fwp%2Fv2%2Fmedia&parent=26285"}],"wp:term":[{"taxonomy":"pwb-brand","embeddable":true,"href":"https:\/\/www.autonvaraosahaku.fi\/index.php?rest_route=%2Fwp%2Fv2%2Fpwb-brand&post=26285"},{"taxonomy":"product_cat","embeddable":true,"href":"https:\/\/www.autonvaraosahaku.fi\/index.php?rest_route=%2Fwp%2Fv2%2Fproduct_cat&post=26285"},{"taxonomy":"product_tag","embeddable":true,"href":"https:\/\/www.autonvaraosahaku.fi\/index.php?rest_route=%2Fwp%2Fv2%2Fproduct_tag&post=26285"}],"curies":[{"name":"wp","href":"https:\/\/api.w.org\/{rel}","templated":true}]}}