{"id":26289,"date":"2021-02-21T15:01:05","date_gmt":"2021-02-21T15:01:05","guid":{"rendered":"https:\/\/www.autonvaraosahaku.fi\/?product=beru-gn948-hehkutulppa"},"modified":"2021-02-21T15:01:07","modified_gmt":"2021-02-21T15:01:07","slug":"beru-gn948-hehkutulppa","status":"publish","type":"product","link":"https:\/\/www.autonvaraosahaku.fi\/?product=beru-gn948-hehkutulppa","title":{"rendered":"BERU GN948 Hehkutulppa"},"content":{"rendered":"<p>Hehkutulppatyyppi: j\u00e4lkihehkutuksenkest\u00e4v\u00e4, Hehkutulppa, puikko; J\u00e4nnite (V): 12; Liittimet: 4 mm PIN; Kokonaispituus (mm): 115; Asennussyvyys (mm): 28; Kierremitta: M12x1,25; Avainv\u00e4li: 12 mm; Virta (A): 15; Kartionousu: 63; Kiristysmomentti > [Nm]: 15; Kiristysmomentti enint\u00e4\u00e4n [Nm]: 25; Katkeamismomentti [Nm]: 45; Varusteet: Autoihin, joissa ajonesto; Valmistusvuosi alkaen: 06\/1995; MERCEDES-BENZ: C-CLASS W202,E-CLASS W210,E-CLASS Kombi S210,C-CLASS Kombi S202,G-CLASS W463,S-CLASS W140,E-CLASS Kombi S124,G-CLASS Cabrio W463; PUCH: G-MODELL W 463; 0011592001, 0011592101, A0011592001, A0011592101<\/p>\n","protected":false},"excerpt":{"rendered":"<p>BERU Hehkutulppa GN948  MERCEDES-BENZ,PUCH,C-CLASS W202,E-CLASS W210,E-CLASS Kombi S210,C-CLASS Kombi S202,G-CLASS W463,S-CLASS W140<\/p>\n","protected":false},"featured_media":0,"template":"","meta":{"site-sidebar-layout":"default","site-content-layout":"default","ast-global-header-display":"","ast-main-header-display":"","ast-hfb-above-header-display":"","ast-hfb-below-header-display":"","ast-hfb-mobile-header-display":"","site-post-title":"","ast-breadcrumbs-content":"","ast-featured-img":"","footer-sml-layout":"","theme-transparent-header-meta":"","adv-header-id-meta":"","stick-header-meta":"","header-above-stick-meta":"","header-main-stick-meta":"","header-below-stick-meta":""},"pwb-brand":[327],"product_cat":[52],"product_tag":[],"class_list":{"0":"post-26289","1":"product","2":"type-product","3":"status-publish","5":"pwb-brand-beru","6":"product_cat-hehkutulppa","7":"desktop-align-left","8":"tablet-align-left","9":"mobile-align-left","11":"first","12":"instock","13":"product-type-external"},"brands":[{"id":327,"name":"BERU","slug":"beru"}],"_links":{"self":[{"href":"https:\/\/www.autonvaraosahaku.fi\/index.php?rest_route=\/wp\/v2\/product\/26289","targetHints":{"allow":["GET"]}}],"collection":[{"href":"https:\/\/www.autonvaraosahaku.fi\/index.php?rest_route=\/wp\/v2\/product"}],"about":[{"href":"https:\/\/www.autonvaraosahaku.fi\/index.php?rest_route=\/wp\/v2\/types\/product"}],"wp:attachment":[{"href":"https:\/\/www.autonvaraosahaku.fi\/index.php?rest_route=%2Fwp%2Fv2%2Fmedia&parent=26289"}],"wp:term":[{"taxonomy":"pwb-brand","embeddable":true,"href":"https:\/\/www.autonvaraosahaku.fi\/index.php?rest_route=%2Fwp%2Fv2%2Fpwb-brand&post=26289"},{"taxonomy":"product_cat","embeddable":true,"href":"https:\/\/www.autonvaraosahaku.fi\/index.php?rest_route=%2Fwp%2Fv2%2Fproduct_cat&post=26289"},{"taxonomy":"product_tag","embeddable":true,"href":"https:\/\/www.autonvaraosahaku.fi\/index.php?rest_route=%2Fwp%2Fv2%2Fproduct_tag&post=26289"}],"curies":[{"name":"wp","href":"https:\/\/api.w.org\/{rel}","templated":true}]}}