{"id":26296,"date":"2021-02-21T15:01:05","date_gmt":"2021-02-21T15:01:05","guid":{"rendered":"https:\/\/www.autonvaraosahaku.fi\/?product=trw-jbj738-alapallonivel"},"modified":"2021-02-21T15:01:08","modified_gmt":"2021-02-21T15:01:08","slug":"trw-jbj738-alapallonivel","status":"publish","type":"product","link":"https:\/\/www.autonvaraosahaku.fi\/?product=trw-jbj738-alapallonivel","title":{"rendered":"TRW JBJ738 Alapallonivel"},"content":{"rendered":"<p>Lis\u00e4tarvike\/lis\u00e4tieto: Tarvikkeilla; Kartiomitta (mm): 18; Kiinnityspisteiden l\u00e4pimitta [mm]: 10,5; Asennuspuoli: Vorderachse unten; CITRO\u00cbN: C2 JM_,C3 I FC_,C3 Picasso,C3 II,C3 Pluriel HB_,C2 ENTERPRISE,C4 CACTUS,C3 III SX; PEUGEOT: 207 WA_, WC_,207 CC WD_,207 SW WK_,208,2008,207 Stufenheck,207 Van,208 Kasten; DS: DS 3,DS 3 Cabriolet; 364056, 364061, 364062, 364065, 364062, 364061, 364062, 364065; Pallonivel<\/p>\n","protected":false},"excerpt":{"rendered":"<p>TRW Alapallonivel JBJ738 Pallonivel CITRO\u00cbN,PEUGEOT,DS,C2 JM_,C3 I FC_,C3 Picasso,C3 II,C3 Pluriel HB_,C2 ENTERPRISE,C4 CACTUS,C3 III SX,207 WA_, WC_<\/p>\n","protected":false},"featured_media":0,"template":"","meta":{"site-sidebar-layout":"default","site-content-layout":"default","ast-global-header-display":"","ast-main-header-display":"","ast-hfb-above-header-display":"","ast-hfb-below-header-display":"","ast-hfb-mobile-header-display":"","site-post-title":"","ast-breadcrumbs-content":"","ast-featured-img":"","footer-sml-layout":"","theme-transparent-header-meta":"","adv-header-id-meta":"","stick-header-meta":"","header-above-stick-meta":"","header-main-stick-meta":"","header-below-stick-meta":""},"pwb-brand":[332],"product_cat":[93],"product_tag":[],"class_list":{"0":"post-26296","1":"product","2":"type-product","3":"status-publish","5":"pwb-brand-trw","6":"product_cat-alapallonivel","7":"desktop-align-left","8":"tablet-align-left","9":"mobile-align-left","11":"first","12":"instock","13":"product-type-external"},"brands":[{"id":332,"name":"TRW","slug":"trw"}],"_links":{"self":[{"href":"https:\/\/www.autonvaraosahaku.fi\/index.php?rest_route=\/wp\/v2\/product\/26296","targetHints":{"allow":["GET"]}}],"collection":[{"href":"https:\/\/www.autonvaraosahaku.fi\/index.php?rest_route=\/wp\/v2\/product"}],"about":[{"href":"https:\/\/www.autonvaraosahaku.fi\/index.php?rest_route=\/wp\/v2\/types\/product"}],"wp:attachment":[{"href":"https:\/\/www.autonvaraosahaku.fi\/index.php?rest_route=%2Fwp%2Fv2%2Fmedia&parent=26296"}],"wp:term":[{"taxonomy":"pwb-brand","embeddable":true,"href":"https:\/\/www.autonvaraosahaku.fi\/index.php?rest_route=%2Fwp%2Fv2%2Fpwb-brand&post=26296"},{"taxonomy":"product_cat","embeddable":true,"href":"https:\/\/www.autonvaraosahaku.fi\/index.php?rest_route=%2Fwp%2Fv2%2Fproduct_cat&post=26296"},{"taxonomy":"product_tag","embeddable":true,"href":"https:\/\/www.autonvaraosahaku.fi\/index.php?rest_route=%2Fwp%2Fv2%2Fproduct_tag&post=26296"}],"curies":[{"name":"wp","href":"https:\/\/api.w.org\/{rel}","templated":true}]}}