{"id":26300,"date":"2021-02-21T15:01:09","date_gmt":"2021-02-21T15:01:09","guid":{"rendered":"https:\/\/www.autonvaraosahaku.fi\/?product=jurid-562040jc-jarrulevyt"},"modified":"2021-02-21T15:01:10","modified_gmt":"2021-02-21T15:01:10","slug":"jurid-562040jc-jarrulevyt","status":"publish","type":"product","link":"https:\/\/www.autonvaraosahaku.fi\/?product=jurid-562040jc-jarrulevyt","title":{"rendered":"JURID 562040JC Jarrulevyt"},"content":{"rendered":"<p>Korkeus (mm): 36; Paino [kg]: 10,9; Jarrulevytyyppi: Tuuletettu; Jarrulevyn paksuus (mm): 22; V\u00e4himm\u00e4ispaksuus (mm): 19; Ulkol\u00e4pimitta [mm]: 256; Reikien m\u00e4\u00e4r\u00e4: 5; keskitt\u00e4misl\u00e4pimitta [mm]: 65; Kiristysmomentti: 120; Reik\u00e4ympyr\u00e4-\u00d8 [mm]: 100; Pinta: pinnoitettu; Pakkaustyyppi: Laatikko; M\u00e4\u00e4r\u00e4yksikk\u00f6: Sarja; Korvaava tuote\/korvaava tiedote 2: Ruuveilla; Reik\u00e4ympyr\u00e4-\u00d8 2 [mm]: 100; Versio: JC; Pakkauspituus [cm]: 27; Pakkausleveys [cm]: 27; Pakkauskorkeus [mm]: 9; Asennuspuoli: Vorderachse; VW: GOLF IV 1J1,POLO 9N_,POLO 6R, 6C,FOX 5Z1, 5Z3,POLO CLASSIC 6KV2,POLO Stufenheck,POLO Stufenheck 9A4,POLO Stufenheck 9N4,POLO Van 6R; AUDI: A3 8L1,A2 8Z0,A1 8X1, 8XF,A1 Sportback 8XA, 8XK; SKODA: FABIA Combi 6Y5,FABIA,FABIA 6Y2,OCTAVIA Combi 1U5,FABIA Combi,ROOMSTER 5J,OCTAVIA 1U2,RAPID Spaceback NH1,FABIA Stufenheck 6Y3,ROOMSTER Praktik 5J,RAPID NH3,FABIA Praktik,FABIA NJ3,FABIA Kombi NJ5; SEAT: IBIZA IV 6L1,IBIZA V 6J5, 6P5,LEON 1M1,IBIZA V ST 6J8, 6P8,TOLEDO II 1M2,IBIZA V SPORTCOUPE 6J1, 6P1,CORDOBA 6L2,TOLEDO IV KG3; 1J0615301D, 1J0615301L, 1JE615301, 6R0615301, 6R0615301C, 8Z0615301B, 8Z0615301D, 1J0615301D, 1J0615301L, 1J0698301D, 1JE615301, 6R0615301, 6R0615301C, 6RF615301A, 6RF615301C, 8Z0615301B, 8Z0615301D, JZW615301N, 1J0615301D, 1J0615301L, 1J0698301D, 1JE615301, 6R0615301, 6R0615301C, 8Z0615301B, 8Z0615301D, JZW615301N, 1J0615301D, 1J0615301J, 1J0615301L, 1J0698301D, 1JE615301, 5Z0615301B, 6R0615301, 6R0615301C, 6RF615301A, 6RF615301C, 8Z0615301B, 8Z0615301D, 8Z0615301F, 8Z0615601B, 8Z0615601D, JZW615301N, JZW698302CB; Jarrulevy<\/p>\n","protected":false},"excerpt":{"rendered":"<p>JURID Jarrulevyt 562040JC Jarrulevy VW,AUDI,SKODA,GOLF IV 1J1,POLO 9N_,POLO 6R, 6C,FOX 5Z1, 5Z3,POLO CLASSIC 6KV2,POLO Stufenheck,POLO Stufenheck 9A4<\/p>\n","protected":false},"featured_media":0,"template":"","meta":{"site-sidebar-layout":"default","site-content-layout":"default","ast-global-header-display":"","ast-main-header-display":"","ast-hfb-above-header-display":"","ast-hfb-below-header-display":"","ast-hfb-mobile-header-display":"","site-post-title":"","ast-breadcrumbs-content":"","ast-featured-img":"","footer-sml-layout":"","theme-transparent-header-meta":"","adv-header-id-meta":"","stick-header-meta":"","header-above-stick-meta":"","header-main-stick-meta":"","header-below-stick-meta":""},"pwb-brand":[247],"product_cat":[66],"product_tag":[],"class_list":{"0":"post-26300","1":"product","2":"type-product","3":"status-publish","5":"pwb-brand-jurid","6":"product_cat-jarrulevyt","7":"desktop-align-left","8":"tablet-align-left","9":"mobile-align-left","11":"first","12":"instock","13":"product-type-external"},"brands":[{"id":247,"name":"JURID","slug":"jurid"}],"_links":{"self":[{"href":"https:\/\/www.autonvaraosahaku.fi\/index.php?rest_route=\/wp\/v2\/product\/26300","targetHints":{"allow":["GET"]}}],"collection":[{"href":"https:\/\/www.autonvaraosahaku.fi\/index.php?rest_route=\/wp\/v2\/product"}],"about":[{"href":"https:\/\/www.autonvaraosahaku.fi\/index.php?rest_route=\/wp\/v2\/types\/product"}],"wp:attachment":[{"href":"https:\/\/www.autonvaraosahaku.fi\/index.php?rest_route=%2Fwp%2Fv2%2Fmedia&parent=26300"}],"wp:term":[{"taxonomy":"pwb-brand","embeddable":true,"href":"https:\/\/www.autonvaraosahaku.fi\/index.php?rest_route=%2Fwp%2Fv2%2Fpwb-brand&post=26300"},{"taxonomy":"product_cat","embeddable":true,"href":"https:\/\/www.autonvaraosahaku.fi\/index.php?rest_route=%2Fwp%2Fv2%2Fproduct_cat&post=26300"},{"taxonomy":"product_tag","embeddable":true,"href":"https:\/\/www.autonvaraosahaku.fi\/index.php?rest_route=%2Fwp%2Fv2%2Fproduct_tag&post=26300"}],"curies":[{"name":"wp","href":"https:\/\/api.w.org\/{rel}","templated":true}]}}