{"id":26311,"date":"2021-02-21T15:01:09","date_gmt":"2021-02-21T15:01:09","guid":{"rendered":"https:\/\/www.autonvaraosahaku.fi\/?product=topran-102-802-hammastangon-suojakumi"},"modified":"2021-02-21T15:01:11","modified_gmt":"2021-02-21T15:01:11","slug":"topran-102-802-hammastangon-suojakumi","status":"publish","type":"product","link":"https:\/\/www.autonvaraosahaku.fi\/?product=topran-102-802-hammastangon-suojakumi","title":{"rendered":"TOPRAN 102 802 Hammastangon suojakumi"},"content":{"rendered":"<p>Asennuspuoli: Molemminpuolin, links; Lukum\u00e4\u00e4r\u00e4 akselille: 2; Sis\u00e4l\u00e4pimitta 1 [mm]: 25; Sis\u00e4l\u00e4pimitta 2 [mm]: 39; Korkeus (mm): 126; Paljekumin materiaali: Kumi; VW: GOLF III 1H1,GOLF II 19E, 1G1,PASSAT Variant 3A5, 35I,GOLF III Variant 1H5,PASSAT 3A2, 35I,VENTO 1H2,GOLF I 17,JETTA II 19E, 1G2, 165,JETTA I 16; SEAT: IBIZA II 6K1,CORDOBA 6K1, 6K2,TOLEDO I 1L; 1714198313, 171419831B, 171419831C, 191419831, 1714198313, 171419831B, 171419831C, 191419831; Paljekumi, Ohjaus<\/p>\n","protected":false},"excerpt":{"rendered":"<p>TOPRAN Hammastangon Suojakumi 102 802 Paljekumi, Ohjaus VW,SEAT,GOLF III 1H1,GOLF II 19E, 1G1,PASSAT Variant 3A5, 35I,GOLF III Variant 1H5<\/p>\n","protected":false},"featured_media":0,"template":"","meta":{"site-sidebar-layout":"default","site-content-layout":"default","ast-global-header-display":"","ast-main-header-display":"","ast-hfb-above-header-display":"","ast-hfb-below-header-display":"","ast-hfb-mobile-header-display":"","site-post-title":"","ast-breadcrumbs-content":"","ast-featured-img":"","footer-sml-layout":"","theme-transparent-header-meta":"","adv-header-id-meta":"","stick-header-meta":"","header-above-stick-meta":"","header-main-stick-meta":"","header-below-stick-meta":""},"pwb-brand":[18],"product_cat":[81],"product_tag":[],"class_list":{"0":"post-26311","1":"product","2":"type-product","3":"status-publish","5":"pwb-brand-topran","6":"product_cat-hammastangon-suojakumi","7":"desktop-align-left","8":"tablet-align-left","9":"mobile-align-left","11":"first","12":"instock","13":"product-type-external"},"brands":[{"id":18,"name":"TOPRAN","slug":"topran"}],"_links":{"self":[{"href":"https:\/\/www.autonvaraosahaku.fi\/index.php?rest_route=\/wp\/v2\/product\/26311","targetHints":{"allow":["GET"]}}],"collection":[{"href":"https:\/\/www.autonvaraosahaku.fi\/index.php?rest_route=\/wp\/v2\/product"}],"about":[{"href":"https:\/\/www.autonvaraosahaku.fi\/index.php?rest_route=\/wp\/v2\/types\/product"}],"wp:attachment":[{"href":"https:\/\/www.autonvaraosahaku.fi\/index.php?rest_route=%2Fwp%2Fv2%2Fmedia&parent=26311"}],"wp:term":[{"taxonomy":"pwb-brand","embeddable":true,"href":"https:\/\/www.autonvaraosahaku.fi\/index.php?rest_route=%2Fwp%2Fv2%2Fpwb-brand&post=26311"},{"taxonomy":"product_cat","embeddable":true,"href":"https:\/\/www.autonvaraosahaku.fi\/index.php?rest_route=%2Fwp%2Fv2%2Fproduct_cat&post=26311"},{"taxonomy":"product_tag","embeddable":true,"href":"https:\/\/www.autonvaraosahaku.fi\/index.php?rest_route=%2Fwp%2Fv2%2Fproduct_tag&post=26311"}],"curies":[{"name":"wp","href":"https:\/\/api.w.org\/{rel}","templated":true}]}}