{"id":26347,"date":"2021-02-21T15:01:19","date_gmt":"2021-02-21T15:01:19","guid":{"rendered":"https:\/\/www.autonvaraosahaku.fi\/?product=mahle-original-oc-248-oljynsuodatin"},"modified":"2021-02-21T15:01:20","modified_gmt":"2021-02-21T15:01:20","slug":"mahle-original-oc-248-oljynsuodatin","status":"publish","type":"product","link":"https:\/\/www.autonvaraosahaku.fi\/?product=mahle-original-oc-248-oljynsuodatin","title":{"rendered":"MAHLE ORIGINAL OC 248 \u00d6ljynsuodatin"},"content":{"rendered":"<p>Suodatintyyppi: Ruuvattava suodatin; Korkeus (mm): 141,0, 141,0; Sis\u00e4l\u00e4pimitta 2 [mm]: 62,0; Liitinkierre: 3\/4-16UNF-2B; Kiristysmomentti: 20, 20, 20; Avauspaine ohitusventtiili [bar]: 1,6, 1,6; Valmistusvuosi alkaen: 09\/1985; LANCIA: THEMA 834,THEMA SW 834; IVECO: DAILY III Pritsche\/Fahrgestell,DAILY III Kasten\/Kombi,DAILY II Pritsche\/Fahrgestell,DAILY II Kasten\/Kombi,DAILY I Pritsche\/Fahrgestell,DAILY II Bus,DAILY I Kasten\/Kombi,DAILY II Kipper,DAILY III Bus,EUROCARGO I-III,EUROFIRE,M,ZETA; ALFA ROMEO: AR 8 Kasten 280,AR 6 Kasten 280,AR 8 Pritsche\/Fahrgestell 280; RENAULT: MASTER II Kasten FD,MASTER II Pritsche\/Fahrgestell ED\/HD\/UD,MASTER II Bus JD,TRAFIC Kasten TXX,TRAFIC Bus TXW,MASTER I Kasten T__,MASTER I Bus T__,MASTER I Pritsche\/Fahrgestell P__,TRAFIC Pritsche\/Fahrgestell PXX; FIAT: DUCATO Pritsche\/Fahrgestell 230,DUCATO Bus 230,DUCATO Kasten 244,DUCATO Pritsche\/Fahrgestell 244,DUCATO Kasten 290,DUCATO Pritsche\/Fahrgestell 290,DUCATO Kasten 230L,DUCATO Kasten 280,DUCATO Pritsche\/Fahrgestell 280,DUCATO Bus 244, Z_,DUCATO Panorama 280,DUCATO Panorama 290,CROMA 154,ARGENTA 132A,F; CITRO\u00cbN: JUMPER Kasten 244,JUMPER Kasten 230L,JUMPER Bus 244, Z_,JUMPER Bus 230P,JUMPER Pritsche\/Fahrgestell 244,JUMPER Pritsche\/Fahrgestell 230; PEUGEOT: BOXER Kasten 230L,BOXER Kasten 244,BOXER Bus 230P,BOXER Bus 244, Z_,BOXER Pritsche\/Fahrgestell ZCT_,BOXER Pritsche\/Fahrgestell 244; RENAULT TRUCKS: MASCOTT Pritsche\/Fahrgestell,MASCOTT Kasten\/Kombi,B Pritsche\/Fahrgestell,MESSENGER Kasten\/Kombi,MESSENGER Pritsche\/Fahrgestell; SANTANA: PS10\/ANIBAL; MULTICAR: Fumo,M26; 1109AQ, 1109J3, 1109Q1, 1109Y8, E149006, E149144, 0000005983900, 0000007571569, 0000071713782, 0000071771361, 0006001073238, 0007301916, 1930213, 4787410, 4791113, 5983900, 6001073238, 71713782, 71718765, 71736163, 71739634, 71753740, 71771361, 7301916, 7301939, 7571569, 98432648, 0000001903628, 0000002994057, 0000005983900, 0000007571569, 0007301916, 1900823, 1902047, 1902076, 1902847, 1903628, 1903785, 1907580, 1907582, 1907583, 1930213, 1930823, 2994057, 4787410, 4791113, 4796458, 4799425, 5001857493, 500322701, 5983900, 7301916, 7301939, 7571569, 98432648, 98472349, V1903628, 9110665, 00000001109AQ, 1109AQ, 1109Q0, 1109Q1, 1109Q4, 1109Y7, E149006, E149144, 7700860823, 9110665<\/p>\n","protected":false},"excerpt":{"rendered":"<p>MAHLE ORIGINAL \u00d6ljynsuodatin OC 248  LANCIA,IVECO,ALFA ROMEO,THEMA 834,THEMA SW 834,DAILY III Pritsche\/Fahrgestell,DAILY III Kasten\/Kombi<\/p>\n","protected":false},"featured_media":0,"template":"","meta":{"site-sidebar-layout":"default","site-content-layout":"default","ast-global-header-display":"","ast-main-header-display":"","ast-hfb-above-header-display":"","ast-hfb-below-header-display":"","ast-hfb-mobile-header-display":"","site-post-title":"","ast-breadcrumbs-content":"","ast-featured-img":"","footer-sml-layout":"","theme-transparent-header-meta":"","adv-header-id-meta":"","stick-header-meta":"","header-above-stick-meta":"","header-main-stick-meta":"","header-below-stick-meta":""},"pwb-brand":[153],"product_cat":[30],"product_tag":[],"class_list":{"0":"post-26347","1":"product","2":"type-product","3":"status-publish","5":"pwb-brand-mahle-original","6":"product_cat-oljynsuodatin","7":"desktop-align-left","8":"tablet-align-left","9":"mobile-align-left","11":"first","12":"instock","13":"product-type-external"},"brands":[{"id":153,"name":"MAHLE ORIGINAL","slug":"mahle-original"}],"_links":{"self":[{"href":"https:\/\/www.autonvaraosahaku.fi\/index.php?rest_route=\/wp\/v2\/product\/26347","targetHints":{"allow":["GET"]}}],"collection":[{"href":"https:\/\/www.autonvaraosahaku.fi\/index.php?rest_route=\/wp\/v2\/product"}],"about":[{"href":"https:\/\/www.autonvaraosahaku.fi\/index.php?rest_route=\/wp\/v2\/types\/product"}],"wp:attachment":[{"href":"https:\/\/www.autonvaraosahaku.fi\/index.php?rest_route=%2Fwp%2Fv2%2Fmedia&parent=26347"}],"wp:term":[{"taxonomy":"pwb-brand","embeddable":true,"href":"https:\/\/www.autonvaraosahaku.fi\/index.php?rest_route=%2Fwp%2Fv2%2Fpwb-brand&post=26347"},{"taxonomy":"product_cat","embeddable":true,"href":"https:\/\/www.autonvaraosahaku.fi\/index.php?rest_route=%2Fwp%2Fv2%2Fproduct_cat&post=26347"},{"taxonomy":"product_tag","embeddable":true,"href":"https:\/\/www.autonvaraosahaku.fi\/index.php?rest_route=%2Fwp%2Fv2%2Fproduct_tag&post=26347"}],"curies":[{"name":"wp","href":"https:\/\/api.w.org\/{rel}","templated":true}]}}