{"id":26357,"date":"2021-02-21T15:01:19","date_gmt":"2021-02-21T15:01:19","guid":{"rendered":"https:\/\/www.autonvaraosahaku.fi\/?product=ridex-70b0181-jarrukengat"},"modified":"2021-02-21T15:01:22","modified_gmt":"2021-02-21T15:01:22","slug":"ridex-70b0181-jarrukengat","status":"publish","type":"product","link":"https:\/\/www.autonvaraosahaku.fi\/?product=ridex-70b0181-jarrukengat","title":{"rendered":"RIDEX 70B0181 Jarrukeng\u00e4t"},"content":{"rendered":"<p>Asennuspuoli: Taka-akseli; L\u00e4pimitta [mm]: 200; Leveys (mm): 39; Jarruj\u00e4rjestelm\u00e4: Bosch; Lis\u00e4tarvike\/lis\u00e4tieto: Vivulla; Paino [kg]: 1,495; NISSAN: MICRA IV K13,NOTE E12; DACIA: DUSTER,SANDERO,LOGAN MCV KS_,SANDERO II,LOGAN LS_,LOGAN II,DUSTER Kasten; HYUNDAI: MATRIX FC; RENAULT: TWINGO I C06_,CLIO II BB0\/1\/2_, CB0\/1\/2_,CLIO IV,TWINGO I Kasten S06_,CLIO II Kasten SB0\/1\/2_,THALIA I LB0\/1\/2_,SANDERO\/STEPWAY I,DUSTER,LOGAN I Kombi KS_,LOGAN I LS_,THALIA II LU1\/2_,SANDERO\/STEPWAY II,LOGAN II Kombi,LOGAN II; CITRO\u00cbN: C2 JM_,C3 I FC_,DS3,C3 II,DS3 Cabriolet,C-ELYSEE,C4 CACTUS; PEUGEOT: 208,1007 KM_,206 Stufenheck,301,208 Kasten; DS: DS 3; 6001551409, D40601HD3A, D40601HD3B, D40601HD3C, D40601HD3D, D40601HD3E, 1606631180, 5827017310, 6001551409, 7701206429, 7701206962, 7701207178; Jarrukenk\u00e4sarja<\/p>\n","protected":false},"excerpt":{"rendered":"<p>RIDEX Jarrukeng\u00e4t 70B0181 Jarrukenk\u00e4sarja NISSAN,DACIA,HYUNDAI,MICRA IV K13,NOTE E12,DUSTER,SANDERO,LOGAN MCV KS_,SANDERO II,LOGAN LS_,LOGAN II<\/p>\n","protected":false},"featured_media":0,"template":"","meta":{"site-sidebar-layout":"default","site-content-layout":"default","ast-global-header-display":"","ast-main-header-display":"","ast-hfb-above-header-display":"","ast-hfb-below-header-display":"","ast-hfb-mobile-header-display":"","site-post-title":"","ast-breadcrumbs-content":"","ast-featured-img":"","footer-sml-layout":"","theme-transparent-header-meta":"","adv-header-id-meta":"","stick-header-meta":"","header-above-stick-meta":"","header-main-stick-meta":"","header-below-stick-meta":""},"pwb-brand":[157],"product_cat":[176],"product_tag":[],"class_list":{"0":"post-26357","1":"product","2":"type-product","3":"status-publish","5":"pwb-brand-ridex","6":"product_cat-jarrukengat","7":"desktop-align-left","8":"tablet-align-left","9":"mobile-align-left","11":"first","12":"instock","13":"product-type-external"},"brands":[{"id":157,"name":"RIDEX","slug":"ridex"}],"_links":{"self":[{"href":"https:\/\/www.autonvaraosahaku.fi\/index.php?rest_route=\/wp\/v2\/product\/26357","targetHints":{"allow":["GET"]}}],"collection":[{"href":"https:\/\/www.autonvaraosahaku.fi\/index.php?rest_route=\/wp\/v2\/product"}],"about":[{"href":"https:\/\/www.autonvaraosahaku.fi\/index.php?rest_route=\/wp\/v2\/types\/product"}],"wp:attachment":[{"href":"https:\/\/www.autonvaraosahaku.fi\/index.php?rest_route=%2Fwp%2Fv2%2Fmedia&parent=26357"}],"wp:term":[{"taxonomy":"pwb-brand","embeddable":true,"href":"https:\/\/www.autonvaraosahaku.fi\/index.php?rest_route=%2Fwp%2Fv2%2Fpwb-brand&post=26357"},{"taxonomy":"product_cat","embeddable":true,"href":"https:\/\/www.autonvaraosahaku.fi\/index.php?rest_route=%2Fwp%2Fv2%2Fproduct_cat&post=26357"},{"taxonomy":"product_tag","embeddable":true,"href":"https:\/\/www.autonvaraosahaku.fi\/index.php?rest_route=%2Fwp%2Fv2%2Fproduct_tag&post=26357"}],"curies":[{"name":"wp","href":"https:\/\/api.w.org\/{rel}","templated":true}]}}