{"id":26376,"date":"2021-02-21T15:01:24","date_gmt":"2021-02-21T15:01:24","guid":{"rendered":"https:\/\/www.autonvaraosahaku.fi\/?product=lpr-7d0043-jarrurumpu"},"modified":"2021-02-21T15:01:26","modified_gmt":"2021-02-21T15:01:26","slug":"lpr-7d0043-jarrurumpu","status":"publish","type":"product","link":"https:\/\/www.autonvaraosahaku.fi\/?product=lpr-7d0043-jarrurumpu","title":{"rendered":"LPR 7D0043 Jarrurumpu"},"content":{"rendered":"<p>J-rumpu sis\u00e4leveys [mm]: 40,1; Reik\u00e4lukum\u00e4\u00e4r\u00e4 2: 3; Reik\u00e4lukum\u00e4\u00e4r\u00e4 1: 4; Reik\u00e4ympyr\u00e4-\u00d8 [mm]: 59, 59; J-rumpu ulkoleveys [mm]: 54; Suurin mahdollinen rummun sis\u00e4mitta (mm): 181,3; L\u00e4pimitta [mm]: 180; Asennuspuoli: Hinterachse; LANCIA: Y 840A,DELTA II 836; FIAT: GRANDE PUNTO 199,PUNTO 188,PANDA 169,500 312,500 C 312,PUNTO 176,PANDA Van 169,PUNTO Van 188AX,BRAVO I 182,PUNTO Cabriolet 176C,PUNTO Van 176L; 1541801, 46819776, 51863509, 51863510, 51900802, 7750119, 1680868, 9S511113AA, 9S511113BA, 9S511113CA, 9S511113DA<\/p>\n","protected":false},"excerpt":{"rendered":"<p>LPR Jarrurumpu 7D0043  LANCIA,FIAT,Y 840A,DELTA II 836,GRANDE PUNTO 199,PUNTO 188,PANDA 169,500 312,500 C 312,PUNTO 176,PANDA Van 169,PUNTO Van 188AX<\/p>\n","protected":false},"featured_media":0,"template":"","meta":{"site-sidebar-layout":"default","site-content-layout":"default","ast-global-header-display":"","ast-main-header-display":"","ast-hfb-above-header-display":"","ast-hfb-below-header-display":"","ast-hfb-mobile-header-display":"","site-post-title":"","ast-breadcrumbs-content":"","ast-featured-img":"","footer-sml-layout":"","theme-transparent-header-meta":"","adv-header-id-meta":"","stick-header-meta":"","header-above-stick-meta":"","header-main-stick-meta":"","header-below-stick-meta":""},"pwb-brand":[238],"product_cat":[304],"product_tag":[],"class_list":{"0":"post-26376","1":"product","2":"type-product","3":"status-publish","5":"pwb-brand-lpr","6":"product_cat-jarrurumpu","7":"desktop-align-left","8":"tablet-align-left","9":"mobile-align-left","11":"first","12":"instock","13":"product-type-external"},"brands":[{"id":238,"name":"LPR","slug":"lpr"}],"_links":{"self":[{"href":"https:\/\/www.autonvaraosahaku.fi\/index.php?rest_route=\/wp\/v2\/product\/26376","targetHints":{"allow":["GET"]}}],"collection":[{"href":"https:\/\/www.autonvaraosahaku.fi\/index.php?rest_route=\/wp\/v2\/product"}],"about":[{"href":"https:\/\/www.autonvaraosahaku.fi\/index.php?rest_route=\/wp\/v2\/types\/product"}],"wp:attachment":[{"href":"https:\/\/www.autonvaraosahaku.fi\/index.php?rest_route=%2Fwp%2Fv2%2Fmedia&parent=26376"}],"wp:term":[{"taxonomy":"pwb-brand","embeddable":true,"href":"https:\/\/www.autonvaraosahaku.fi\/index.php?rest_route=%2Fwp%2Fv2%2Fpwb-brand&post=26376"},{"taxonomy":"product_cat","embeddable":true,"href":"https:\/\/www.autonvaraosahaku.fi\/index.php?rest_route=%2Fwp%2Fv2%2Fproduct_cat&post=26376"},{"taxonomy":"product_tag","embeddable":true,"href":"https:\/\/www.autonvaraosahaku.fi\/index.php?rest_route=%2Fwp%2Fv2%2Fproduct_tag&post=26376"}],"curies":[{"name":"wp","href":"https:\/\/api.w.org\/{rel}","templated":true}]}}