{"id":26409,"date":"2021-02-21T15:01:32","date_gmt":"2021-02-21T15:01:32","guid":{"rendered":"https:\/\/www.autonvaraosahaku.fi\/?product=ridex-407w0010-jarrupalojen-kulumisen-ilmaisin"},"modified":"2021-02-21T15:01:34","modified_gmt":"2021-02-21T15:01:34","slug":"ridex-407w0010-jarrupalojen-kulumisen-ilmaisin","status":"publish","type":"product","link":"https:\/\/www.autonvaraosahaku.fi\/?product=ridex-407w0010-jarrupalojen-kulumisen-ilmaisin","title":{"rendered":"RIDEX 407W0010 Jarrupalojen kulumisen ilmaisin"},"content":{"rendered":"<p>Jarrutyyppi: Levyjarru; Pituus (mm): 255; Tarvittava kappalem\u00e4\u00e4r\u00e4: 2; Asennuspuoli: Taka-akseli, molemminpuolinen, Hinterachse; VW: TOUAREG 7LA, 7L6, 7L7; AUDI: Q7 4L; PORSCHE: CAYENNE 955; 7L0907637B, 7L0907637C, 95561236520, 95561236530, 95561236531, 7L0907637B, 7L0907637C, 7L0907637B, 7L0907637C, 7L0907637B, 7L0907637C; Kulumisenilmaisin, Jarrupala<\/p>\n","protected":false},"excerpt":{"rendered":"<p>RIDEX Jarrupalojen Kulumisen Ilmaisin 407W0010 Kulumisenilmaisin, Jarrupala VW,AUDI,PORSCHE,TOUAREG 7LA, 7L6, 7L7,Q7 4L,CAYENNE 955<\/p>\n","protected":false},"featured_media":0,"template":"","meta":{"site-sidebar-layout":"default","site-content-layout":"default","ast-global-header-display":"","ast-main-header-display":"","ast-hfb-above-header-display":"","ast-hfb-below-header-display":"","ast-hfb-mobile-header-display":"","site-post-title":"","ast-breadcrumbs-content":"","ast-featured-img":"","footer-sml-layout":"","theme-transparent-header-meta":"","adv-header-id-meta":"","stick-header-meta":"","header-above-stick-meta":"","header-main-stick-meta":"","header-below-stick-meta":""},"pwb-brand":[157],"product_cat":[111],"product_tag":[],"class_list":{"0":"post-26409","1":"product","2":"type-product","3":"status-publish","5":"pwb-brand-ridex","6":"product_cat-jarrupalojen-kulumisen-ilmaisin","7":"desktop-align-left","8":"tablet-align-left","9":"mobile-align-left","11":"first","12":"instock","13":"product-type-external"},"brands":[{"id":157,"name":"RIDEX","slug":"ridex"}],"_links":{"self":[{"href":"https:\/\/www.autonvaraosahaku.fi\/index.php?rest_route=\/wp\/v2\/product\/26409","targetHints":{"allow":["GET"]}}],"collection":[{"href":"https:\/\/www.autonvaraosahaku.fi\/index.php?rest_route=\/wp\/v2\/product"}],"about":[{"href":"https:\/\/www.autonvaraosahaku.fi\/index.php?rest_route=\/wp\/v2\/types\/product"}],"wp:attachment":[{"href":"https:\/\/www.autonvaraosahaku.fi\/index.php?rest_route=%2Fwp%2Fv2%2Fmedia&parent=26409"}],"wp:term":[{"taxonomy":"pwb-brand","embeddable":true,"href":"https:\/\/www.autonvaraosahaku.fi\/index.php?rest_route=%2Fwp%2Fv2%2Fpwb-brand&post=26409"},{"taxonomy":"product_cat","embeddable":true,"href":"https:\/\/www.autonvaraosahaku.fi\/index.php?rest_route=%2Fwp%2Fv2%2Fproduct_cat&post=26409"},{"taxonomy":"product_tag","embeddable":true,"href":"https:\/\/www.autonvaraosahaku.fi\/index.php?rest_route=%2Fwp%2Fv2%2Fproduct_tag&post=26409"}],"curies":[{"name":"wp","href":"https:\/\/api.w.org\/{rel}","templated":true}]}}