{"id":26427,"date":"2021-02-21T15:01:37","date_gmt":"2021-02-21T15:01:37","guid":{"rendered":"https:\/\/www.autonvaraosahaku.fi\/?product=mahle-original-oc-521-oljynsuodatin"},"modified":"2021-02-21T15:01:38","modified_gmt":"2021-02-21T15:01:38","slug":"mahle-original-oc-521-oljynsuodatin","status":"publish","type":"product","link":"https:\/\/www.autonvaraosahaku.fi\/?product=mahle-original-oc-521-oljynsuodatin","title":{"rendered":"MAHLE ORIGINAL OC 521 \u00d6ljynsuodatin"},"content":{"rendered":"<p>Suodatintyyppi: Ruuvattava suodatin; L\u00e4pimitta [mm]: 65,5; Korkeus (mm): 86,2; Ulkol\u00e4pimitta 2 [mm]: 62,9; Sis\u00e4l\u00e4pimitta 2 [mm]: 52,4; Liitinkierre: M20x1,5; Kiristysmomentti: 16; Suositellun erikoisty\u00f6kalun tuotenumero: OCS 4, OCS 4; Valmistusvuoteen: 06\/2001; KIA: PICANTO BA,CARENS II FJ,CARNIVAL II GQ,PICANTO TA,RIO Kombi DC,RIO Stufenheck DC_,SHUMA II FB,CARENS I FC,RETONA CE,SHUMA FB,PRIDE DA,SHUMA II Stufenheck FB,CLARUS K9A,CARNIVAL I UP,CLARUS Kombi GC,SEPHIA Stufenheck FA,SEPHIA FA,PRIDE Kombi,SEPHIA FB,CERATO Stufenheck,ROADSTER,AVELLA,PRIDE Van DA; HYUNDAI: GETZ TB,i10 PA,i20 PB, PBT,ATOS MX,i10 IA,i20 GB,PONY \/ EXCEL Stufenheck X-2,i20 ACTIVE GB,i20 Coupe,i10 Stufenheck; FIAT: PUNTO 188,STRADA Pick-up 178E,UNO 146 A\/E,SIENA 178_; 0JE1514302, 2630002750, 2630002751, 2630002752, OJE1514302, S2630002501, S2630002502, S2630002750, 0B63114302, 0FE3R14302, 0JE1514302, 0K90014300A, 2630002752, 263002Y500, B63114302, KK12014302, S263002Y500<\/p>\n","protected":false},"excerpt":{"rendered":"<p>MAHLE ORIGINAL \u00d6ljynsuodatin OC 521  KIA,HYUNDAI,FIAT,PICANTO BA,CARENS II FJ,CARNIVAL II GQ,PICANTO TA,RIO Kombi DC,RIO Stufenheck DC_,SHUMA II FB<\/p>\n","protected":false},"featured_media":0,"template":"","meta":{"site-sidebar-layout":"default","site-content-layout":"default","ast-global-header-display":"","ast-main-header-display":"","ast-hfb-above-header-display":"","ast-hfb-below-header-display":"","ast-hfb-mobile-header-display":"","site-post-title":"","ast-breadcrumbs-content":"","ast-featured-img":"","footer-sml-layout":"","theme-transparent-header-meta":"","adv-header-id-meta":"","stick-header-meta":"","header-above-stick-meta":"","header-main-stick-meta":"","header-below-stick-meta":""},"pwb-brand":[153],"product_cat":[30],"product_tag":[],"class_list":{"0":"post-26427","1":"product","2":"type-product","3":"status-publish","5":"pwb-brand-mahle-original","6":"product_cat-oljynsuodatin","7":"desktop-align-left","8":"tablet-align-left","9":"mobile-align-left","11":"first","12":"instock","13":"product-type-external"},"brands":[{"id":153,"name":"MAHLE ORIGINAL","slug":"mahle-original"}],"_links":{"self":[{"href":"https:\/\/www.autonvaraosahaku.fi\/index.php?rest_route=\/wp\/v2\/product\/26427","targetHints":{"allow":["GET"]}}],"collection":[{"href":"https:\/\/www.autonvaraosahaku.fi\/index.php?rest_route=\/wp\/v2\/product"}],"about":[{"href":"https:\/\/www.autonvaraosahaku.fi\/index.php?rest_route=\/wp\/v2\/types\/product"}],"wp:attachment":[{"href":"https:\/\/www.autonvaraosahaku.fi\/index.php?rest_route=%2Fwp%2Fv2%2Fmedia&parent=26427"}],"wp:term":[{"taxonomy":"pwb-brand","embeddable":true,"href":"https:\/\/www.autonvaraosahaku.fi\/index.php?rest_route=%2Fwp%2Fv2%2Fpwb-brand&post=26427"},{"taxonomy":"product_cat","embeddable":true,"href":"https:\/\/www.autonvaraosahaku.fi\/index.php?rest_route=%2Fwp%2Fv2%2Fproduct_cat&post=26427"},{"taxonomy":"product_tag","embeddable":true,"href":"https:\/\/www.autonvaraosahaku.fi\/index.php?rest_route=%2Fwp%2Fv2%2Fproduct_tag&post=26427"}],"curies":[{"name":"wp","href":"https:\/\/api.w.org\/{rel}","templated":true}]}}