{"id":26433,"date":"2021-02-21T15:01:37","date_gmt":"2021-02-21T15:01:37","guid":{"rendered":"https:\/\/www.autonvaraosahaku.fi\/?product=ridex-70b0072-jarrukengat"},"modified":"2021-02-21T15:01:39","modified_gmt":"2021-02-21T15:01:39","slug":"ridex-70b0072-jarrukengat","status":"publish","type":"product","link":"https:\/\/www.autonvaraosahaku.fi\/?product=ridex-70b0072-jarrukengat","title":{"rendered":"RIDEX 70B0072 Jarrukeng\u00e4t"},"content":{"rendered":"<p>Asennuspuoli: Taka-akseli; L\u00e4pimitta [mm]: 228; Leveys (mm): 42; Jarruj\u00e4rjestelm\u00e4: Lockheed; Lis\u00e4tarvike\/lis\u00e4tieto: Vivulla; OPEL: CORSA D,ADAM,CORSA D Van,CORSA E; FIAT: GRANDE PUNTO 199,PUNTO 188,500 312,PUNTO EVO 199,500 C 312,PUNTO 199,QUBO 225,FIORINO Kasten\/Kombi 225,LINEA 323,PUNTO Van 199; CITRO\u00cbN: NEMO Kasten AA_,NEMO Kombi; PEUGEOT: BIPPER AA_,BIPPER Tepee; VAUXHALL: CORSA Mk III D L_8,ADAM,CORSA Mk II C W5L, F08,CORSAVAN Mk III D,CORSA Mk IV E; 4241N8, 77363858, 77364264, 77364667, 1605459, 4241N8, 93190003; Jarrukenk\u00e4sarja<\/p>\n","protected":false},"excerpt":{"rendered":"<p>RIDEX Jarrukeng\u00e4t 70B0072 Jarrukenk\u00e4sarja OPEL,FIAT,CITRO\u00cbN,CORSA D,ADAM,CORSA D Van,CORSA E,GRANDE PUNTO 199,PUNTO 188,500 312,PUNTO EVO 199<\/p>\n","protected":false},"featured_media":0,"template":"","meta":{"site-sidebar-layout":"default","site-content-layout":"default","ast-global-header-display":"","ast-main-header-display":"","ast-hfb-above-header-display":"","ast-hfb-below-header-display":"","ast-hfb-mobile-header-display":"","site-post-title":"","ast-breadcrumbs-content":"","ast-featured-img":"","footer-sml-layout":"","theme-transparent-header-meta":"","adv-header-id-meta":"","stick-header-meta":"","header-above-stick-meta":"","header-main-stick-meta":"","header-below-stick-meta":""},"pwb-brand":[157],"product_cat":[176],"product_tag":[],"class_list":{"0":"post-26433","1":"product","2":"type-product","3":"status-publish","5":"pwb-brand-ridex","6":"product_cat-jarrukengat","7":"desktop-align-left","8":"tablet-align-left","9":"mobile-align-left","11":"first","12":"instock","13":"product-type-external"},"brands":[{"id":157,"name":"RIDEX","slug":"ridex"}],"_links":{"self":[{"href":"https:\/\/www.autonvaraosahaku.fi\/index.php?rest_route=\/wp\/v2\/product\/26433","targetHints":{"allow":["GET"]}}],"collection":[{"href":"https:\/\/www.autonvaraosahaku.fi\/index.php?rest_route=\/wp\/v2\/product"}],"about":[{"href":"https:\/\/www.autonvaraosahaku.fi\/index.php?rest_route=\/wp\/v2\/types\/product"}],"wp:attachment":[{"href":"https:\/\/www.autonvaraosahaku.fi\/index.php?rest_route=%2Fwp%2Fv2%2Fmedia&parent=26433"}],"wp:term":[{"taxonomy":"pwb-brand","embeddable":true,"href":"https:\/\/www.autonvaraosahaku.fi\/index.php?rest_route=%2Fwp%2Fv2%2Fpwb-brand&post=26433"},{"taxonomy":"product_cat","embeddable":true,"href":"https:\/\/www.autonvaraosahaku.fi\/index.php?rest_route=%2Fwp%2Fv2%2Fproduct_cat&post=26433"},{"taxonomy":"product_tag","embeddable":true,"href":"https:\/\/www.autonvaraosahaku.fi\/index.php?rest_route=%2Fwp%2Fv2%2Fproduct_tag&post=26433"}],"curies":[{"name":"wp","href":"https:\/\/api.w.org\/{rel}","templated":true}]}}