{"id":26443,"date":"2021-02-21T15:01:41","date_gmt":"2021-02-21T15:01:41","guid":{"rendered":"https:\/\/www.autonvaraosahaku.fi\/?product=motul-102794-moottorioljy"},"modified":"2021-02-21T15:01:42","modified_gmt":"2021-02-21T15:01:42","slug":"motul-102794-moottorioljy","status":"publish","type":"product","link":"https:\/\/www.autonvaraosahaku.fi\/?product=motul-102794-moottorioljy","title":{"rendered":"MOTUL 102794 Moottori\u00f6ljy"},"content":{"rendered":"<p>Tilavuus (litra): 5; \u00d6ljy: Synteettinen \u00f6ljy; Viskositeettiluokka SAE: 0W-30; Erittely: API SL, ACEA A5, API CF, ACEA B5; Versio: ECO-NERGY; API-m\u00e4\u00e4rittely: CF, SL; ACEA-m\u00e4\u00e4rittely: A5\/B5; MAZDA: 3 BK,CX-5 KE, GH,6 Kombi GH,2 DE,CX-7 ER,3 BL,5 CW,3 BM,MX-5 III NC,6 Schr\u00e4gheck GH,6 GH,3 Stufenheck BL,3 Stufenheck BM,2 Stufenheck DE,CX-9 TB; CHEVROLET: MATIZ M200, M250,NUBIRA Kombi,EPICA KL1_,CAMARO GMX511,LACETTI J200,AVEO Stufenheck T250, T255,REZZO,HHR,TRAILBLAZER KC_,EVANDA,NUBIRA Stufenheck,TAHOE B2W,SPARK M200 M250,SILVERADO 1500,COLORADO,AVALANCHE,SILVERADO 1500 Crew Cab Pickup US,SILVERADO 1500 Extended Cab Pickup,SILVERADO 1500 Standard Cab Pickup US,SILVERADO 1500 Extended Cab Pickup US,SILVERADO 1500 Standard Cab Pickup; DAEWOO: MATIZ KLYA,REZZO KLAU,EVANDA KLAL,NUBIRA Stufenheck KLAN,MUSSO FJ,KORANDO KJ,KORANDO Cabrio KJ; LADA: NIVA 2121,KALINA Kombi 1117,KALINA Schr\u00e4gheck 1119,KALINA Stufenheck 1118,GRANTA 2190,PRIORA Schr\u00e4gheck 2172,KALINA Kombi 2194,KALINA Schr\u00e4gheck 2192; NISSAN: X-TRAIL T30,NOTE E11,JUKE F15,MICRA IV K13,PIXO UA0,PRIMASTAR Bus X83,PRIMASTAR Kasten X83,KUBISTAR X76,KUBISTAR Kasten X80; KIA: SORENTO I JC,PICANTO BA,SPORTAGE SL,CEE&#8217;D SW ED,CEE&#8217;D Schr\u00e4gheck ED,SPORTAGE JE_, KM_,CARENS II FJ,RIO II JB,CEE&#8217;D JD,CARENS III UN,CARNIVAL \/ GRAND CARNIVAL III VQ,CEE`D Sportswagon JD,PRO CEE&#8217;D ED,SOUL AM,CERATO LD,MAGENTIS MG,PRO CEE\u00b4D JD,CERATO Stufenheck LD,RIO II Stufenheck JB,CERATO II Stufenheck TD; LEXUS: IS II GSE2_, ALE2_, USE2_,RX MHU3_, GSU3_, MCU3_,IS I JCE1_, GXE1_,GS GRS19_, UZS19_, GWS19_,RX GYL1_, GGL15, AGL10,CT ZWA1_,IS SportCross,IS III GSE3_, AVE3_,LS UVF4_, USF4_,GS GRL1_, GWL1_,SC UZZ40_,IS C GSE2_,NX ZGZ1_, AGZ1_, AYZ1_,RX _L2_,RC GSC1_, USC1_; HONDA: CIVIC VIII Hatchback FN, FK,JAZZ II GD,CR-V III RE,CIVIC VII Hatchback EU, EP, EV,JAZZ III GE,CR-V II RD_,ACCORD VII CL,FR-V BE,CR-V IV RE,ACCORD VIII CU,ACCORD VII Tourer CM,CIVIC IX FK,ACCORD VIII Kombi,CIVIC VI Fastback MA, MB,STREAM RN,CIVIC VII Coupe EM2,CIVIC VIII Stufenheck FD, FA,JAZZ Stufenheck,INSIGHT ZE_,CR-Z ZF1,CIVIC VII Stufenheck ES,CIVIC IX Stufenheck FB, FG,LEGEND IV KB_,ACCORD VII CM,CIVIC IX Tourer FK,CITY Stufenheck GD8\/GD9; LAND ROVER: FREELANDER 2 FA_; SSANGYONG: MUSSO FJ,KORANDO KJ,KORANDO Cabrio KJ<\/p>\n","protected":false},"excerpt":{"rendered":"<p>MOTUL Moottori\u00f6ljy 102794<\/p>\n","protected":false},"featured_media":0,"template":"","meta":{"site-sidebar-layout":"default","site-content-layout":"default","ast-global-header-display":"","ast-main-header-display":"","ast-hfb-above-header-display":"","ast-hfb-below-header-display":"","ast-hfb-mobile-header-display":"","site-post-title":"","ast-breadcrumbs-content":"","ast-featured-img":"","footer-sml-layout":"","theme-transparent-header-meta":"","adv-header-id-meta":"","stick-header-meta":"","header-above-stick-meta":"","header-main-stick-meta":"","header-below-stick-meta":""},"pwb-brand":[140],"product_cat":[129],"product_tag":[],"class_list":{"0":"post-26443","1":"product","2":"type-product","3":"status-publish","5":"pwb-brand-motul","6":"product_cat-moottorioljy","7":"desktop-align-left","8":"tablet-align-left","9":"mobile-align-left","11":"first","12":"instock","13":"product-type-external"},"brands":[{"id":140,"name":"MOTUL","slug":"motul"}],"_links":{"self":[{"href":"https:\/\/www.autonvaraosahaku.fi\/index.php?rest_route=\/wp\/v2\/product\/26443","targetHints":{"allow":["GET"]}}],"collection":[{"href":"https:\/\/www.autonvaraosahaku.fi\/index.php?rest_route=\/wp\/v2\/product"}],"about":[{"href":"https:\/\/www.autonvaraosahaku.fi\/index.php?rest_route=\/wp\/v2\/types\/product"}],"wp:attachment":[{"href":"https:\/\/www.autonvaraosahaku.fi\/index.php?rest_route=%2Fwp%2Fv2%2Fmedia&parent=26443"}],"wp:term":[{"taxonomy":"pwb-brand","embeddable":true,"href":"https:\/\/www.autonvaraosahaku.fi\/index.php?rest_route=%2Fwp%2Fv2%2Fpwb-brand&post=26443"},{"taxonomy":"product_cat","embeddable":true,"href":"https:\/\/www.autonvaraosahaku.fi\/index.php?rest_route=%2Fwp%2Fv2%2Fproduct_cat&post=26443"},{"taxonomy":"product_tag","embeddable":true,"href":"https:\/\/www.autonvaraosahaku.fi\/index.php?rest_route=%2Fwp%2Fv2%2Fproduct_tag&post=26443"}],"curies":[{"name":"wp","href":"https:\/\/api.w.org\/{rel}","templated":true}]}}