{"id":26446,"date":"2021-02-21T15:01:41","date_gmt":"2021-02-21T15:01:41","guid":{"rendered":"https:\/\/www.autonvaraosahaku.fi\/?product=beru-zse043-sytytyspuola"},"modified":"2021-02-21T15:01:42","modified_gmt":"2021-02-21T15:01:42","slug":"beru-zse043-sytytyspuola","status":"publish","type":"product","link":"https:\/\/www.autonvaraosahaku.fi\/?product=beru-zse043-sytytyspuola","title":{"rendered":"BERU ZSE043 Sytytyspuola"},"content":{"rendered":"<p>Liittimet: SAE-Kontaktfeder, Spark Spring; Sytytyspuola: p\u00e4\u00e4teasteella, Sytytystulppakoskettimella; Liittimi\u00e4: 1; J\u00e4nnite (V): 12; Napojen m\u00e4\u00e4r\u00e4: 4; Korvaava tuote\/korvaava tiedote 2: Elektroniikalla, Elektroniikalla; Pituus, sis. liittimen [cm]: 16; Valmistusvuosi alkaen: 06\/2000; VW: GOLF IV 1J1,POLO 9N_,PASSAT Variant 3B6,BORA 1J2,NEW BEETLE 9C1, 1C1,PASSAT 3B3,BORA Kombi 1J6,NEW BEETLE Cabriolet 1Y7; AUDI: A3 8L1,A4 8D2, B5,A4 Avant 8ED, B7,A4 Avant 8E5, B6,A6 Avant 4B5, C5,A4 Avant 8D5, B5,A4 8E2, B6,A6 4B2, C5,A4 Cabriolet 8H7, B6, 8HE, B7,A4 8EC, B7,TT 8N3,TT Roadster 8N9,ALLROAD 4BH, C5; SKODA: OCTAVIA Combi 1U5,OCTAVIA 1U2,SUPERB 3U4; SEAT: IBIZA IV 6L1,LEON 1M1,EXEO ST 3R5,IBIZA II 6K1,TOLEDO II 1M2,EXEO 3R2,CORDOBA 6K1, 6K2; 06A905115, 06A905115A, 06A905115B, 06A905115C, 06A905115D, 06B905115D, 06B905115G, 06B905115H, 06B905115J, 06B905115L, 06B905115M, 06B905115N, 06B905115P, 06B905115Q, 06B905115R, 06B905115S, 06C905115C, 06A905115, 06A905115A, 06A905115B, 06A905115C, 06A905115D, 06B905115D, 06B905115G, 06B905115H, 06B905115J, 06B905115L, 06B905115P, 06B905115R, 06C905115C, 06A905115, 06A905115A, 06A905115B, 06A905115C, 06A905115D, 06B905115D, 06B905115G, 06B905115H, 06B905115J, 06B905115L, 06B905115P, 06B905115R, 06C905115C, 06A905115, 06A905115A, 06A905115B, 06A905115C, 06A905115D, 06B905115D, 06B905115G, 06B905115H, 06B905115J, 06B905115L, 06B905115M, 06B905115N, 06B905115P, 06B905115Q, 06B905115R, 06B905115S, 06C905115C<\/p>\n","protected":false},"excerpt":{"rendered":"<p>BERU Sytytyspuola ZSE043  VW,AUDI,SKODA,GOLF IV 1J1,POLO 9N_,PASSAT Variant 3B6,BORA 1J2,NEW BEETLE 9C1, 1C1,PASSAT 3B3,BORA Kombi 1J6<\/p>\n","protected":false},"featured_media":0,"template":"","meta":{"site-sidebar-layout":"default","site-content-layout":"default","ast-global-header-display":"","ast-main-header-display":"","ast-hfb-above-header-display":"","ast-hfb-below-header-display":"","ast-hfb-mobile-header-display":"","site-post-title":"","ast-breadcrumbs-content":"","ast-featured-img":"","footer-sml-layout":"","theme-transparent-header-meta":"","adv-header-id-meta":"","stick-header-meta":"","header-above-stick-meta":"","header-main-stick-meta":"","header-below-stick-meta":""},"pwb-brand":[327],"product_cat":[25],"product_tag":[],"class_list":{"0":"post-26446","1":"product","2":"type-product","3":"status-publish","5":"pwb-brand-beru","6":"product_cat-sytytyspuola","7":"desktop-align-left","8":"tablet-align-left","9":"mobile-align-left","11":"first","12":"instock","13":"product-type-external"},"brands":[{"id":327,"name":"BERU","slug":"beru"}],"_links":{"self":[{"href":"https:\/\/www.autonvaraosahaku.fi\/index.php?rest_route=\/wp\/v2\/product\/26446","targetHints":{"allow":["GET"]}}],"collection":[{"href":"https:\/\/www.autonvaraosahaku.fi\/index.php?rest_route=\/wp\/v2\/product"}],"about":[{"href":"https:\/\/www.autonvaraosahaku.fi\/index.php?rest_route=\/wp\/v2\/types\/product"}],"wp:attachment":[{"href":"https:\/\/www.autonvaraosahaku.fi\/index.php?rest_route=%2Fwp%2Fv2%2Fmedia&parent=26446"}],"wp:term":[{"taxonomy":"pwb-brand","embeddable":true,"href":"https:\/\/www.autonvaraosahaku.fi\/index.php?rest_route=%2Fwp%2Fv2%2Fpwb-brand&post=26446"},{"taxonomy":"product_cat","embeddable":true,"href":"https:\/\/www.autonvaraosahaku.fi\/index.php?rest_route=%2Fwp%2Fv2%2Fproduct_cat&post=26446"},{"taxonomy":"product_tag","embeddable":true,"href":"https:\/\/www.autonvaraosahaku.fi\/index.php?rest_route=%2Fwp%2Fv2%2Fproduct_tag&post=26446"}],"curies":[{"name":"wp","href":"https:\/\/api.w.org\/{rel}","templated":true}]}}