{"id":26519,"date":"2021-02-21T15:01:58","date_gmt":"2021-02-21T15:01:58","guid":{"rendered":"https:\/\/www.autonvaraosahaku.fi\/?product=trw-jgt589t-iskunvaimennin"},"modified":"2021-02-21T15:01:58","modified_gmt":"2021-02-21T15:01:58","slug":"trw-jgt589t-iskunvaimennin","status":"publish","type":"product","link":"https:\/\/www.autonvaraosahaku.fi\/?product=trw-jgt589t-iskunvaimennin","title":{"rendered":"TRW JGT589T Iskunvaimennin"},"content":{"rendered":"<p>Asennuspuoli: Taka-akseli; Lukum\u00e4\u00e4r\u00e4 akselille: 1; Iskunvaimennin tyyppi: Kaasupaine; Iskunvaimennin malli: Teleskooppi-iskunvaimentaja; Iskunvaimennusj\u00e4rjestelm\u00e4: Kaksiputki; Iskunvaimennin asennustapa: Tappi ylh\u00e4\u00e4ll\u00e4, Silmukka alhaalla; L\u00e4pimitta [mm]: 39; Pituus 1 (mm): 585; Pituus 2 (mm): 369; Jousijalan l\u00e4pimitta [mm]: 12; Kierremitta: M10x1; Huomioi tekniset tiedot: ; Tuotelinja: TWIN; PR-numerolle: 1JC; VW: GOLF V 1K1,GOLF VI 5K1,PASSAT Variant 3C5,PASSAT 3C2,PASSAT Variant 365,SCIROCCO 137, 138,PASSAT CC 357,JETTA III 1K2,PASSAT 362,CC 358,JETTA IV 162, 163; AUDI: A3 8P1,A3 Sportback 8PA,A3 Cabriolet 8P7; SKODA: OCTAVIA Combi 1Z5,YETI 5L,SUPERB Kombi 3T5,OCTAVIA 1Z3,SUPERB 3T4; 1K0513029CE, 1K0513029CJ, 1K0513029DS, 1K0513029EA, 1K0513029FC, 1K0513029FD, 1K0513029FJ, 1K0513029FQ, 1K0513029GK, 1K0513029HB, 1K0513029HM, 3C0513049AP, 3C0513049BC, 3C0513049CB, 8P0598998, 1K0513029CE, 1K0513029CJ, 1K0513029DS, 1K0513029EA, 1K0513029FC, 1K0513029FD, 1K0513029FJ, 1K0513029FQ, 3C0513049AP, 3C0513049BC, 3C0513049CB, 8P0598998, 1K0513029CE, 1K0513029CJ, 1K0513029DS, 1K0513029EA, 1K0513029EN, 1K0513029EP, 1K0513029ER, 1K0513029FC, 1K0513029FD, 1K0513029FJ, 1K0513029FQ, 1K0513029GB, 1K0513029GP, 3C0513049AP, 3C0513049AR, 3C0513049AS, 3C0513049BC, 3C0513049BD, 3C0513049BE, 3C0513049BF, 3C0513049BR, 3C0513049CB, 8P0598998, 1K0513029CA, 1K0513029CB, 1K0513029CE, 1K0513029CF, 1K0513029CJ, 1K0513029CR, 1K0513029DS, 1K0513029EA, 1K0513029EN, 1K0513029ER, 1K0513029FA, 1K0513029FB, 1K0513029FC, 1K0513029FD, 1K0513029FG, 1K0513029FH, 1K0513029FJ, 1K0513029FL, 1K0513029FQ, 1K0513029FT, 1K0513029GJ, 1K0513029GP, 1K0513029HF, 1K0513029HJ, 1K0513029HK, 3C0513049AP, 3C0513049AR, 3C0&#8230;; Iskarit,Iskunvaimennin<\/p>\n","protected":false},"excerpt":{"rendered":"<p>TRW Iskunvaimentimet JGT589T Iskarit,Iskunvaimennin VW,AUDI,SKODA,GOLF V 1K1,GOLF VI 5K1,PASSAT Variant 3C5,PASSAT 3C2,PASSAT Variant 365<\/p>\n","protected":false},"featured_media":0,"template":"","meta":{"site-sidebar-layout":"default","site-content-layout":"default","ast-global-header-display":"","ast-main-header-display":"","ast-hfb-above-header-display":"","ast-hfb-below-header-display":"","ast-hfb-mobile-header-display":"","site-post-title":"","ast-breadcrumbs-content":"","ast-featured-img":"","footer-sml-layout":"","theme-transparent-header-meta":"","adv-header-id-meta":"","stick-header-meta":"","header-above-stick-meta":"","header-main-stick-meta":"","header-below-stick-meta":""},"pwb-brand":[332],"product_cat":[80],"product_tag":[],"class_list":{"0":"post-26519","1":"product","2":"type-product","3":"status-publish","5":"pwb-brand-trw","6":"product_cat-iskunvaimennin","7":"desktop-align-left","8":"tablet-align-left","9":"mobile-align-left","11":"first","12":"instock","13":"product-type-external"},"brands":[{"id":332,"name":"TRW","slug":"trw"}],"_links":{"self":[{"href":"https:\/\/www.autonvaraosahaku.fi\/index.php?rest_route=\/wp\/v2\/product\/26519","targetHints":{"allow":["GET"]}}],"collection":[{"href":"https:\/\/www.autonvaraosahaku.fi\/index.php?rest_route=\/wp\/v2\/product"}],"about":[{"href":"https:\/\/www.autonvaraosahaku.fi\/index.php?rest_route=\/wp\/v2\/types\/product"}],"wp:attachment":[{"href":"https:\/\/www.autonvaraosahaku.fi\/index.php?rest_route=%2Fwp%2Fv2%2Fmedia&parent=26519"}],"wp:term":[{"taxonomy":"pwb-brand","embeddable":true,"href":"https:\/\/www.autonvaraosahaku.fi\/index.php?rest_route=%2Fwp%2Fv2%2Fpwb-brand&post=26519"},{"taxonomy":"product_cat","embeddable":true,"href":"https:\/\/www.autonvaraosahaku.fi\/index.php?rest_route=%2Fwp%2Fv2%2Fproduct_cat&post=26519"},{"taxonomy":"product_tag","embeddable":true,"href":"https:\/\/www.autonvaraosahaku.fi\/index.php?rest_route=%2Fwp%2Fv2%2Fproduct_tag&post=26519"}],"curies":[{"name":"wp","href":"https:\/\/api.w.org\/{rel}","templated":true}]}}