{"id":26525,"date":"2021-02-21T15:01:58","date_gmt":"2021-02-21T15:01:58","guid":{"rendered":"https:\/\/www.autonvaraosahaku.fi\/?product=trw-df4796-jarrulevyt"},"modified":"2021-02-21T15:01:59","modified_gmt":"2021-02-21T15:01:59","slug":"trw-df4796-jarrulevyt","status":"publish","type":"product","link":"https:\/\/www.autonvaraosahaku.fi\/?product=trw-df4796-jarrulevyt","title":{"rendered":"TRW DF4796 Jarrulevyt"},"content":{"rendered":"<p>V\u00e4himm\u00e4ispaksuus (mm): 20; Jarrulevytyyppi: Tuuletettu; Jarrulevyn paksuus (mm): 22; Kierremitta: 14,5; Ulkol\u00e4pimitta [mm]: 257; Reikien m\u00e4\u00e4r\u00e4: 6; keskitt\u00e4misl\u00e4pimitta [mm]: 60; Korkeus (mm): 40,5; Reik\u00e4ympyr\u00e4-\u00d8 [mm]: 100; V\u00e4ri: Musta; Pinta: Lakattu; Tarkistuskilpi: E190R 0202C0176\/0091; Asennuspuoli: Vorderachse; OPEL: CORSA D,ADAM,CORSA D Van,CORSA E,CORSA E Van; FIAT: GRANDE PUNTO 199,PUNTO EVO 199,PUNTO 199,PUNTO Van 199,GRANDE PUNTO Van 199_,PUNTO EVO Van 199_; VAUXHALL: CORSA Mk III D L_8,ADAM,CORSAVAN Mk III D,CORSA Mk IV E; 0000055700918, 51806099, 51830236, 55700398, 55700920, 55700921, 569024, 569065, 93188917, 93197241, 569065, 93188917, 93197241; Jarrulevy<\/p>\n","protected":false},"excerpt":{"rendered":"<p>TRW Jarrulevyt DF4796 Jarrulevy OPEL,FIAT,VAUXHALL,CORSA D,ADAM,CORSA D Van,CORSA E,CORSA E Van,GRANDE PUNTO 199,PUNTO EVO 199,PUNTO 199,PUNTO Van 199<\/p>\n","protected":false},"featured_media":0,"template":"","meta":{"site-sidebar-layout":"default","site-content-layout":"default","ast-global-header-display":"","ast-main-header-display":"","ast-hfb-above-header-display":"","ast-hfb-below-header-display":"","ast-hfb-mobile-header-display":"","site-post-title":"","ast-breadcrumbs-content":"","ast-featured-img":"","footer-sml-layout":"","theme-transparent-header-meta":"","adv-header-id-meta":"","stick-header-meta":"","header-above-stick-meta":"","header-main-stick-meta":"","header-below-stick-meta":""},"pwb-brand":[332],"product_cat":[66],"product_tag":[],"class_list":{"0":"post-26525","1":"product","2":"type-product","3":"status-publish","5":"pwb-brand-trw","6":"product_cat-jarrulevyt","7":"desktop-align-left","8":"tablet-align-left","9":"mobile-align-left","11":"first","12":"instock","13":"product-type-external"},"brands":[{"id":332,"name":"TRW","slug":"trw"}],"_links":{"self":[{"href":"https:\/\/www.autonvaraosahaku.fi\/index.php?rest_route=\/wp\/v2\/product\/26525","targetHints":{"allow":["GET"]}}],"collection":[{"href":"https:\/\/www.autonvaraosahaku.fi\/index.php?rest_route=\/wp\/v2\/product"}],"about":[{"href":"https:\/\/www.autonvaraosahaku.fi\/index.php?rest_route=\/wp\/v2\/types\/product"}],"wp:attachment":[{"href":"https:\/\/www.autonvaraosahaku.fi\/index.php?rest_route=%2Fwp%2Fv2%2Fmedia&parent=26525"}],"wp:term":[{"taxonomy":"pwb-brand","embeddable":true,"href":"https:\/\/www.autonvaraosahaku.fi\/index.php?rest_route=%2Fwp%2Fv2%2Fpwb-brand&post=26525"},{"taxonomy":"product_cat","embeddable":true,"href":"https:\/\/www.autonvaraosahaku.fi\/index.php?rest_route=%2Fwp%2Fv2%2Fproduct_cat&post=26525"},{"taxonomy":"product_tag","embeddable":true,"href":"https:\/\/www.autonvaraosahaku.fi\/index.php?rest_route=%2Fwp%2Fv2%2Fproduct_tag&post=26525"}],"curies":[{"name":"wp","href":"https:\/\/api.w.org\/{rel}","templated":true}]}}