{"id":26531,"date":"2021-02-21T15:01:58","date_gmt":"2021-02-21T15:01:58","guid":{"rendered":"https:\/\/www.autonvaraosahaku.fi\/?product=mahle-original-oc-475-oljynsuodatin"},"modified":"2021-02-21T15:01:59","modified_gmt":"2021-02-21T15:01:59","slug":"mahle-original-oc-475-oljynsuodatin","status":"publish","type":"product","link":"https:\/\/www.autonvaraosahaku.fi\/?product=mahle-original-oc-475-oljynsuodatin","title":{"rendered":"MAHLE ORIGINAL OC 475 \u00d6ljynsuodatin"},"content":{"rendered":"<p>Suodatintyyppi: Ruuvattava suodatin; L\u00e4pimitta [mm]: 65,5; Korkeus (mm): 66,2; Ulkol\u00e4pimitta 2 [mm]: 63,3; Sis\u00e4l\u00e4pimitta 2 [mm]: 56,5; Liitinkierre: M20x1,5, M20x1,5 6H; Kiristysmomentti: 16, 16, 16; Suositellun erikoisty\u00f6kalun tuotenumero: OCS 4, OCS 4, OCS 4; Valmistusvuosi alkaen: 04\/2003; NISSAN: MURANO Z51,KUBISTAR Kasten X80; DACIA: SANDERO,SANDERO II,LOGAN MCV II,LOGAN LS_,LOGAN II; RENAULT: TWINGO I C06_,CLIO II BB0\/1\/2_, CB0\/1\/2_,CLIO III BR0\/1, CR0\/1,KANGOO KC0\/1_,TWINGO II CN0_,MODUS \/ GRAND MODUS F\/JP0_,CLIO IV,KANGOO Express FC0\/1_,CLIO Grandtour KR0\/1_,CLIO I B\/C57_, 5\/357_,TWINGO I Kasten S06_,CLIO Grandtour IV,CLIO II Kasten SB0\/1\/2_,WIND E4M_,THALIA I LB0\/1\/2_,CLIO III Kasten SB_, SR_,THALIA II LU1\/2_,CLIO IV Kasten,SANDERO\/STEPWAY II,LOGAN II Kombi,LOGAN II,THALIA III; AIXAM: 500,A.741,A.721,A.751; 8200257642, 8671005907, MD134953, 1520800QAG, 1109P4, 1109S0, 8200257642, 7700112686, 7700863124, 7700867824, 7700869029, 8200257642, 8200292649, 8671005907<\/p>\n","protected":false},"excerpt":{"rendered":"<p>MAHLE ORIGINAL \u00d6ljynsuodatin OC 475  NISSAN,DACIA,RENAULT,MURANO Z51,KUBISTAR Kasten X80,SANDERO,SANDERO II,LOGAN MCV II,LOGAN LS_,LOGAN II<\/p>\n","protected":false},"featured_media":0,"template":"","meta":{"site-sidebar-layout":"default","site-content-layout":"default","ast-global-header-display":"","ast-main-header-display":"","ast-hfb-above-header-display":"","ast-hfb-below-header-display":"","ast-hfb-mobile-header-display":"","site-post-title":"","ast-breadcrumbs-content":"","ast-featured-img":"","footer-sml-layout":"","theme-transparent-header-meta":"","adv-header-id-meta":"","stick-header-meta":"","header-above-stick-meta":"","header-main-stick-meta":"","header-below-stick-meta":""},"pwb-brand":[153],"product_cat":[30],"product_tag":[],"class_list":{"0":"post-26531","1":"product","2":"type-product","3":"status-publish","5":"pwb-brand-mahle-original","6":"product_cat-oljynsuodatin","7":"desktop-align-left","8":"tablet-align-left","9":"mobile-align-left","11":"first","12":"instock","13":"product-type-external"},"brands":[{"id":153,"name":"MAHLE ORIGINAL","slug":"mahle-original"}],"_links":{"self":[{"href":"https:\/\/www.autonvaraosahaku.fi\/index.php?rest_route=\/wp\/v2\/product\/26531","targetHints":{"allow":["GET"]}}],"collection":[{"href":"https:\/\/www.autonvaraosahaku.fi\/index.php?rest_route=\/wp\/v2\/product"}],"about":[{"href":"https:\/\/www.autonvaraosahaku.fi\/index.php?rest_route=\/wp\/v2\/types\/product"}],"wp:attachment":[{"href":"https:\/\/www.autonvaraosahaku.fi\/index.php?rest_route=%2Fwp%2Fv2%2Fmedia&parent=26531"}],"wp:term":[{"taxonomy":"pwb-brand","embeddable":true,"href":"https:\/\/www.autonvaraosahaku.fi\/index.php?rest_route=%2Fwp%2Fv2%2Fpwb-brand&post=26531"},{"taxonomy":"product_cat","embeddable":true,"href":"https:\/\/www.autonvaraosahaku.fi\/index.php?rest_route=%2Fwp%2Fv2%2Fproduct_cat&post=26531"},{"taxonomy":"product_tag","embeddable":true,"href":"https:\/\/www.autonvaraosahaku.fi\/index.php?rest_route=%2Fwp%2Fv2%2Fproduct_tag&post=26531"}],"curies":[{"name":"wp","href":"https:\/\/api.w.org\/{rel}","templated":true}]}}