{"id":26561,"date":"2021-02-21T15:02:06","date_gmt":"2021-02-21T15:02:06","guid":{"rendered":"https:\/\/www.autonvaraosahaku.fi\/?product=beru-z32-sytytystulpat"},"modified":"2021-02-21T15:02:06","modified_gmt":"2021-02-21T15:02:06","slug":"beru-z32-sytytystulpat","status":"publish","type":"product","link":"https:\/\/www.autonvaraosahaku.fi\/?product=beru-z32-sytytystulpat","title":{"rendered":"BERU Z32 Sytytystulpat"},"content":{"rendered":"<p>K\u00e4rkiv\u00e4li (mm): 0,7; Liittimet: SAE\/M4; Kierremitta: M18x1,5; Avainv\u00e4li: 21 mm; Sytytystulppa: 1-maaelektroodi, kartioistukalla; Kierteen pituus (mm): 11,2; Teknisten tietojen numero: 18 K-7 BU; Itsepalvelupakattu, katso osaluettelo: ; Kiristysmomentti > [Nm]: 20; Kiristysmomentti enint\u00e4\u00e4n [Nm]: 30; Tuotelinja: ULTRA; Tarvittava kappalem\u00e4\u00e4r\u00e4: 4; FORD: SIERRA GBG, GB4,SIERRA Schr\u00e4gheck GBC, GBG,TRANSIT Kasten T_ _,TRANSIT Bus V_ _,SCORPIO I GAE, GGE,TRANSIT Bus T_ _,TRANSIT Bus MK-4 E_ _,CAPRI III GECP,SIERRA Schr\u00e4gheck GBC,ESCORT II ATH,TRANSIT MK-4 Pritsche\/Fahrgestell E_ _,SCORPIO I Stufenheck GGE,TRANSIT Kasten V_ _,TRANSIT Pritsche\/Fahrgestell V_ _,TRANSIT MK-4 Kasten E_ _,SIERRA Kombi BNG,GRANADA GU,TRANSIT Pritsche\/Fahrgestell T_ _,CAPRI II GECP,SIERRA Kombi BNC,GRANADA Kombi GNU,GRANADA GGTL, GGFL,GRANADA Coupe GGCL,GRANADA Kombi GGNL,P 100 II,TAUNUS GBFK; 1120818, 12405AD, 12405JE, 1507572, 5099731, 5099732, 5099733, 5099735, 5099846, 5099848, 73OF12405AA, 78HF12405AA, 83BB12405CA, 83OF, 840F12405JD, 88HF, DZPF12405, DZPF12405BUA, 156, 33, 34, 35, 44, 745, 7701414121; Tulpat,Sytytystulppa<\/p>\n","protected":false},"excerpt":{"rendered":"<p>BERU Sytytystulpat Z32 Tulpat,Sytytystulppa FORD,SIERRA GBG, GB4,SIERRA Schr\u00e4gheck GBC, GBG,TRANSIT Kasten T_ _,TRANSIT Bus V_ _,SCORPIO I GAE, GGE<\/p>\n","protected":false},"featured_media":0,"template":"","meta":{"site-sidebar-layout":"default","site-content-layout":"default","ast-global-header-display":"","ast-main-header-display":"","ast-hfb-above-header-display":"","ast-hfb-below-header-display":"","ast-hfb-mobile-header-display":"","site-post-title":"","ast-breadcrumbs-content":"","ast-featured-img":"","footer-sml-layout":"","theme-transparent-header-meta":"","adv-header-id-meta":"","stick-header-meta":"","header-above-stick-meta":"","header-main-stick-meta":"","header-below-stick-meta":""},"pwb-brand":[327],"product_cat":[165],"product_tag":[],"class_list":{"0":"post-26561","1":"product","2":"type-product","3":"status-publish","5":"pwb-brand-beru","6":"product_cat-sytytystulpat","7":"desktop-align-left","8":"tablet-align-left","9":"mobile-align-left","11":"first","12":"instock","13":"product-type-external"},"brands":[{"id":327,"name":"BERU","slug":"beru"}],"_links":{"self":[{"href":"https:\/\/www.autonvaraosahaku.fi\/index.php?rest_route=\/wp\/v2\/product\/26561","targetHints":{"allow":["GET"]}}],"collection":[{"href":"https:\/\/www.autonvaraosahaku.fi\/index.php?rest_route=\/wp\/v2\/product"}],"about":[{"href":"https:\/\/www.autonvaraosahaku.fi\/index.php?rest_route=\/wp\/v2\/types\/product"}],"wp:attachment":[{"href":"https:\/\/www.autonvaraosahaku.fi\/index.php?rest_route=%2Fwp%2Fv2%2Fmedia&parent=26561"}],"wp:term":[{"taxonomy":"pwb-brand","embeddable":true,"href":"https:\/\/www.autonvaraosahaku.fi\/index.php?rest_route=%2Fwp%2Fv2%2Fpwb-brand&post=26561"},{"taxonomy":"product_cat","embeddable":true,"href":"https:\/\/www.autonvaraosahaku.fi\/index.php?rest_route=%2Fwp%2Fv2%2Fproduct_cat&post=26561"},{"taxonomy":"product_tag","embeddable":true,"href":"https:\/\/www.autonvaraosahaku.fi\/index.php?rest_route=%2Fwp%2Fv2%2Fproduct_tag&post=26561"}],"curies":[{"name":"wp","href":"https:\/\/api.w.org\/{rel}","templated":true}]}}