{"id":26571,"date":"2021-02-21T15:02:06","date_gmt":"2021-02-21T15:02:06","guid":{"rendered":"https:\/\/www.autonvaraosahaku.fi\/?product=corteco-12013859b-kampiakselin-tiiviste"},"modified":"2021-02-21T15:02:07","modified_gmt":"2021-02-21T15:02:07","slug":"corteco-12013859b-kampiakselin-tiiviste","status":"publish","type":"product","link":"https:\/\/www.autonvaraosahaku.fi\/?product=corteco-12013859b-kampiakselin-tiiviste","title":{"rendered":"CORTECO 12013859B Kampiakselin tiiviste"},"content":{"rendered":"<p>Sis\u00e4l\u00e4pimitta 1 [mm]: 35; Ulkol\u00e4pimitta 1 [mm]: 47; Korkeus 1 (mm): 7; Materiaali: FPM (fluori-kumi); Suojavaippa: Suojakumilla; Rihlamalli: Oikea kierre; Asennuspuoli: Etup\u00e4\u00e4; Moottorinumero: K4M 858; VW: PASSAT Variant 3A5, 35I; BMW: 3 E30,02 E10; OPEL: FRONTERA A Sport 5_SUD2; RENAULT: CLIO II BB0\/1\/2_, CB0\/1\/2_,CLIO III BR0\/1, CR0\/1,SC\u00c9NIC II JM0\/1_,KANGOO KC0\/1_,TWINGO II CN0_,MEGANE III Grandtour KZ0\/1,MODUS \/ GRAND MODUS F\/JP0_,MEGANE II Kombi KM0\/1_,SC\u00c9NIC I JA0\/1_,MEGANE II Coup\u00e9-Cabriolet EM0\/1_,SC\u00c9NIC III JZ0\/1_,LAGUNA III Grandtour KT0\/1,MEGANE Scenic JA0\/1_,MEGANE III Schr\u00e4gheck BZ0_,LAGUNA II BG0\/1_,MEGANE II BM0\/1_, CM0\/1_,GRAND SC\u00c9NIC III JZ0\/1_,MEGANE I BA0\/1_,MEGANE III Coupe DZ0\/1_,KANGOO \/ GRAND KANGOO KW0\/1_,KANGOO Express FC0\/1_,CLIO Grandtour KR0\/1_,GRAND SC\u00c9NIC II JM0\/1_,MEGANE I Grandtour KA0\/1_,MEGANE I Cabriolet EA0\/1_,LAGUNA I B56_, 556_,CLIO I B\/C57_, 5\/357_,LAGUNA I Grandtour K56_,LAGUNA III BT0\/1,KANGOO Express FW0\/1_,MEGANE II Stufenheck LM0\/1_,MEGANE I Classic LA0\/1_,MEGANE I Coach DA0\/1_,KANGOO BE BOP KW0\/1_,MEGANE CC EZ0\/1_,ESPACE II J\/S63_,19 II B\/C53_,WIND E4M_,19 I B\/C53_,FLUENCE L30_,TRAFIC Kasten TXX,TRAFIC Bus TXW,SAFRANE I B54_,ESPACE I J11_,11 B\/C37_,21 Stufenheck L48_,25 B29_,19 I Chamade L53_,TH; PEUGEOT: 806 221,EXPERT Tepee VF3V_,BOXER Kasten 230L,505 551A; TOYOTA: SUPRA JZA80; CITRO\u00cbN: CX II,CX I MA,CX II Break,CX I Break MA; VOLVO: 940 II Kombi 945,940 Kombi 945,240 Kombi P245,740 Kombi 745,740 744,240 P242, P244,940 944,760 704, 764,340-360 343, 345,960 Kombi 965,760 Kombi 704, 765,940 II 944,960 964,340-360 Stufenheck 344; MITSUBISHI: PAJERO II Canvas Top V2_W, V4_W,GALANT II A16_; ALFA ROMEO: SPIDER 115,164 164,33 907A,33 905,ALFASUD Sprint 902.A,ALFETTA 116,33 Sportwagon 907B; 7700619237, ADU8891, 023609, 7700619237, 7700668575, 7700668576, 7700743159, 7700854842, 7701349138, 7701349626, ADU8891, 1306333; Akselitiiviste, Kampiakseli<\/p>\n","protected":false},"excerpt":{"rendered":"<p>CORTECO Kampiakselin Tiiviste 12013859B Akselitiiviste, Kampiakseli VW,BMW,OPEL,PASSAT Variant 3A5, 35I,3 E30,02 E10,FRONTERA A Sport 5_SUD2<\/p>\n","protected":false},"featured_media":0,"template":"","meta":{"site-sidebar-layout":"default","site-content-layout":"default","ast-global-header-display":"","ast-main-header-display":"","ast-hfb-above-header-display":"","ast-hfb-below-header-display":"","ast-hfb-mobile-header-display":"","site-post-title":"","ast-breadcrumbs-content":"","ast-featured-img":"","footer-sml-layout":"","theme-transparent-header-meta":"","adv-header-id-meta":"","stick-header-meta":"","header-above-stick-meta":"","header-main-stick-meta":"","header-below-stick-meta":""},"pwb-brand":[53],"product_cat":[88],"product_tag":[],"class_list":{"0":"post-26571","1":"product","2":"type-product","3":"status-publish","5":"pwb-brand-corteco","6":"product_cat-kampiakselin-tiiviste","7":"desktop-align-left","8":"tablet-align-left","9":"mobile-align-left","11":"first","12":"instock","13":"product-type-external"},"brands":[{"id":53,"name":"CORTECO","slug":"corteco"}],"_links":{"self":[{"href":"https:\/\/www.autonvaraosahaku.fi\/index.php?rest_route=\/wp\/v2\/product\/26571","targetHints":{"allow":["GET"]}}],"collection":[{"href":"https:\/\/www.autonvaraosahaku.fi\/index.php?rest_route=\/wp\/v2\/product"}],"about":[{"href":"https:\/\/www.autonvaraosahaku.fi\/index.php?rest_route=\/wp\/v2\/types\/product"}],"wp:attachment":[{"href":"https:\/\/www.autonvaraosahaku.fi\/index.php?rest_route=%2Fwp%2Fv2%2Fmedia&parent=26571"}],"wp:term":[{"taxonomy":"pwb-brand","embeddable":true,"href":"https:\/\/www.autonvaraosahaku.fi\/index.php?rest_route=%2Fwp%2Fv2%2Fpwb-brand&post=26571"},{"taxonomy":"product_cat","embeddable":true,"href":"https:\/\/www.autonvaraosahaku.fi\/index.php?rest_route=%2Fwp%2Fv2%2Fproduct_cat&post=26571"},{"taxonomy":"product_tag","embeddable":true,"href":"https:\/\/www.autonvaraosahaku.fi\/index.php?rest_route=%2Fwp%2Fv2%2Fproduct_tag&post=26571"}],"curies":[{"name":"wp","href":"https:\/\/api.w.org\/{rel}","templated":true}]}}