{"id":26612,"date":"2021-02-21T15:02:14","date_gmt":"2021-02-21T15:02:14","guid":{"rendered":"https:\/\/www.autonvaraosahaku.fi\/?product=elring-057-240-kannen-pultit"},"modified":"2021-02-21T15:02:15","modified_gmt":"2021-02-21T15:02:15","slug":"elring-057-240-kannen-pultit","status":"publish","type":"product","link":"https:\/\/www.autonvaraosahaku.fi\/?product=elring-057-240-kannen-pultit","title":{"rendered":"ELRING 057.240 Kannen pultit"},"content":{"rendered":"<p>Kierremitta: M 12&#215;1,75&#215;166; Ruuvikanta\/mutteriprofiili: Hammastettu, sis\u00e4; Avainv\u00e4li: X &#8211; M 12, X &#8211; M 12; Korvaava tuote\/korvaava tiedote 2: ilman v\u00e4lilevy\u00e4, ilman v\u00e4lilevy\u00e4; TECDOC-moottorinumero: 13443; VW: GOLF IV 1J1,GOLF V 1K1,POLO 9N_,TOURAN 1T1, 1T2,PASSAT Variant 3C5,GOLF PLUS 5M1, 521,PASSAT Variant 3B6,PASSAT 3C2,GOLF IV Variant 1J5,SHARAN 7M8, 7M9, 7M6,CADDY III Kombi 2KB, 2KJ, 2CB, 2CJ,PASSAT Variant 3B5,TRANSPORTER V Bus 7HB, 7HJ, 7EB, 7EJ, 7EF,GOLF V Variant 1K5,MULTIVAN V 7HM, 7HN, 7HF, 7EF, 7EM, 7EN,CADDY III Kasten 2KA, 2KH, 2CA, 2CH,BORA 1J2,PASSAT 3B2,EOS 1F7, 1F8,TRANSPORTER V Kasten 7HA, 7HH, 7EA, 7EH,NEW BEETLE 9C1, 1C1,PASSAT 3B3,BORA Kombi 1J6,NEW BEETLE Cabriolet 1Y7,JETTA III 1K2,TRANSPORTER V Pritsche\/Fahrgestell 7JD, 7JE, 7JL, 7JY, 7JZ,,POLO Stufenheck 9A4,POLO Stufenheck 9N4,GOLF IV Van 1J1; AUDI: A3 8P1,A3 8L1,A3 Sportback 8PA,A4 8D2, B5,A4 Avant 8ED, B7,A4 Avant 8E5, B6,A6 Avant 4B5, C5,A4 Avant 8D5, B5,A4 8E2, B6,A6 4B2, C5,A4 Cabriolet 8H7, B6, 8HE, B7,A4 8EC, B7,A3 Cabriolet 8P7; SKODA: OCTAVIA Combi 1Z5,FABIA Combi 6Y5,FABIA,FABIA 6Y2,OCTAVIA Combi 1U5,FABIA Combi,ROOMSTER 5J,SUPERB Kombi 3T5,OCTAVIA 1Z3,OCTAVIA 1U2,SUPERB 3U4,SUPERB 3T4,FABIA Stufenheck 6Y3,FABIA Praktik; SEAT: IBIZA IV 6L1,LEON 1P1,IBIZA V 6J5, 6P5,LEON 1M1,ALTEA 5P1,ALHAMBRA 7V8, 7V9,ALTEA XL 5P5, 5P8,TOLEDO II 1M2,IBIZA V SPORTCOUPE 6J1, 6P1,CORDOBA 6L2,TOLEDO III 5P2; FORD: GALAXY WGR; Sylinterikannen Pultit,Syl.Kannen Pulttisarja<\/p>\n","protected":false},"excerpt":{"rendered":"<p>ELRING Kannen Pultit 057.240 Sylinterikannen Pultit,Syl.Kannen Pulttisarja VW,AUDI,SKODA,GOLF IV 1J1,GOLF V 1K1,POLO 9N_,TOURAN 1T1, 1T2<\/p>\n","protected":false},"featured_media":0,"template":"","meta":{"site-sidebar-layout":"default","site-content-layout":"default","ast-global-header-display":"","ast-main-header-display":"","ast-hfb-above-header-display":"","ast-hfb-below-header-display":"","ast-hfb-mobile-header-display":"","site-post-title":"","ast-breadcrumbs-content":"","ast-featured-img":"","footer-sml-layout":"","theme-transparent-header-meta":"","adv-header-id-meta":"","stick-header-meta":"","header-above-stick-meta":"","header-main-stick-meta":"","header-below-stick-meta":""},"pwb-brand":[26],"product_cat":[67],"product_tag":[],"class_list":{"0":"post-26612","1":"product","2":"type-product","3":"status-publish","5":"pwb-brand-elring","6":"product_cat-kannen-pultit","7":"desktop-align-left","8":"tablet-align-left","9":"mobile-align-left","11":"first","12":"instock","13":"product-type-external"},"brands":[{"id":26,"name":"ELRING","slug":"elring"}],"_links":{"self":[{"href":"https:\/\/www.autonvaraosahaku.fi\/index.php?rest_route=\/wp\/v2\/product\/26612","targetHints":{"allow":["GET"]}}],"collection":[{"href":"https:\/\/www.autonvaraosahaku.fi\/index.php?rest_route=\/wp\/v2\/product"}],"about":[{"href":"https:\/\/www.autonvaraosahaku.fi\/index.php?rest_route=\/wp\/v2\/types\/product"}],"wp:attachment":[{"href":"https:\/\/www.autonvaraosahaku.fi\/index.php?rest_route=%2Fwp%2Fv2%2Fmedia&parent=26612"}],"wp:term":[{"taxonomy":"pwb-brand","embeddable":true,"href":"https:\/\/www.autonvaraosahaku.fi\/index.php?rest_route=%2Fwp%2Fv2%2Fpwb-brand&post=26612"},{"taxonomy":"product_cat","embeddable":true,"href":"https:\/\/www.autonvaraosahaku.fi\/index.php?rest_route=%2Fwp%2Fv2%2Fproduct_cat&post=26612"},{"taxonomy":"product_tag","embeddable":true,"href":"https:\/\/www.autonvaraosahaku.fi\/index.php?rest_route=%2Fwp%2Fv2%2Fproduct_tag&post=26612"}],"curies":[{"name":"wp","href":"https:\/\/api.w.org\/{rel}","templated":true}]}}