{"id":26630,"date":"2021-02-21T15:02:17","date_gmt":"2021-02-21T15:02:17","guid":{"rendered":"https:\/\/www.autonvaraosahaku.fi\/?product=valeo-587534-polttoainesuodatin"},"modified":"2021-02-21T15:02:19","modified_gmt":"2021-02-21T15:02:19","slug":"valeo-587534-polttoainesuodatin","status":"publish","type":"product","link":"https:\/\/www.autonvaraosahaku.fi\/?product=valeo-587534-polttoainesuodatin","title":{"rendered":"VALEO 587534 Polttoainesuodatin"},"content":{"rendered":"<p>Ulkol\u00e4pimitta [mm]: 155; Ulkol\u00e4pimitta 1 [mm]: 132; Kierre sis\u00e4\u00e4ntulo: 10; Kierre ulostulo: 10; Sis\u00e4\u00e4ntulol\u00e4pimitta [mm]: 10; Ulostulon l\u00e4pimitta [mm]: 10; Korkeus (mm): 130; Suodatintyyppi: Letkusuodatin; Paino [kg]: 0,48; Valmistusvuosi alkaen: 10\/2005; MAZDA: 2 DE; TOYOTA: AYGO WNB1_, KGB1_; FORD: FIESTA V JH_, JD_,FIESTA VI,FUSION JU_,FIESTA V Van; CITRO\u00cbN: C2 JM_,C3 I FC_,C3 II,XSARA N1,C3 Pluriel HB_,XSARA Break N2,XSARA Coupe N0,NEMO Kasten AA_,NEMO Kombi,C2 ENTERPRISE; PEUGEOT: 206 Schr\u00e4gheck 2A\/C,207 WA_, WC_,206 SW 2E\/K,206+ T3E,1007 KM_,206 Stufenheck,BIPPER AA_,BIPPER Tepee,206 Van,207 Van; 190168, 190170, 190173, 190175, 190184, 190185, 1148119, 1334772, 1383736, 1575032, Y40120490A, Y40120490B, Y40120490C, Y40220490, Y40520490, Y40520490A, 190168, 190173, 190175, 190182, 190184, SU00100696, SU00100775, SU00100794<\/p>\n","protected":false},"excerpt":{"rendered":"<p>VALEO Polttoainesuodatin 587534  MAZDA,TOYOTA,FORD,2 DE,AYGO WNB1_, KGB1_,FIESTA V JH_, JD_,FIESTA VI,FUSION JU_,FIESTA V Van,C2 JM_,C3 I FC_,C3 II<\/p>\n","protected":false},"featured_media":0,"template":"","meta":{"site-sidebar-layout":"default","site-content-layout":"default","ast-global-header-display":"","ast-main-header-display":"","ast-hfb-above-header-display":"","ast-hfb-below-header-display":"","ast-hfb-mobile-header-display":"","site-post-title":"","ast-breadcrumbs-content":"","ast-featured-img":"","footer-sml-layout":"","theme-transparent-header-meta":"","adv-header-id-meta":"","stick-header-meta":"","header-above-stick-meta":"","header-main-stick-meta":"","header-below-stick-meta":""},"pwb-brand":[28],"product_cat":[29],"product_tag":[],"class_list":{"0":"post-26630","1":"product","2":"type-product","3":"status-publish","5":"pwb-brand-valeo","6":"product_cat-polttoainesuodatin","7":"desktop-align-left","8":"tablet-align-left","9":"mobile-align-left","11":"first","12":"instock","13":"product-type-external"},"brands":[{"id":28,"name":"VALEO","slug":"valeo"}],"_links":{"self":[{"href":"https:\/\/www.autonvaraosahaku.fi\/index.php?rest_route=\/wp\/v2\/product\/26630","targetHints":{"allow":["GET"]}}],"collection":[{"href":"https:\/\/www.autonvaraosahaku.fi\/index.php?rest_route=\/wp\/v2\/product"}],"about":[{"href":"https:\/\/www.autonvaraosahaku.fi\/index.php?rest_route=\/wp\/v2\/types\/product"}],"wp:attachment":[{"href":"https:\/\/www.autonvaraosahaku.fi\/index.php?rest_route=%2Fwp%2Fv2%2Fmedia&parent=26630"}],"wp:term":[{"taxonomy":"pwb-brand","embeddable":true,"href":"https:\/\/www.autonvaraosahaku.fi\/index.php?rest_route=%2Fwp%2Fv2%2Fpwb-brand&post=26630"},{"taxonomy":"product_cat","embeddable":true,"href":"https:\/\/www.autonvaraosahaku.fi\/index.php?rest_route=%2Fwp%2Fv2%2Fproduct_cat&post=26630"},{"taxonomy":"product_tag","embeddable":true,"href":"https:\/\/www.autonvaraosahaku.fi\/index.php?rest_route=%2Fwp%2Fv2%2Fproduct_tag&post=26630"}],"curies":[{"name":"wp","href":"https:\/\/api.w.org\/{rel}","templated":true}]}}