{"id":26632,"date":"2021-02-21T15:02:17","date_gmt":"2021-02-21T15:02:17","guid":{"rendered":"https:\/\/www.autonvaraosahaku.fi\/?product=dt-9-01054-kierretulppa"},"modified":"2021-02-21T15:02:19","modified_gmt":"2021-02-21T15:02:19","slug":"dt-9-01054-kierretulppa","status":"publish","type":"product","link":"https:\/\/www.autonvaraosahaku.fi\/?product=dt-9-01054-kierretulppa","title":{"rendered":"DT 9.01054 Kierretulppa"},"content":{"rendered":"<p>Muoto: A-muoto; Materiaali: Kupari; Paino [g]: 1; Sis\u00e4l\u00e4pimitta [mm]: 16; Ulkol\u00e4pimitta [mm]: 20; Paksuus [mm]: 1,5; Tunnusluku: CU; MERCEDES-BENZ: ACTROS MP4 \/ MP5,ANTOS,AROCS,ATEGO 3,ECONIC 2,UNIMOG; VOLVO: 240 Kombi P245,240 P242, P244,760 704, 764,960 Kombi 965,760 Kombi 704, 765,960 964,260 P262, P264,260 Coupe P262,260 Kombi P265,780; SETRA: Series 400,Series 500; 60572822, N0138442, 07119963253, 5104626AA, 0119130, 0322364, 119130, 194399, 305378, 322364, 00746214, 16508260, 60572822, 90428RWCA00, 16508260, 06561900708, 007603016105, 007603016401, 681195, 0003008066, 0855150600, 0948394080, 7400947622, 7701006444, 0003008066, 0855150600, 0948394080, 7400947622, 7701006444, N0138442, N0138442, 119964, 20549894, 947622, N0138442; Tiiviste, \u00d6ljynlaskutulppa<\/p>\n","protected":false},"excerpt":{"rendered":"<p>DT \u00d6ljytulpan Tiiviste 9.01054 Tiiviste, \u00d6ljynlaskutulppa MERCEDES-BENZ,VOLVO,SETRA,ACTROS MP4 \/ MP5,ANTOS,AROCS,ATEGO 3,ECONIC 2,UNIMOG<\/p>\n","protected":false},"featured_media":0,"template":"","meta":{"site-sidebar-layout":"default","site-content-layout":"default","ast-global-header-display":"","ast-main-header-display":"","ast-hfb-above-header-display":"","ast-hfb-below-header-display":"","ast-hfb-mobile-header-display":"","site-post-title":"","ast-breadcrumbs-content":"","ast-featured-img":"","footer-sml-layout":"","theme-transparent-header-meta":"","adv-header-id-meta":"","stick-header-meta":"","header-above-stick-meta":"","header-main-stick-meta":"","header-below-stick-meta":""},"pwb-brand":[75],"product_cat":[40],"product_tag":[],"class_list":{"0":"post-26632","1":"product","2":"type-product","3":"status-publish","5":"pwb-brand-dt","6":"product_cat-kierretulppa","7":"desktop-align-left","8":"tablet-align-left","9":"mobile-align-left","11":"first","12":"instock","13":"product-type-external"},"brands":[{"id":75,"name":"DT","slug":"dt"}],"_links":{"self":[{"href":"https:\/\/www.autonvaraosahaku.fi\/index.php?rest_route=\/wp\/v2\/product\/26632","targetHints":{"allow":["GET"]}}],"collection":[{"href":"https:\/\/www.autonvaraosahaku.fi\/index.php?rest_route=\/wp\/v2\/product"}],"about":[{"href":"https:\/\/www.autonvaraosahaku.fi\/index.php?rest_route=\/wp\/v2\/types\/product"}],"wp:attachment":[{"href":"https:\/\/www.autonvaraosahaku.fi\/index.php?rest_route=%2Fwp%2Fv2%2Fmedia&parent=26632"}],"wp:term":[{"taxonomy":"pwb-brand","embeddable":true,"href":"https:\/\/www.autonvaraosahaku.fi\/index.php?rest_route=%2Fwp%2Fv2%2Fpwb-brand&post=26632"},{"taxonomy":"product_cat","embeddable":true,"href":"https:\/\/www.autonvaraosahaku.fi\/index.php?rest_route=%2Fwp%2Fv2%2Fproduct_cat&post=26632"},{"taxonomy":"product_tag","embeddable":true,"href":"https:\/\/www.autonvaraosahaku.fi\/index.php?rest_route=%2Fwp%2Fv2%2Fproduct_tag&post=26632"}],"curies":[{"name":"wp","href":"https:\/\/api.w.org\/{rel}","templated":true}]}}